{"id":16894,"date":"2025-05-26T14:44:37","date_gmt":"2025-05-26T14:44:37","guid":{"rendered":"https:\/\/clemta.com\/?page_id=16894"},"modified":"2025-06-03T08:28:49","modified_gmt":"2025-06-03T08:28:49","slug":"clemta-is-bankasi-webinar","status":"publish","type":"page","link":"https:\/\/clemta.com\/tr\/clemta-is-bankasi-webinar\/","title":{"rendered":"Clemta x \u0130\u015f Bankas\u0131 Webinar"},"content":{"rendered":"\t\t<div data-elementor-type=\"wp-page\" data-elementor-id=\"16894\" class=\"elementor elementor-16894\" data-elementor-post-type=\"page\">\n\t\t\t\t<div class=\"elementor-element elementor-element-7d83c1a e-flex e-con-boxed e-con e-parent\" data-id=\"7d83c1a\" data-element_type=\"container\" data-settings=\"{&quot;jet_parallax_layout_list&quot;:[],&quot;background_background&quot;:&quot;classic&quot;}\">\n\t\t\t\t\t<div class=\"e-con-inner\">\n\t\t<div class=\"elementor-element elementor-element-7cbbc3c e-con-full e-flex e-con e-child\" data-id=\"7cbbc3c\" data-element_type=\"container\" data-settings=\"{&quot;jet_parallax_layout_list&quot;:[]}\">\n\t\t\t\t<div class=\"elementor-element elementor-element-8a923da elementor-widget elementor-widget-image\" data-id=\"8a923da\" data-element_type=\"widget\" data-widget_type=\"image.default\">\n\t\t\t\t<div class=\"elementor-widget-container\">\n\t\t\t\t\t\t\t\t\t\t\t\t\t\t\t<img fetchpriority=\"high\" decoding=\"async\" width=\"800\" height=\"450\" src=\"https:\/\/clemta.com\/wp-content\/uploads\/2025\/06\/webinar-updated-1024x576.png\" class=\"attachment-large size-large wp-image-17041\" alt=\"\" srcset=\"https:\/\/clemta.com\/wp-content\/uploads\/2025\/06\/webinar-updated-1024x576.png 1024w, https:\/\/clemta.com\/wp-content\/uploads\/2025\/06\/webinar-updated-300x169.png 300w, https:\/\/clemta.com\/wp-content\/uploads\/2025\/06\/webinar-updated-768x432.png 768w, https:\/\/clemta.com\/wp-content\/uploads\/2025\/06\/webinar-updated-1536x864.png 1536w, https:\/\/clemta.com\/wp-content\/uploads\/2025\/06\/webinar-updated.png 1600w\" sizes=\"(max-width: 800px) 100vw, 800px\" \/>\t\t\t\t\t\t\t\t\t\t\t\t\t\t\t<\/div>\n\t\t\t\t<\/div>\n\t\t\t\t<div class=\"elementor-element elementor-element-2b95ede elementor-widget__width-initial elementor-widget elementor-widget-heading\" data-id=\"2b95ede\" data-element_type=\"widget\" data-widget_type=\"heading.default\">\n\t\t\t\t<div class=\"elementor-widget-container\">\n\t\t\t\t\t<h1 class=\"elementor-heading-title elementor-size-default\">ABD\u2019de \u015eirketle\u015fme ve Giri\u015fimcilik: Vergi, Y\u00fck\u00fcml\u00fcl\u00fckler ve T\u00fcrkiye ile Ayr\u0131\u015fan Y\u00f6nleri<\/h1>\t\t\t\t<\/div>\n\t\t\t\t<\/div>\n\t\t\t\t<div class=\"elementor-element elementor-element-b47f807 elementor-widget elementor-widget-text-editor\" data-id=\"b47f807\" data-element_type=\"widget\" data-widget_type=\"text-editor.default\">\n\t\t\t\t<div class=\"elementor-widget-container\">\n\t\t\t\t\t\t\t\t\t<p>Amerika\u2019da \u015firket kurmak isteyen giri\u015fimciler i\u00e7in yasal kurulum, banka hesab\u0131 a\u00e7\u0131l\u0131\u015f\u0131, vergi ve muhasebe s\u00fcre\u00e7leri, operasyonel haz\u0131rl\u0131klar ve ilk sat\u0131\u015fa giden yolda dikkat edilmesi gereken t\u00fcm detaylar\u0131n ele al\u0131naca\u011f\u0131 kapsaml\u0131 bir etkinlik sizi bekliyor.<\/p><p>ABD pazar\u0131nda i\u015f kurmay\u0131 hedefleyen giri\u015fimciler i\u00e7in ad\u0131m ad\u0131m rehber niteli\u011findeki bu online bulu\u015fmada, sorular\u0131n\u0131za yan\u0131t bulabilir, s\u00fcreci uzman\u0131ndan dinleyebilirsiniz.<\/p><p>Etkinli\u011fe kat\u0131lmak i\u00e7in formu doldurarak yerinizi ay\u0131rtmay\u0131 unutmay\u0131n.<\/p><p><strong>\ud83d\udcc5 19 Haziran 2025, Per\u015fembe<\/strong><br \/><strong>\u23f0 16.00<\/strong><br \/><strong>\ud83d\udde3\ufe0f M. \u0130layda \u015eencan, CEO | Clemta<br \/>\ud83d\udde3\ufe0f Sinem Okutan, Giri\u015fimcilik Birimi M\u00fcd\u00fcr Yard\u0131mc\u0131s\u0131 | \u0130\u015f Bankas\u0131<\/strong><\/p><p>Neden ve nas\u0131l sorular\u0131na \u0131\u015f\u0131k tutaca\u011f\u0131m\u0131z bu sunumda;<\/p><p>\u2022 Neden Amerika\u2019da \u015firketle\u015fme tercih ediliyor?<br \/>\u2022 Hangi eyalet ve \u015firket yap\u0131s\u0131 size daha uygun?<br \/>\u2022 Kurulu\u015f sonras\u0131 hangi ad\u0131mlar\u0131 atmal\u0131s\u0131n\u0131z?<br \/>\u2022 Vergilendirme s\u00fcre\u00e7leri nas\u0131l i\u015fliyor?<br \/>\u2022 Muhasebe nas\u0131l d\u00fczenli ve do\u011fru \u015fekilde y\u00fcr\u00fct\u00fcl\u00fcr?<br \/>\u2022 En s\u0131k yap\u0131lan hatalar neler ve bunlardan nas\u0131l ka\u00e7\u0131n\u0131l\u0131r?<\/p><p>ba\u015fl\u0131klar\u0131 \u00fczerinden ilerleyecek, \u00f6rnekler ve ipu\u00e7lar\u0131yla s\u00fcreci sade ve anla\u015f\u0131l\u0131r bir \u015fekilde ele alaca\u011f\u0131z.<\/p><p>Sunumun ard\u0131ndan, merak ettiklerinizi do\u011frudan yan\u0131tlayaca\u011f\u0131m\u0131z interaktif bir soru-cevap b\u00f6l\u00fcm\u00fcm\u00fcz olacak. Sorular\u0131n\u0131z\u0131 payla\u015fabilir, kendi yolculu\u011funuzla ilgili birebir rehberlik alabilirsiniz.<\/p>\t\t\t\t\t\t\t\t<\/div>\n\t\t\t\t<\/div>\n\t\t\t\t<\/div>\n\t\t<div class=\"jet-sticky-column elementor-element elementor-element-4182023 e-con-full e-flex e-con e-child\" data-jet-settings=\"{&quot;id&quot;:&quot;4182023&quot;,&quot;sticky&quot;:true,&quot;topSpacing&quot;:50,&quot;bottomSpacing&quot;:50,&quot;stickyOn&quot;:[&quot;desktop&quot;,&quot;tablet&quot;],&quot;behavior&quot;:&quot;default&quot;,&quot;zIndex&quot;:1100}\" data-id=\"4182023\" data-element_type=\"container\" data-settings=\"{&quot;jet_parallax_layout_list&quot;:[]}\">\n\t\t\t\t<div class=\"elementor-element elementor-element-9f2281b elementor-widget elementor-widget-html\" data-id=\"9f2281b\" data-element_type=\"widget\" data-widget_type=\"html.default\">\n\t\t\t\t<div class=\"elementor-widget-container\">\n\t\t\t\t\t<div data-tf-live=\"01JW6GNJK4CE37B9JS2VFR8XA6\"><\/div><script src=\"\/\/embed.typeform.com\/next\/embed.js\"><\/script>\t\t\t\t<\/div>\n\t\t\t\t<\/div>\n\t\t\t\t<div class=\"elementor-element elementor-element-b9cfd31 elementor-widget elementor-widget-text-editor\" data-id=\"b9cfd31\" data-element_type=\"widget\" data-widget_type=\"text-editor.default\">\n\t\t\t\t<div class=\"elementor-widget-container\">\n\t\t\t\t\t\t\t\t\t\u0130leti\u015fim aboneli\u011finizi istedi\u011finiz zaman iptal edebilirsiniz. Detaylar i\u00e7in <a href=\"https:\/\/clemta.com\/privacy-policy\/\">Gizlilik Politikam\u0131z\u0131<\/a> inceleyin.\t\t\t\t\t\t\t\t<\/div>\n\t\t\t\t<\/div>\n\t\t\t\t<\/div>\n\t\t\t\t\t<\/div>\n\t\t\t\t<\/div>\n\t\t\t\t<\/div>\n\t\t","protected":false},"excerpt":{"rendered":"<p>ABD\u2019de \u015eirketle\u015fme ve Giri\u015fimcilik: Vergi, Y\u00fck\u00fcml\u00fcl\u00fckler ve T\u00fcrkiye ile Ayr\u0131\u015fan Y\u00f6nleri Amerika\u2019da \u015firket kurmak isteyen giri\u015fimciler i\u00e7in yasal kurulum, banka hesab\u0131 a\u00e7\u0131l\u0131\u015f\u0131, vergi ve muhasebe s\u00fcre\u00e7leri, operasyonel haz\u0131rl\u0131klar ve ilk sat\u0131\u015fa giden yolda dikkat edilmesi gereken t\u00fcm detaylar\u0131n ele al\u0131naca\u011f\u0131 kapsaml\u0131 bir etkinlik sizi bekliyor. ABD pazar\u0131nda i\u015f kurmay\u0131 hedefleyen giri\u015fimciler i\u00e7in ad\u0131m ad\u0131m rehber [&hellip;]<\/p>\n","protected":false},"author":2,"featured_media":0,"parent":0,"menu_order":0,"comment_status":"closed","ping_status":"closed","template":"elementor_canvas","meta":{"footnotes":""},"class_list":["post-16894","page","type-page","status-publish","hentry"],"yoast_head":"<!-- This site is optimized with the Yoast SEO plugin v25.9 - https:\/\/yoast.com\/wordpress\/plugins\/seo\/ -->\n<title>Clemta x \u0130\u015f Bankas\u0131 Webinar - Clemta<\/title>\n<meta name=\"robots\" content=\"index, follow, max-snippet:-1, max-image-preview:large, max-video-preview:-1\" \/>\n<link rel=\"canonical\" href=\"https:\/\/clemta.com\/tr\/clemta-is-bankasi-webinar\/\" \/>\n<meta property=\"og:locale\" content=\"tr_TR\" \/>\n<meta property=\"og:type\" content=\"article\" \/>\n<meta property=\"og:title\" content=\"Clemta x \u0130\u015f Bankas\u0131 Webinar - Clemta\" \/>\n<meta property=\"og:description\" content=\"ABD\u2019de \u015eirketle\u015fme ve Giri\u015fimcilik: Vergi, Y\u00fck\u00fcml\u00fcl\u00fckler ve T\u00fcrkiye ile Ayr\u0131\u015fan Y\u00f6nleri Amerika\u2019da \u015firket kurmak isteyen giri\u015fimciler i\u00e7in yasal kurulum, banka hesab\u0131 a\u00e7\u0131l\u0131\u015f\u0131, vergi ve muhasebe s\u00fcre\u00e7leri, operasyonel haz\u0131rl\u0131klar ve ilk sat\u0131\u015fa giden yolda dikkat edilmesi gereken t\u00fcm detaylar\u0131n ele al\u0131naca\u011f\u0131 kapsaml\u0131 bir etkinlik sizi bekliyor. ABD pazar\u0131nda i\u015f kurmay\u0131 hedefleyen giri\u015fimciler i\u00e7in ad\u0131m ad\u0131m rehber [&hellip;]\" \/>\n<meta property=\"og:url\" content=\"https:\/\/clemta.com\/tr\/clemta-is-bankasi-webinar\/\" \/>\n<meta property=\"og:site_name\" content=\"Clemta\" \/>\n<meta property=\"article:publisher\" content=\"https:\/\/facebook.com\/clemtainc\" \/>\n<meta property=\"article:modified_time\" content=\"2025-06-03T08:28:49+00:00\" \/>\n<meta property=\"og:image\" content=\"https:\/\/clemta.com\/wp-content\/uploads\/2025\/06\/webinar-updated.png\" \/>\n\t<meta property=\"og:image:width\" content=\"1600\" \/>\n\t<meta property=\"og:image:height\" content=\"900\" \/>\n\t<meta property=\"og:image:type\" content=\"image\/png\" \/>\n<meta name=\"twitter:card\" content=\"summary_large_image\" \/>\n<meta name=\"twitter:site\" content=\"@clemta_us\" \/>\n<meta name=\"twitter:label1\" content=\"Tahmini okuma s\u00fcresi\" \/>\n\t<meta name=\"twitter:data1\" content=\"2 dakika\" \/>\n<script type=\"application\/ld+json\" class=\"yoast-schema-graph\">{\"@context\":\"https:\/\/schema.org\",\"@graph\":[{\"@type\":\"WebPage\",\"@id\":\"https:\/\/clemta.com\/tr\/clemta-is-bankasi-webinar\/\",\"url\":\"https:\/\/clemta.com\/tr\/clemta-is-bankasi-webinar\/\",\"name\":\"Clemta x \u0130\u015f Bankas\u0131 Webinar - Clemta\",\"isPartOf\":{\"@id\":\"https:\/\/clemta.com\/tr\/#website\"},\"primaryImageOfPage\":{\"@id\":\"https:\/\/clemta.com\/tr\/clemta-is-bankasi-webinar\/#primaryimage\"},\"image\":{\"@id\":\"https:\/\/clemta.com\/tr\/clemta-is-bankasi-webinar\/#primaryimage\"},\"thumbnailUrl\":\"https:\/\/clemta.com\/wp-content\/uploads\/2025\/06\/webinar-updated-1024x576.png\",\"datePublished\":\"2025-05-26T14:44:37+00:00\",\"dateModified\":\"2025-06-03T08:28:49+00:00\",\"breadcrumb\":{\"@id\":\"https:\/\/clemta.com\/tr\/clemta-is-bankasi-webinar\/#breadcrumb\"},\"inLanguage\":\"tr\",\"potentialAction\":[{\"@type\":\"ReadAction\",\"target\":[\"https:\/\/clemta.com\/tr\/clemta-is-bankasi-webinar\/\"]}]},{\"@type\":\"ImageObject\",\"inLanguage\":\"tr\",\"@id\":\"https:\/\/clemta.com\/tr\/clemta-is-bankasi-webinar\/#primaryimage\",\"url\":\"https:\/\/clemta.com\/wp-content\/uploads\/2025\/06\/webinar-updated-1024x576.png\",\"contentUrl\":\"https:\/\/clemta.com\/wp-content\/uploads\/2025\/06\/webinar-updated-1024x576.png\"},{\"@type\":\"BreadcrumbList\",\"@id\":\"https:\/\/clemta.com\/tr\/clemta-is-bankasi-webinar\/#breadcrumb\",\"itemListElement\":[{\"@type\":\"ListItem\",\"position\":1,\"name\":\"Home\",\"item\":\"https:\/\/clemta.com\/tr\/\"},{\"@type\":\"ListItem\",\"position\":2,\"name\":\"Clemta x \u0130\u015f Bankas\u0131 Webinar\"}]},{\"@type\":\"WebSite\",\"@id\":\"https:\/\/clemta.com\/tr\/#website\",\"url\":\"https:\/\/clemta.com\/tr\/\",\"name\":\"Clemta\",\"description\":\"\",\"publisher\":{\"@id\":\"https:\/\/clemta.com\/tr\/#organization\"},\"potentialAction\":[{\"@type\":\"SearchAction\",\"target\":{\"@type\":\"EntryPoint\",\"urlTemplate\":\"https:\/\/clemta.com\/tr\/?s={search_term_string}\"},\"query-input\":{\"@type\":\"PropertyValueSpecification\",\"valueRequired\":true,\"valueName\":\"search_term_string\"}}],\"inLanguage\":\"tr\"},{\"@type\":\"Organization\",\"@id\":\"https:\/\/clemta.com\/tr\/#organization\",\"name\":\"Clemta\",\"url\":\"https:\/\/clemta.com\/tr\/\",\"logo\":{\"@type\":\"ImageObject\",\"inLanguage\":\"tr\",\"@id\":\"https:\/\/clemta.com\/tr\/#\/schema\/logo\/image\/\",\"url\":\"https:\/\/clemta.com\/wp-content\/uploads\/2023\/03\/logo-clemta-com.png\",\"contentUrl\":\"https:\/\/clemta.com\/wp-content\/uploads\/2023\/03\/logo-clemta-com.png\",\"width\":1920,\"height\":456,\"caption\":\"Clemta\"},\"image\":{\"@id\":\"https:\/\/clemta.com\/tr\/#\/schema\/logo\/image\/\"},\"sameAs\":[\"https:\/\/facebook.com\/clemtainc\",\"https:\/\/x.com\/clemta_us\",\"https:\/\/www.instagram.com\/clemta_us\/\",\"https:\/\/www.linkedin.com\/company\/clemta-support\"]}]}<\/script>\n<!-- \/ Yoast SEO plugin. -->","yoast_head_json":{"title":"Clemta x \u0130\u015f Bankas\u0131 Webinar - Clemta","robots":{"index":"index","follow":"follow","max-snippet":"max-snippet:-1","max-image-preview":"max-image-preview:large","max-video-preview":"max-video-preview:-1"},"canonical":"https:\/\/clemta.com\/tr\/clemta-is-bankasi-webinar\/","og_locale":"tr_TR","og_type":"article","og_title":"Clemta x \u0130\u015f Bankas\u0131 Webinar - Clemta","og_description":"ABD\u2019de \u015eirketle\u015fme ve Giri\u015fimcilik: Vergi, Y\u00fck\u00fcml\u00fcl\u00fckler ve T\u00fcrkiye ile Ayr\u0131\u015fan Y\u00f6nleri Amerika\u2019da \u015firket kurmak isteyen giri\u015fimciler i\u00e7in yasal kurulum, banka hesab\u0131 a\u00e7\u0131l\u0131\u015f\u0131, vergi ve muhasebe s\u00fcre\u00e7leri, operasyonel haz\u0131rl\u0131klar ve ilk sat\u0131\u015fa giden yolda dikkat edilmesi gereken t\u00fcm detaylar\u0131n ele al\u0131naca\u011f\u0131 kapsaml\u0131 bir etkinlik sizi bekliyor. ABD pazar\u0131nda i\u015f kurmay\u0131 hedefleyen giri\u015fimciler i\u00e7in ad\u0131m ad\u0131m rehber [&hellip;]","og_url":"https:\/\/clemta.com\/tr\/clemta-is-bankasi-webinar\/","og_site_name":"Clemta","article_publisher":"https:\/\/facebook.com\/clemtainc","article_modified_time":"2025-06-03T08:28:49+00:00","og_image":[{"width":1600,"height":900,"url":"https:\/\/clemta.com\/wp-content\/uploads\/2025\/06\/webinar-updated.png","type":"image\/png"}],"twitter_card":"summary_large_image","twitter_site":"@clemta_us","twitter_misc":{"Tahmini okuma s\u00fcresi":"2 dakika"},"schema":{"@context":"https:\/\/schema.org","@graph":[{"@type":"WebPage","@id":"https:\/\/clemta.com\/tr\/clemta-is-bankasi-webinar\/","url":"https:\/\/clemta.com\/tr\/clemta-is-bankasi-webinar\/","name":"Clemta x \u0130\u015f Bankas\u0131 Webinar - Clemta","isPartOf":{"@id":"https:\/\/clemta.com\/tr\/#website"},"primaryImageOfPage":{"@id":"https:\/\/clemta.com\/tr\/clemta-is-bankasi-webinar\/#primaryimage"},"image":{"@id":"https:\/\/clemta.com\/tr\/clemta-is-bankasi-webinar\/#primaryimage"},"thumbnailUrl":"https:\/\/clemta.com\/wp-content\/uploads\/2025\/06\/webinar-updated-1024x576.png","datePublished":"2025-05-26T14:44:37+00:00","dateModified":"2025-06-03T08:28:49+00:00","breadcrumb":{"@id":"https:\/\/clemta.com\/tr\/clemta-is-bankasi-webinar\/#breadcrumb"},"inLanguage":"tr","potentialAction":[{"@type":"ReadAction","target":["https:\/\/clemta.com\/tr\/clemta-is-bankasi-webinar\/"]}]},{"@type":"ImageObject","inLanguage":"tr","@id":"https:\/\/clemta.com\/tr\/clemta-is-bankasi-webinar\/#primaryimage","url":"https:\/\/clemta.com\/wp-content\/uploads\/2025\/06\/webinar-updated-1024x576.png","contentUrl":"https:\/\/clemta.com\/wp-content\/uploads\/2025\/06\/webinar-updated-1024x576.png"},{"@type":"BreadcrumbList","@id":"https:\/\/clemta.com\/tr\/clemta-is-bankasi-webinar\/#breadcrumb","itemListElement":[{"@type":"ListItem","position":1,"name":"Home","item":"https:\/\/clemta.com\/tr\/"},{"@type":"ListItem","position":2,"name":"Clemta x \u0130\u015f Bankas\u0131 Webinar"}]},{"@type":"WebSite","@id":"https:\/\/clemta.com\/tr\/#website","url":"https:\/\/clemta.com\/tr\/","name":"Clemta","description":"","publisher":{"@id":"https:\/\/clemta.com\/tr\/#organization"},"potentialAction":[{"@type":"SearchAction","target":{"@type":"EntryPoint","urlTemplate":"https:\/\/clemta.com\/tr\/?s={search_term_string}"},"query-input":{"@type":"PropertyValueSpecification","valueRequired":true,"valueName":"search_term_string"}}],"inLanguage":"tr"},{"@type":"Organization","@id":"https:\/\/clemta.com\/tr\/#organization","name":"Clemta","url":"https:\/\/clemta.com\/tr\/","logo":{"@type":"ImageObject","inLanguage":"tr","@id":"https:\/\/clemta.com\/tr\/#\/schema\/logo\/image\/","url":"https:\/\/clemta.com\/wp-content\/uploads\/2023\/03\/logo-clemta-com.png","contentUrl":"https:\/\/clemta.com\/wp-content\/uploads\/2023\/03\/logo-clemta-com.png","width":1920,"height":456,"caption":"Clemta"},"image":{"@id":"https:\/\/clemta.com\/tr\/#\/schema\/logo\/image\/"},"sameAs":["https:\/\/facebook.com\/clemtainc","https:\/\/x.com\/clemta_us","https:\/\/www.instagram.com\/clemta_us\/","https:\/\/www.linkedin.com\/company\/clemta-support"]}]}},"_links":{"self":[{"href":"https:\/\/clemta.com\/tr\/wp-json\/wp\/v2\/pages\/16894","targetHints":{"allow":["GET"]}}],"collection":[{"href":"https:\/\/clemta.com\/tr\/wp-json\/wp\/v2\/pages"}],"about":[{"href":"https:\/\/clemta.com\/tr\/wp-json\/wp\/v2\/types\/page"}],"author":[{"embeddable":true,"href":"https:\/\/clemta.com\/tr\/wp-json\/wp\/v2\/users\/2"}],"replies":[{"embeddable":true,"href":"https:\/\/clemta.com\/tr\/wp-json\/wp\/v2\/comments?post=16894"}],"version-history":[{"count":0,"href":"https:\/\/clemta.com\/tr\/wp-json\/wp\/v2\/pages\/16894\/revisions"}],"wp:attachment":[{"href":"https:\/\/clemta.com\/tr\/wp-json\/wp\/v2\/media?parent=16894"}],"curies":[{"name":"wp","href":"https:\/\/api.w.org\/{rel}","templated":true}]}}