{"id":18598,"date":"2025-09-26T10:36:51","date_gmt":"2025-09-26T10:36:51","guid":{"rendered":"https:\/\/clemta.com\/?page_id=18598"},"modified":"2025-10-02T14:49:46","modified_gmt":"2025-10-02T14:49:46","slug":"clemta-konak-akademi-webinar","status":"publish","type":"page","link":"https:\/\/clemta.com\/tr\/clemta-konak-akademi-webinar\/","title":{"rendered":"Clemta x Konak Akademi Webinar"},"content":{"rendered":"\t\t<div data-elementor-type=\"wp-page\" data-elementor-id=\"18598\" class=\"elementor elementor-18598\" data-elementor-post-type=\"page\">\n\t\t\t\t<div class=\"elementor-element elementor-element-7d83c1a e-flex e-con-boxed e-con e-parent\" data-id=\"7d83c1a\" data-element_type=\"container\" data-settings=\"{&quot;jet_parallax_layout_list&quot;:[],&quot;background_background&quot;:&quot;classic&quot;}\">\n\t\t\t\t\t<div class=\"e-con-inner\">\n\t\t<div class=\"elementor-element elementor-element-7cbbc3c e-con-full e-flex e-con e-child\" data-id=\"7cbbc3c\" data-element_type=\"container\" data-settings=\"{&quot;jet_parallax_layout_list&quot;:[]}\">\n\t\t\t\t<div class=\"elementor-element elementor-element-8a923da elementor-widget elementor-widget-image\" data-id=\"8a923da\" data-element_type=\"widget\" data-widget_type=\"image.default\">\n\t\t\t\t<div class=\"elementor-widget-container\">\n\t\t\t\t\t\t\t\t\t\t\t\t\t\t\t<img fetchpriority=\"high\" decoding=\"async\" width=\"800\" height=\"450\" src=\"https:\/\/clemta.com\/wp-content\/uploads\/2025\/10\/webinar-konak-akademi-1024x576.png\" class=\"attachment-large size-large wp-image-18651\" alt=\"\" srcset=\"https:\/\/clemta.com\/wp-content\/uploads\/2025\/10\/webinar-konak-akademi-1024x576.png 1024w, https:\/\/clemta.com\/wp-content\/uploads\/2025\/10\/webinar-konak-akademi-300x169.png 300w, https:\/\/clemta.com\/wp-content\/uploads\/2025\/10\/webinar-konak-akademi-768x432.png 768w, https:\/\/clemta.com\/wp-content\/uploads\/2025\/10\/webinar-konak-akademi-1536x864.png 1536w, https:\/\/clemta.com\/wp-content\/uploads\/2025\/10\/webinar-konak-akademi-2048x1152.png 2048w\" sizes=\"(max-width: 800px) 100vw, 800px\" \/>\t\t\t\t\t\t\t\t\t\t\t\t\t\t\t<\/div>\n\t\t\t\t<\/div>\n\t\t\t\t<div class=\"elementor-element elementor-element-2b95ede elementor-widget__width-initial elementor-widget elementor-widget-heading\" data-id=\"2b95ede\" data-element_type=\"widget\" data-widget_type=\"heading.default\">\n\t\t\t\t<div class=\"elementor-widget-container\">\n\t\t\t\t\t<h1 class=\"elementor-heading-title elementor-size-default\">Etsy Giri\u015fimcileri i\u00e7in ABD\u2019de \u015eirketle\u015fme Ad\u0131mlar\u0131\n\n\n\n\n\n\n<\/h1>\t\t\t\t<\/div>\n\t\t\t\t<\/div>\n\t\t\t\t<div class=\"elementor-element elementor-element-b47f807 elementor-widget elementor-widget-text-editor\" data-id=\"b47f807\" data-element_type=\"widget\" data-widget_type=\"text-editor.default\">\n\t\t\t\t<div class=\"elementor-widget-container\">\n\t\t\t\t\t\t\t\t\t<p>Etsy\u2019de global sat\u0131\u015f hedefinizi bir \u00fcst seviyeye ta\u015f\u0131maya haz\u0131r m\u0131s\u0131n\u0131z?<\/p><p>Konak Akademi\u2019nin Etsy toplulu\u011fu i\u00e7in biriktirdi\u011fi de\u011ferli bilgiler, Clemta\u2019n\u0131n finansal ve hukuki uzmanl\u0131\u011f\u0131yla bu etkinlikte sizin i\u00e7in bulu\u015fuyor. Bu \u00f6zel etkinlikte ABD\u2019de \u015firket kurmaktan banka hesab\u0131 a\u00e7maya, vergi y\u00fck\u00fcml\u00fcl\u00fcklerinden \u00f6deme altyap\u0131lar\u0131na kadar t\u00fcm kritik ad\u0131mlar\u0131 \u00f6\u011frenebilirsiniz.<\/p><p>T\u00fcrkiye\u2019den sat\u0131\u015f yapan bir\u00e7ok Etsy giri\u015fimcisinin kar\u015f\u0131la\u015ft\u0131\u011f\u0131 sorunlar; Stripe hesab\u0131 a\u00e7ma, uluslararas\u0131 \u00f6demeler ve ABD vergi d\u00fczenlemeleri, tek bir sunumda \u00e7\u00f6z\u00fcme kavu\u015fuyor.<\/p><p><strong>\ud83d\uddd3\ufe0f11 Ekim 2025, Cumartesi<\/strong><br \/><strong>\u23f0 20:00<\/strong><br \/><strong>\ud83d\udde3\ufe0f M. \u0130layda \u015eencan, CEO | Clemta<br \/>\ud83d\udde3\ufe0f Ahmet Konak,\u00a0 Kurucu | Konak Akademi<\/strong><\/p><div id=\"D05KDHP2AF7-1758880841.047609-thread-list-huddle_threads_1758883049.658889\" class=\"c-virtual_list__item\" tabindex=\"0\" role=\"listitem\" aria-label=\"\u00d6zg\u00fcr. In @\u00d6zg\u00fcr. Bu sunumda, Etsy giri\u015fimcilerinin en \u00e7ok merak etti\u011fi sorulara \u0131\u015f\u0131k tutaca\u011f\u0131z: \u2022 Neden ABD \u015eirketi? Etsy Payments ve Stripe eri\u015fimi i\u00e7in \u015firketle\u015fmenin rol\u00fc \u2022 Do\u011fru Yap\u0131 Hangisi? LLC mi, C-Corp mu? Avantajlar\u0131 ve farklar\u0131 \u2022 Kurulum Sonras\u0131 \u0130lk Ad\u0131mlar: EIN, banka hesab\u0131 ve operasyonel s\u00fcre\u00e7ler \u2022 Vergi Y\u00fck\u00fcml\u00fcl\u00fckleri: Sat\u0131\u015f ve gelir vergisi konusunda bilmeniz gerekenler \u2022 S\u0131k Hatalar: T\u00fcrkiye\u2019den sat\u0131\u015f yapan giri\u015fimcilerin en yayg\u0131n hatalar\u0131 ve \u00e7\u00f6z\u00fcmleri Sunumun ard\u0131ndan Ahmet Konak ve M. \u0130layda \u015eencan ile interaktif soru-cevap oturumumuz olacak. Global yolculu\u011funuzda yan\u0131n\u0131za alabilece\u011finiz en de\u011ferli bilgileri ka\u00e7\u0131rmay\u0131n. Etkinli\u011fe kat\u0131lmak i\u00e7in formu doldurarak yerinizi ay\u0131rtmay\u0131 unutmay\u0131n. Last message from today. At 13:37.\" aria-setsize=\"-1\" data-qa=\"virtual-list-item\" data-item-key=\"1758883049.658889\"><div class=\"c-message_kit__background c-message_kit__message c-message_kit__thread_message\" role=\"presentation\" data-qa=\"message_container\" data-qa-unprocessed=\"false\" data-qa-placeholder=\"false\"><div class=\"c-message_kit__hover\" role=\"document\" aria-roledescription=\"message\" data-qa-hover=\"true\"><div class=\"c-message_kit__actions c-message_kit__actions--default\"><div class=\"c-message_kit__gutter c-message_kit__gutter--compact\"><div class=\"c-message_kit__gutter__right\" role=\"presentation\" data-qa=\"message_content\"><div class=\"c-message_kit__indent\"><div class=\"c-message_kit__blocks c-message_kit__blocks--rich_text\"><div class=\"c-message__message_blocks c-message__message_blocks--rich_text\" data-qa=\"message-text\"><div class=\"p-block_kit_renderer\" data-qa=\"block-kit-renderer\"><div class=\"p-block_kit_renderer__block_wrapper p-block_kit_renderer__block_wrapper--first\"><div class=\"p-rich_text_block\" dir=\"auto\"><div class=\"p-rich_text_section\">Bu sunumda, Etsy giri\u015fimcilerinin en \u00e7ok merak etti\u011fi sorulara \u0131\u015f\u0131k tutaca\u011f\u0131z:<\/div><div>\u00a0<\/div><div class=\"p-rich_text_section\">\u2022 <b data-stringify-type=\"bold\">Neden ABD \u015eirketi?<\/b>\u00a0Stripe eri\u015fimi i\u00e7in \u015firketle\u015fmenin rol\u00fc<\/div><div class=\"p-rich_text_section\">\u2022 <b data-stringify-type=\"bold\">Do\u011fru Yap\u0131 Hangisi?<\/b> LLC mi, C-Corp mu? Avantajlar\u0131 ve farklar\u0131<\/div><div class=\"p-rich_text_section\">\u2022 <b data-stringify-type=\"bold\">Kurulum Sonras\u0131 \u0130lk Ad\u0131mlar:<\/b> EIN, banka hesab\u0131 ve operasyonel s\u00fcre\u00e7ler<\/div><div class=\"p-rich_text_section\">\u2022 <b data-stringify-type=\"bold\">Vergi Y\u00fck\u00fcml\u00fcl\u00fckleri:<\/b>\u00a0Sat\u0131\u015f ve gelir vergisi konusunda bilmeniz gerekenler<\/div><div class=\"p-rich_text_section\">\u2022 <b data-stringify-type=\"bold\">S\u0131k Yap\u0131lan Hatalar:<\/b>\u00a0T\u00fcrkiye\u2019den sat\u0131\u015f yapan giri\u015fimcilerin en yayg\u0131n hatalar\u0131 ve \u00e7\u00f6z\u00fcmleri<\/div><div>\u00a0<\/div><div class=\"p-rich_text_section\">Sunumun ard\u0131ndan Ahmet Konak ve M. \u0130layda \u015eencan ile interaktif soru-cevap oturumumuz olacak. Global yolculu\u011funuzda yan\u0131n\u0131za alabilece\u011finiz en de\u011ferli bilgileri ka\u00e7\u0131rmay\u0131n.<\/div><div>\u00a0<\/div><div class=\"p-rich_text_section\"><b data-stringify-type=\"bold\">Etkinli\u011fe kat\u0131lmak i\u00e7in formu doldurarak yerinizi ay\u0131rtmay\u0131 unutmay\u0131n.<\/b><\/div><\/div><\/div><\/div><\/div><\/div><\/div><\/div><\/div><div class=\"c-message_actions__container c-message__actions c-message__actions--offscreen\" role=\"group\"><div class=\"c-message_actions__group\" role=\"group\" aria-label=\"Message actions\" data-qa=\"message-actions\">\u00a0<\/div><\/div><\/div><\/div><\/div><\/div><div id=\"D05KDHP2AF7-1758880841.047609-thread-list-huddle_threads_input\" class=\"c-virtual_list__item\" tabindex=\"-1\" role=\"listitem\" aria-setsize=\"-1\" data-qa=\"virtual-list-item\" data-item-key=\"input\"><div class=\"p-threads_footer__input_container p-threads_footer__input_container--sticky_composer\" data-qa=\"reply_container\"><div>\u00a0<\/div><div class=\"p-threads_footer__input p-message_input_unstyled p-message_input_unstyled--attachments-visible p-message_input_unstyled--dark\" role=\"group\" aria-label=\"composer\"><div class=\"p-message_input__input_container_unstyled c-wysiwyg_container c-wysiwyg_container--theme_dark c-wysiwyg_container--with_footer c-wysiwyg_container--theme_dark_bordered c-wysiwyg_container--double_decker c-basic_container c-basic_container--size_medium\"><div class=\"c-basic_container__body\"><div class=\"c-wysiwyg_container__formatting\" role=\"toolbar\" aria-orientation=\"horizontal\" aria-label=\"Formatting\" data-qa=\"wysiwyg-container_formatting-enabled\"><div class=\"p-texty_sticky_formatting_bar\"><div><div class=\"p-composer__body p-composer__body--visible p-composer__body--unstyled\">\u00a0<\/div><\/div><\/div><\/div><\/div><\/div><\/div><\/div><\/div>\t\t\t\t\t\t\t\t<\/div>\n\t\t\t\t<\/div>\n\t\t\t\t<\/div>\n\t\t<div class=\"jet-sticky-column elementor-element elementor-element-4182023 e-con-full e-flex e-con e-child\" data-jet-settings=\"{&quot;id&quot;:&quot;4182023&quot;,&quot;sticky&quot;:true,&quot;topSpacing&quot;:50,&quot;bottomSpacing&quot;:50,&quot;stickyOn&quot;:[&quot;desktop&quot;,&quot;tablet&quot;],&quot;behavior&quot;:&quot;default&quot;,&quot;zIndex&quot;:1100}\" data-id=\"4182023\" data-element_type=\"container\" data-settings=\"{&quot;jet_parallax_layout_list&quot;:[]}\">\n\t\t\t\t<div class=\"elementor-element elementor-element-9f2281b elementor-widget elementor-widget-html\" data-id=\"9f2281b\" data-element_type=\"widget\" data-widget_type=\"html.default\">\n\t\t\t\t<div class=\"elementor-widget-container\">\n\t\t\t\t\t<div data-tf-live=\"01K62SP8NACXZZF5WR1RJGW8Q0\"><\/div><script src=\"\/\/embed.typeform.com\/next\/embed.js\"><\/script>\t\t\t\t<\/div>\n\t\t\t\t<\/div>\n\t\t\t\t<div class=\"elementor-element elementor-element-b9cfd31 elementor-widget elementor-widget-text-editor\" data-id=\"b9cfd31\" data-element_type=\"widget\" data-widget_type=\"text-editor.default\">\n\t\t\t\t<div class=\"elementor-widget-container\">\n\t\t\t\t\t\t\t\t\t\u0130leti\u015fim aboneli\u011finizi istedi\u011finiz zaman iptal edebilirsiniz. Detaylar i\u00e7in <a href=\"https:\/\/clemta.com\/privacy-policy\/\">Gizlilik Politikam\u0131z\u0131<\/a> inceleyin.\t\t\t\t\t\t\t\t<\/div>\n\t\t\t\t<\/div>\n\t\t\t\t<\/div>\n\t\t\t\t\t<\/div>\n\t\t\t\t<\/div>\n\t\t\t\t<\/div>\n\t\t","protected":false},"excerpt":{"rendered":"<p>Etsy Giri\u015fimcileri i\u00e7in ABD\u2019de \u015eirketle\u015fme Ad\u0131mlar\u0131 Etsy\u2019de global sat\u0131\u015f hedefinizi bir \u00fcst seviyeye ta\u015f\u0131maya haz\u0131r m\u0131s\u0131n\u0131z? Konak Akademi\u2019nin Etsy toplulu\u011fu i\u00e7in biriktirdi\u011fi de\u011ferli bilgiler, Clemta\u2019n\u0131n finansal ve hukuki uzmanl\u0131\u011f\u0131yla bu etkinlikte sizin i\u00e7in bulu\u015fuyor. Bu \u00f6zel etkinlikte ABD\u2019de \u015firket kurmaktan banka hesab\u0131 a\u00e7maya, vergi y\u00fck\u00fcml\u00fcl\u00fcklerinden \u00f6deme altyap\u0131lar\u0131na kadar t\u00fcm kritik ad\u0131mlar\u0131 \u00f6\u011frenebilirsiniz. T\u00fcrkiye\u2019den sat\u0131\u015f yapan [&hellip;]<\/p>\n","protected":false},"author":2,"featured_media":0,"parent":0,"menu_order":0,"comment_status":"closed","ping_status":"closed","template":"elementor_canvas","meta":{"footnotes":""},"class_list":["post-18598","page","type-page","status-publish","hentry"],"yoast_head":"<!-- This site is optimized with the Yoast SEO plugin v25.9 - https:\/\/yoast.com\/wordpress\/plugins\/seo\/ -->\n<title>Clemta x Konak Akademi Webinar - Clemta<\/title>\n<meta name=\"robots\" content=\"index, follow, max-snippet:-1, max-image-preview:large, max-video-preview:-1\" \/>\n<link rel=\"canonical\" href=\"https:\/\/clemta.com\/tr\/clemta-konak-akademi-webinar\/\" \/>\n<meta property=\"og:locale\" content=\"tr_TR\" \/>\n<meta property=\"og:type\" content=\"article\" \/>\n<meta property=\"og:title\" content=\"Clemta x Konak Akademi Webinar - Clemta\" \/>\n<meta property=\"og:description\" content=\"Etsy Giri\u015fimcileri i\u00e7in ABD\u2019de \u015eirketle\u015fme Ad\u0131mlar\u0131 Etsy\u2019de global sat\u0131\u015f hedefinizi bir \u00fcst seviyeye ta\u015f\u0131maya haz\u0131r m\u0131s\u0131n\u0131z? Konak Akademi\u2019nin Etsy toplulu\u011fu i\u00e7in biriktirdi\u011fi de\u011ferli bilgiler, Clemta\u2019n\u0131n finansal ve hukuki uzmanl\u0131\u011f\u0131yla bu etkinlikte sizin i\u00e7in bulu\u015fuyor. Bu \u00f6zel etkinlikte ABD\u2019de \u015firket kurmaktan banka hesab\u0131 a\u00e7maya, vergi y\u00fck\u00fcml\u00fcl\u00fcklerinden \u00f6deme altyap\u0131lar\u0131na kadar t\u00fcm kritik ad\u0131mlar\u0131 \u00f6\u011frenebilirsiniz. T\u00fcrkiye\u2019den sat\u0131\u015f yapan [&hellip;]\" \/>\n<meta property=\"og:url\" content=\"https:\/\/clemta.com\/tr\/clemta-konak-akademi-webinar\/\" \/>\n<meta property=\"og:site_name\" content=\"Clemta\" \/>\n<meta property=\"article:publisher\" content=\"https:\/\/facebook.com\/clemtainc\" \/>\n<meta property=\"article:modified_time\" content=\"2025-10-02T14:49:46+00:00\" \/>\n<meta property=\"og:image\" content=\"https:\/\/clemta.com\/wp-content\/uploads\/2025\/10\/webinar-konak-akademi-scaled.png\" \/>\n\t<meta property=\"og:image:width\" content=\"2560\" \/>\n\t<meta property=\"og:image:height\" content=\"1440\" \/>\n\t<meta property=\"og:image:type\" content=\"image\/png\" \/>\n<meta name=\"twitter:card\" content=\"summary_large_image\" \/>\n<meta name=\"twitter:site\" content=\"@clemta_us\" \/>\n<meta name=\"twitter:label1\" content=\"Tahmini okuma s\u00fcresi\" \/>\n\t<meta name=\"twitter:data1\" content=\"2 dakika\" \/>\n<script type=\"application\/ld+json\" class=\"yoast-schema-graph\">{\"@context\":\"https:\/\/schema.org\",\"@graph\":[{\"@type\":\"WebPage\",\"@id\":\"https:\/\/clemta.com\/tr\/clemta-konak-akademi-webinar\/\",\"url\":\"https:\/\/clemta.com\/tr\/clemta-konak-akademi-webinar\/\",\"name\":\"Clemta x Konak Akademi Webinar - Clemta\",\"isPartOf\":{\"@id\":\"https:\/\/clemta.com\/tr\/#website\"},\"primaryImageOfPage\":{\"@id\":\"https:\/\/clemta.com\/tr\/clemta-konak-akademi-webinar\/#primaryimage\"},\"image\":{\"@id\":\"https:\/\/clemta.com\/tr\/clemta-konak-akademi-webinar\/#primaryimage\"},\"thumbnailUrl\":\"https:\/\/clemta.com\/wp-content\/uploads\/2025\/10\/webinar-konak-akademi-1024x576.png\",\"datePublished\":\"2025-09-26T10:36:51+00:00\",\"dateModified\":\"2025-10-02T14:49:46+00:00\",\"breadcrumb\":{\"@id\":\"https:\/\/clemta.com\/tr\/clemta-konak-akademi-webinar\/#breadcrumb\"},\"inLanguage\":\"tr\",\"potentialAction\":[{\"@type\":\"ReadAction\",\"target\":[\"https:\/\/clemta.com\/tr\/clemta-konak-akademi-webinar\/\"]}]},{\"@type\":\"ImageObject\",\"inLanguage\":\"tr\",\"@id\":\"https:\/\/clemta.com\/tr\/clemta-konak-akademi-webinar\/#primaryimage\",\"url\":\"https:\/\/clemta.com\/wp-content\/uploads\/2025\/10\/webinar-konak-akademi-1024x576.png\",\"contentUrl\":\"https:\/\/clemta.com\/wp-content\/uploads\/2025\/10\/webinar-konak-akademi-1024x576.png\"},{\"@type\":\"BreadcrumbList\",\"@id\":\"https:\/\/clemta.com\/tr\/clemta-konak-akademi-webinar\/#breadcrumb\",\"itemListElement\":[{\"@type\":\"ListItem\",\"position\":1,\"name\":\"Home\",\"item\":\"https:\/\/clemta.com\/tr\/\"},{\"@type\":\"ListItem\",\"position\":2,\"name\":\"Clemta x Konak Akademi Webinar\"}]},{\"@type\":\"WebSite\",\"@id\":\"https:\/\/clemta.com\/tr\/#website\",\"url\":\"https:\/\/clemta.com\/tr\/\",\"name\":\"Clemta\",\"description\":\"\",\"publisher\":{\"@id\":\"https:\/\/clemta.com\/tr\/#organization\"},\"potentialAction\":[{\"@type\":\"SearchAction\",\"target\":{\"@type\":\"EntryPoint\",\"urlTemplate\":\"https:\/\/clemta.com\/tr\/?s={search_term_string}\"},\"query-input\":{\"@type\":\"PropertyValueSpecification\",\"valueRequired\":true,\"valueName\":\"search_term_string\"}}],\"inLanguage\":\"tr\"},{\"@type\":\"Organization\",\"@id\":\"https:\/\/clemta.com\/tr\/#organization\",\"name\":\"Clemta\",\"url\":\"https:\/\/clemta.com\/tr\/\",\"logo\":{\"@type\":\"ImageObject\",\"inLanguage\":\"tr\",\"@id\":\"https:\/\/clemta.com\/tr\/#\/schema\/logo\/image\/\",\"url\":\"https:\/\/clemta.com\/wp-content\/uploads\/2023\/03\/logo-clemta-com.png\",\"contentUrl\":\"https:\/\/clemta.com\/wp-content\/uploads\/2023\/03\/logo-clemta-com.png\",\"width\":1920,\"height\":456,\"caption\":\"Clemta\"},\"image\":{\"@id\":\"https:\/\/clemta.com\/tr\/#\/schema\/logo\/image\/\"},\"sameAs\":[\"https:\/\/facebook.com\/clemtainc\",\"https:\/\/x.com\/clemta_us\",\"https:\/\/www.instagram.com\/clemta_us\/\",\"https:\/\/www.linkedin.com\/company\/clemta-support\"]}]}<\/script>\n<!-- \/ Yoast SEO plugin. -->","yoast_head_json":{"title":"Clemta x Konak Akademi Webinar - Clemta","robots":{"index":"index","follow":"follow","max-snippet":"max-snippet:-1","max-image-preview":"max-image-preview:large","max-video-preview":"max-video-preview:-1"},"canonical":"https:\/\/clemta.com\/tr\/clemta-konak-akademi-webinar\/","og_locale":"tr_TR","og_type":"article","og_title":"Clemta x Konak Akademi Webinar - Clemta","og_description":"Etsy Giri\u015fimcileri i\u00e7in ABD\u2019de \u015eirketle\u015fme Ad\u0131mlar\u0131 Etsy\u2019de global sat\u0131\u015f hedefinizi bir \u00fcst seviyeye ta\u015f\u0131maya haz\u0131r m\u0131s\u0131n\u0131z? Konak Akademi\u2019nin Etsy toplulu\u011fu i\u00e7in biriktirdi\u011fi de\u011ferli bilgiler, Clemta\u2019n\u0131n finansal ve hukuki uzmanl\u0131\u011f\u0131yla bu etkinlikte sizin i\u00e7in bulu\u015fuyor. Bu \u00f6zel etkinlikte ABD\u2019de \u015firket kurmaktan banka hesab\u0131 a\u00e7maya, vergi y\u00fck\u00fcml\u00fcl\u00fcklerinden \u00f6deme altyap\u0131lar\u0131na kadar t\u00fcm kritik ad\u0131mlar\u0131 \u00f6\u011frenebilirsiniz. T\u00fcrkiye\u2019den sat\u0131\u015f yapan [&hellip;]","og_url":"https:\/\/clemta.com\/tr\/clemta-konak-akademi-webinar\/","og_site_name":"Clemta","article_publisher":"https:\/\/facebook.com\/clemtainc","article_modified_time":"2025-10-02T14:49:46+00:00","og_image":[{"width":2560,"height":1440,"url":"https:\/\/clemta.com\/wp-content\/uploads\/2025\/10\/webinar-konak-akademi-scaled.png","type":"image\/png"}],"twitter_card":"summary_large_image","twitter_site":"@clemta_us","twitter_misc":{"Tahmini okuma s\u00fcresi":"2 dakika"},"schema":{"@context":"https:\/\/schema.org","@graph":[{"@type":"WebPage","@id":"https:\/\/clemta.com\/tr\/clemta-konak-akademi-webinar\/","url":"https:\/\/clemta.com\/tr\/clemta-konak-akademi-webinar\/","name":"Clemta x Konak Akademi Webinar - Clemta","isPartOf":{"@id":"https:\/\/clemta.com\/tr\/#website"},"primaryImageOfPage":{"@id":"https:\/\/clemta.com\/tr\/clemta-konak-akademi-webinar\/#primaryimage"},"image":{"@id":"https:\/\/clemta.com\/tr\/clemta-konak-akademi-webinar\/#primaryimage"},"thumbnailUrl":"https:\/\/clemta.com\/wp-content\/uploads\/2025\/10\/webinar-konak-akademi-1024x576.png","datePublished":"2025-09-26T10:36:51+00:00","dateModified":"2025-10-02T14:49:46+00:00","breadcrumb":{"@id":"https:\/\/clemta.com\/tr\/clemta-konak-akademi-webinar\/#breadcrumb"},"inLanguage":"tr","potentialAction":[{"@type":"ReadAction","target":["https:\/\/clemta.com\/tr\/clemta-konak-akademi-webinar\/"]}]},{"@type":"ImageObject","inLanguage":"tr","@id":"https:\/\/clemta.com\/tr\/clemta-konak-akademi-webinar\/#primaryimage","url":"https:\/\/clemta.com\/wp-content\/uploads\/2025\/10\/webinar-konak-akademi-1024x576.png","contentUrl":"https:\/\/clemta.com\/wp-content\/uploads\/2025\/10\/webinar-konak-akademi-1024x576.png"},{"@type":"BreadcrumbList","@id":"https:\/\/clemta.com\/tr\/clemta-konak-akademi-webinar\/#breadcrumb","itemListElement":[{"@type":"ListItem","position":1,"name":"Home","item":"https:\/\/clemta.com\/tr\/"},{"@type":"ListItem","position":2,"name":"Clemta x Konak Akademi Webinar"}]},{"@type":"WebSite","@id":"https:\/\/clemta.com\/tr\/#website","url":"https:\/\/clemta.com\/tr\/","name":"Clemta","description":"","publisher":{"@id":"https:\/\/clemta.com\/tr\/#organization"},"potentialAction":[{"@type":"SearchAction","target":{"@type":"EntryPoint","urlTemplate":"https:\/\/clemta.com\/tr\/?s={search_term_string}"},"query-input":{"@type":"PropertyValueSpecification","valueRequired":true,"valueName":"search_term_string"}}],"inLanguage":"tr"},{"@type":"Organization","@id":"https:\/\/clemta.com\/tr\/#organization","name":"Clemta","url":"https:\/\/clemta.com\/tr\/","logo":{"@type":"ImageObject","inLanguage":"tr","@id":"https:\/\/clemta.com\/tr\/#\/schema\/logo\/image\/","url":"https:\/\/clemta.com\/wp-content\/uploads\/2023\/03\/logo-clemta-com.png","contentUrl":"https:\/\/clemta.com\/wp-content\/uploads\/2023\/03\/logo-clemta-com.png","width":1920,"height":456,"caption":"Clemta"},"image":{"@id":"https:\/\/clemta.com\/tr\/#\/schema\/logo\/image\/"},"sameAs":["https:\/\/facebook.com\/clemtainc","https:\/\/x.com\/clemta_us","https:\/\/www.instagram.com\/clemta_us\/","https:\/\/www.linkedin.com\/company\/clemta-support"]}]}},"_links":{"self":[{"href":"https:\/\/clemta.com\/tr\/wp-json\/wp\/v2\/pages\/18598","targetHints":{"allow":["GET"]}}],"collection":[{"href":"https:\/\/clemta.com\/tr\/wp-json\/wp\/v2\/pages"}],"about":[{"href":"https:\/\/clemta.com\/tr\/wp-json\/wp\/v2\/types\/page"}],"author":[{"embeddable":true,"href":"https:\/\/clemta.com\/tr\/wp-json\/wp\/v2\/users\/2"}],"replies":[{"embeddable":true,"href":"https:\/\/clemta.com\/tr\/wp-json\/wp\/v2\/comments?post=18598"}],"version-history":[{"count":29,"href":"https:\/\/clemta.com\/tr\/wp-json\/wp\/v2\/pages\/18598\/revisions"}],"predecessor-version":[{"id":18658,"href":"https:\/\/clemta.com\/tr\/wp-json\/wp\/v2\/pages\/18598\/revisions\/18658"}],"wp:attachment":[{"href":"https:\/\/clemta.com\/tr\/wp-json\/wp\/v2\/media?parent=18598"}],"curies":[{"name":"wp","href":"https:\/\/api.w.org\/{rel}","templated":true}]}}