{"id":18880,"date":"2025-11-25T10:18:14","date_gmt":"2025-11-25T10:18:14","guid":{"rendered":"https:\/\/clemta.com\/?page_id=18880"},"modified":"2025-12-12T10:11:03","modified_gmt":"2025-12-12T10:11:03","slug":"abd-yil-sonu-vergi-webinar","status":"publish","type":"page","link":"https:\/\/clemta.com\/tr\/abd-yil-sonu-vergi-webinar\/","title":{"rendered":"Amerika \u015eirketiniz i\u00e7in Y\u0131l Sonu Haz\u0131rl\u0131\u011f\u0131 ve Vergi Stratejileri &#8211; Hemen Kaydol"},"content":{"rendered":"\t\t<div data-elementor-type=\"wp-page\" data-elementor-id=\"18880\" class=\"elementor elementor-18880\" data-elementor-post-type=\"page\">\n\t\t\t\t<div class=\"elementor-element elementor-element-7d83c1a e-flex e-con-boxed e-con e-parent\" data-id=\"7d83c1a\" data-element_type=\"container\" data-settings=\"{&quot;jet_parallax_layout_list&quot;:[],&quot;background_background&quot;:&quot;classic&quot;}\">\n\t\t\t\t\t<div class=\"e-con-inner\">\n\t\t<div class=\"elementor-element elementor-element-7cbbc3c e-con-full e-flex e-con e-child\" data-id=\"7cbbc3c\" data-element_type=\"container\" data-settings=\"{&quot;jet_parallax_layout_list&quot;:[]}\">\n\t\t\t\t<div class=\"elementor-element elementor-element-8a923da elementor-widget elementor-widget-image\" data-id=\"8a923da\" data-element_type=\"widget\" data-widget_type=\"image.default\">\n\t\t\t\t<div class=\"elementor-widget-container\">\n\t\t\t\t\t\t\t\t\t\t\t\t\t\t\t<img fetchpriority=\"high\" decoding=\"async\" width=\"800\" height=\"450\" src=\"https:\/\/clemta.com\/wp-content\/uploads\/2025\/12\/Bookkeeping-Webinar-Landing-Page-1-1024x576.png\" class=\"attachment-large size-large wp-image-19016\" alt=\"\" srcset=\"https:\/\/clemta.com\/wp-content\/uploads\/2025\/12\/Bookkeeping-Webinar-Landing-Page-1-1024x576.png 1024w, https:\/\/clemta.com\/wp-content\/uploads\/2025\/12\/Bookkeeping-Webinar-Landing-Page-1-300x169.png 300w, https:\/\/clemta.com\/wp-content\/uploads\/2025\/12\/Bookkeeping-Webinar-Landing-Page-1-768x432.png 768w, https:\/\/clemta.com\/wp-content\/uploads\/2025\/12\/Bookkeeping-Webinar-Landing-Page-1-1536x864.png 1536w, https:\/\/clemta.com\/wp-content\/uploads\/2025\/12\/Bookkeeping-Webinar-Landing-Page-1.png 2048w\" sizes=\"(max-width: 800px) 100vw, 800px\" \/>\t\t\t\t\t\t\t\t\t\t\t\t\t\t\t<\/div>\n\t\t\t\t<\/div>\n\t\t\t\t<div class=\"elementor-element elementor-element-2b95ede elementor-widget__width-initial elementor-widget elementor-widget-heading\" data-id=\"2b95ede\" data-element_type=\"widget\" data-widget_type=\"heading.default\">\n\t\t\t\t<div class=\"elementor-widget-container\">\n\t\t\t\t\t<h1 class=\"elementor-heading-title elementor-size-default\">Amerika \u015eirketiniz i\u00e7in Y\u0131l Sonu Haz\u0131rl\u0131\u011f\u0131 ve Vergi Stratejileri<\/h1>\t\t\t\t<\/div>\n\t\t\t\t<\/div>\n\t\t\t\t<div class=\"elementor-element elementor-element-b47f807 elementor-widget elementor-widget-text-editor\" data-id=\"b47f807\" data-element_type=\"widget\" data-widget_type=\"text-editor.default\">\n\t\t\t\t<div class=\"elementor-widget-container\">\n\t\t\t\t\t\t\t\t\t<p>Amerika \u015firketinizin yeni y\u0131la haz\u0131rl\u0131kl\u0131 girmesi i\u00e7in T\u00fcrk giri\u015fimcilerimize \u00f6zel bir oturum d\u00fczenliyoruz. Bu oturumda, 2025 y\u0131l\u0131na ili\u015fkin muhasebe kay\u0131tlar\u0131n\u0131 h\u0131zl\u0131ca d\u00fczenlemenin, vergi risklerini azaltman\u0131n ve y\u0131l sonu planlamas\u0131n\u0131 do\u011fru yapman\u0131n en pratik yollar\u0131n\u0131 \u00f6\u011freneceksiniz.<\/p><p>\ud83d\uddd3\ufe0f <strong>Tarih:<\/strong> 17 Aral\u0131k 2025<br \/>\u23f0 <strong>Saat:<\/strong> 20:00 (T\u00fcrkiye Saati)<br \/>\ud83d\udcbb <strong>Platform:<\/strong> Zoom<br \/>\ud83c\udf99\ufe0f <strong>M. \u0130layda \u015eencan<\/strong>, CEO | Clemta<br \/>\ud83c\udf99\ufe0f <strong>Okan \u015eencan<\/strong>, CFO | Clemta<\/p><p><strong>Bu webinarda sizi neler bekliyor?<\/strong><\/p><p><strong>\u2794 <em>\u0130\u015fletmesel masraflar\u0131 d\u00fc\u015ferek vergi y\u00fck\u00fcn\u00fc minimize etme: <\/em><\/strong>Vergiden d\u00fc\u015f\u00fclebilen masraf ve kalemleri ke\u015ffederek Amerika&#8217;da vergi y\u00fck\u00fcn\u00fcz\u00fc azalt\u0131n.<\/p><p><strong>\u2794 <em>Finansal hatalar\u0131 engelleme stratejileri: <\/em><\/strong>En yayg\u0131n yap\u0131lan muhasebe hatalar\u0131n\u0131 ve bunlardan nas\u0131l ka\u00e7\u0131nabilece\u011finizi \u00f6\u011frenin.<\/p><p><strong>\u2794 <em>Optimum y\u0131l sonu vergi planlamas\u0131: <\/em><\/strong>2025 y\u0131l\u0131 finansallar\u0131n\u0131 d\u00fczenleyerek yeni y\u0131la g\u00fc\u00e7l\u00fc ba\u015flay\u0131n ve yasal vergi avantajlar\u0131ndan yararlan\u0131n.<\/p><p><strong>\u2794 <em>Y\u00f6neticilerimize sorun: <\/em><\/strong>\u0130layda ve Okan bu webinarda sizlerle olacak, Amerika \u015firketinize ili\u015fkin t\u00fcm sorular\u0131n\u0131z\u0131 canl\u0131 yay\u0131nda sorma f\u0131rsat\u0131 yakalay\u0131n.<\/p><p><strong>Bu Webinara Kimler Kat\u0131lmal\u0131?<\/strong><\/p><p>\u2022 Amerika&#8217;da \u015firketi olan ve y\u0131l sonuna finansal bor\u00e7la girmek istemeyen giri\u015fimciler.<br \/>\u2022 Muhasebe kay\u0131tlar\u0131 d\u00fczensiz oldu\u011fu i\u00e7in vergi denetimi (audit) konusunda endi\u015fe duyan \u015firket sahipleri.<br \/>\u2022 Kay\u0131tlar\u0131n\u0131 d\u00fczeltip, Amerika&#8217;daki vergi kanunlar\u0131n\u0131n sundu\u011fu t\u00fcm avantajlardan maksimum d\u00fczeyde yararlanmak isteyen i\u015fletme y\u00f6neticileri.<\/p><p><strong>Etkinli\u011fe kat\u0131lmak i\u00e7in formu doldurarak yerinizi ay\u0131rmay\u0131 unutmay\u0131n.<\/strong><\/p>\t\t\t\t\t\t\t\t<\/div>\n\t\t\t\t<\/div>\n\t\t\t\t<\/div>\n\t\t<div class=\"jet-sticky-column elementor-element elementor-element-4182023 e-con-full e-flex e-con e-child\" data-jet-settings=\"{&quot;id&quot;:&quot;4182023&quot;,&quot;sticky&quot;:true,&quot;topSpacing&quot;:50,&quot;bottomSpacing&quot;:50,&quot;stickyOn&quot;:[&quot;desktop&quot;,&quot;tablet&quot;],&quot;behavior&quot;:&quot;default&quot;,&quot;zIndex&quot;:1100}\" data-id=\"4182023\" data-element_type=\"container\" data-settings=\"{&quot;jet_parallax_layout_list&quot;:[]}\">\n\t\t\t\t<div class=\"elementor-element elementor-element-9f2281b elementor-widget elementor-widget-html\" data-id=\"9f2281b\" data-element_type=\"widget\" data-widget_type=\"html.default\">\n\t\t\t\t<div class=\"elementor-widget-container\">\n\t\t\t\t\t<div data-tf-live=\"01KBQH10XCQEJ49DVSG1DAN820\"><\/div><script src=\"\/\/embed.typeform.com\/next\/embed.js\"><\/script>\t\t\t\t<\/div>\n\t\t\t\t<\/div>\n\t\t\t\t<div class=\"elementor-element elementor-element-b9cfd31 elementor-widget elementor-widget-text-editor\" data-id=\"b9cfd31\" data-element_type=\"widget\" data-widget_type=\"text-editor.default\">\n\t\t\t\t<div class=\"elementor-widget-container\">\n\t\t\t\t\t\t\t\t\t\u0130leti\u015fim aboneli\u011finizi istedi\u011finiz zaman iptal edebilirsiniz. Detaylar i\u00e7in <a href=\"https:\/\/clemta.com\/privacy-policy\/\">Gizlilik Politikam\u0131z\u0131<\/a> inceleyin.\t\t\t\t\t\t\t\t<\/div>\n\t\t\t\t<\/div>\n\t\t\t\t<\/div>\n\t\t\t\t\t<\/div>\n\t\t\t\t<\/div>\n\t\t\t\t<\/div>\n\t\t","protected":false},"excerpt":{"rendered":"<p>Amerika \u015eirketiniz i\u00e7in Y\u0131l Sonu Haz\u0131rl\u0131\u011f\u0131 ve Vergi Stratejileri Amerika \u015firketinizin yeni y\u0131la haz\u0131rl\u0131kl\u0131 girmesi i\u00e7in T\u00fcrk giri\u015fimcilerimize \u00f6zel bir oturum d\u00fczenliyoruz. Bu oturumda, 2025 y\u0131l\u0131na ili\u015fkin muhasebe kay\u0131tlar\u0131n\u0131 h\u0131zl\u0131ca d\u00fczenlemenin, vergi risklerini azaltman\u0131n ve y\u0131l sonu planlamas\u0131n\u0131 do\u011fru yapman\u0131n en pratik yollar\u0131n\u0131 \u00f6\u011freneceksiniz. \ud83d\uddd3\ufe0f Tarih: 17 Aral\u0131k 2025\u23f0 Saat: 20:00 (T\u00fcrkiye Saati)\ud83d\udcbb Platform: Zoom\ud83c\udf99\ufe0f [&hellip;]<\/p>\n","protected":false},"author":12,"featured_media":0,"parent":0,"menu_order":0,"comment_status":"closed","ping_status":"closed","template":"elementor_canvas","meta":{"footnotes":""},"class_list":["post-18880","page","type-page","status-publish","hentry"],"yoast_head":"<!-- This site is optimized with the Yoast SEO plugin v25.9 - https:\/\/yoast.com\/wordpress\/plugins\/seo\/ -->\n<title>Amerika \u015eirketiniz i\u00e7in Y\u0131l Sonu Haz\u0131rl\u0131\u011f\u0131 ve Vergi Stratejileri - Hemen Kaydol<\/title>\n<meta name=\"description\" content=\"ABD \u015firketinizin muhasebe hatalar\u0131n\u0131 kapat\u0131p y\u0131l sonuna sorunsuz girin. Catch-up bookkeeping, vergi planlamas\u0131 ve canl\u0131 Q&amp;A i\u00e7eren Clemta webinar\u0131 i\u00e7in kaydolun.\" \/>\n<meta name=\"robots\" content=\"index, follow, max-snippet:-1, max-image-preview:large, max-video-preview:-1\" \/>\n<link rel=\"canonical\" href=\"https:\/\/clemta.com\/tr\/abd-yil-sonu-vergi-webinar\/\" \/>\n<meta property=\"og:locale\" content=\"tr_TR\" \/>\n<meta property=\"og:type\" content=\"article\" \/>\n<meta property=\"og:title\" content=\"Amerika \u015eirketiniz i\u00e7in Y\u0131l Sonu Haz\u0131rl\u0131\u011f\u0131 ve Vergi Stratejileri - Hemen Kaydol\" \/>\n<meta property=\"og:description\" content=\"ABD \u015firketinizin muhasebe hatalar\u0131n\u0131 kapat\u0131p y\u0131l sonuna sorunsuz girin. Catch-up bookkeeping, vergi planlamas\u0131 ve canl\u0131 Q&amp;A i\u00e7eren Clemta webinar\u0131 i\u00e7in kaydolun.\" \/>\n<meta property=\"og:url\" content=\"https:\/\/clemta.com\/tr\/abd-yil-sonu-vergi-webinar\/\" \/>\n<meta property=\"og:site_name\" content=\"Clemta\" \/>\n<meta property=\"article:publisher\" content=\"https:\/\/facebook.com\/clemtainc\" \/>\n<meta property=\"article:modified_time\" content=\"2025-12-12T10:11:03+00:00\" \/>\n<meta property=\"og:image\" content=\"https:\/\/clemta.com\/wp-content\/uploads\/2025\/12\/Bookkeeping-Webinar-Landing-Page-1.png\" \/>\n\t<meta property=\"og:image:width\" content=\"2048\" \/>\n\t<meta property=\"og:image:height\" content=\"1152\" \/>\n\t<meta property=\"og:image:type\" content=\"image\/png\" \/>\n<meta name=\"twitter:card\" content=\"summary_large_image\" \/>\n<meta name=\"twitter:site\" content=\"@clemta_us\" \/>\n<meta name=\"twitter:label1\" content=\"Tahmini okuma s\u00fcresi\" \/>\n\t<meta name=\"twitter:data1\" content=\"2 dakika\" \/>\n<script type=\"application\/ld+json\" class=\"yoast-schema-graph\">{\"@context\":\"https:\/\/schema.org\",\"@graph\":[{\"@type\":\"WebPage\",\"@id\":\"https:\/\/clemta.com\/tr\/abd-yil-sonu-vergi-webinar\/\",\"url\":\"https:\/\/clemta.com\/tr\/abd-yil-sonu-vergi-webinar\/\",\"name\":\"Amerika \u015eirketiniz i\u00e7in Y\u0131l Sonu Haz\u0131rl\u0131\u011f\u0131 ve Vergi Stratejileri - Hemen Kaydol\",\"isPartOf\":{\"@id\":\"https:\/\/clemta.com\/tr\/#website\"},\"primaryImageOfPage\":{\"@id\":\"https:\/\/clemta.com\/tr\/abd-yil-sonu-vergi-webinar\/#primaryimage\"},\"image\":{\"@id\":\"https:\/\/clemta.com\/tr\/abd-yil-sonu-vergi-webinar\/#primaryimage\"},\"thumbnailUrl\":\"https:\/\/clemta.com\/wp-content\/uploads\/2025\/12\/Bookkeeping-Webinar-Landing-Page-1-1024x576.png\",\"datePublished\":\"2025-11-25T10:18:14+00:00\",\"dateModified\":\"2025-12-12T10:11:03+00:00\",\"description\":\"ABD \u015firketinizin muhasebe hatalar\u0131n\u0131 kapat\u0131p y\u0131l sonuna sorunsuz girin. Catch-up bookkeeping, vergi planlamas\u0131 ve canl\u0131 Q&A i\u00e7eren Clemta webinar\u0131 i\u00e7in kaydolun.\",\"breadcrumb\":{\"@id\":\"https:\/\/clemta.com\/tr\/abd-yil-sonu-vergi-webinar\/#breadcrumb\"},\"inLanguage\":\"tr\",\"potentialAction\":[{\"@type\":\"ReadAction\",\"target\":[\"https:\/\/clemta.com\/tr\/abd-yil-sonu-vergi-webinar\/\"]}]},{\"@type\":\"ImageObject\",\"inLanguage\":\"tr\",\"@id\":\"https:\/\/clemta.com\/tr\/abd-yil-sonu-vergi-webinar\/#primaryimage\",\"url\":\"https:\/\/clemta.com\/wp-content\/uploads\/2025\/12\/Bookkeeping-Webinar-Landing-Page-1-1024x576.png\",\"contentUrl\":\"https:\/\/clemta.com\/wp-content\/uploads\/2025\/12\/Bookkeeping-Webinar-Landing-Page-1-1024x576.png\"},{\"@type\":\"BreadcrumbList\",\"@id\":\"https:\/\/clemta.com\/tr\/abd-yil-sonu-vergi-webinar\/#breadcrumb\",\"itemListElement\":[{\"@type\":\"ListItem\",\"position\":1,\"name\":\"Home\",\"item\":\"https:\/\/clemta.com\/tr\/\"},{\"@type\":\"ListItem\",\"position\":2,\"name\":\"Amerika \u015eirketiniz i\u00e7in Y\u0131l Sonu Haz\u0131rl\u0131\u011f\u0131 ve Vergi Stratejileri &#8211; Hemen Kaydol\"}]},{\"@type\":\"WebSite\",\"@id\":\"https:\/\/clemta.com\/tr\/#website\",\"url\":\"https:\/\/clemta.com\/tr\/\",\"name\":\"Clemta\",\"description\":\"\",\"publisher\":{\"@id\":\"https:\/\/clemta.com\/tr\/#organization\"},\"potentialAction\":[{\"@type\":\"SearchAction\",\"target\":{\"@type\":\"EntryPoint\",\"urlTemplate\":\"https:\/\/clemta.com\/tr\/?s={search_term_string}\"},\"query-input\":{\"@type\":\"PropertyValueSpecification\",\"valueRequired\":true,\"valueName\":\"search_term_string\"}}],\"inLanguage\":\"tr\"},{\"@type\":\"Organization\",\"@id\":\"https:\/\/clemta.com\/tr\/#organization\",\"name\":\"Clemta\",\"url\":\"https:\/\/clemta.com\/tr\/\",\"logo\":{\"@type\":\"ImageObject\",\"inLanguage\":\"tr\",\"@id\":\"https:\/\/clemta.com\/tr\/#\/schema\/logo\/image\/\",\"url\":\"https:\/\/clemta.com\/wp-content\/uploads\/2023\/03\/logo-clemta-com.png\",\"contentUrl\":\"https:\/\/clemta.com\/wp-content\/uploads\/2023\/03\/logo-clemta-com.png\",\"width\":1920,\"height\":456,\"caption\":\"Clemta\"},\"image\":{\"@id\":\"https:\/\/clemta.com\/tr\/#\/schema\/logo\/image\/\"},\"sameAs\":[\"https:\/\/facebook.com\/clemtainc\",\"https:\/\/x.com\/clemta_us\",\"https:\/\/www.instagram.com\/clemta_us\/\",\"https:\/\/www.linkedin.com\/company\/clemta-support\"]}]}<\/script>\n<!-- \/ Yoast SEO plugin. -->","yoast_head_json":{"title":"Amerika \u015eirketiniz i\u00e7in Y\u0131l Sonu Haz\u0131rl\u0131\u011f\u0131 ve Vergi Stratejileri - Hemen Kaydol","description":"ABD \u015firketinizin muhasebe hatalar\u0131n\u0131 kapat\u0131p y\u0131l sonuna sorunsuz girin. Catch-up bookkeeping, vergi planlamas\u0131 ve canl\u0131 Q&A i\u00e7eren Clemta webinar\u0131 i\u00e7in kaydolun.","robots":{"index":"index","follow":"follow","max-snippet":"max-snippet:-1","max-image-preview":"max-image-preview:large","max-video-preview":"max-video-preview:-1"},"canonical":"https:\/\/clemta.com\/tr\/abd-yil-sonu-vergi-webinar\/","og_locale":"tr_TR","og_type":"article","og_title":"Amerika \u015eirketiniz i\u00e7in Y\u0131l Sonu Haz\u0131rl\u0131\u011f\u0131 ve Vergi Stratejileri - Hemen Kaydol","og_description":"ABD \u015firketinizin muhasebe hatalar\u0131n\u0131 kapat\u0131p y\u0131l sonuna sorunsuz girin. Catch-up bookkeeping, vergi planlamas\u0131 ve canl\u0131 Q&A i\u00e7eren Clemta webinar\u0131 i\u00e7in kaydolun.","og_url":"https:\/\/clemta.com\/tr\/abd-yil-sonu-vergi-webinar\/","og_site_name":"Clemta","article_publisher":"https:\/\/facebook.com\/clemtainc","article_modified_time":"2025-12-12T10:11:03+00:00","og_image":[{"width":2048,"height":1152,"url":"https:\/\/clemta.com\/wp-content\/uploads\/2025\/12\/Bookkeeping-Webinar-Landing-Page-1.png","type":"image\/png"}],"twitter_card":"summary_large_image","twitter_site":"@clemta_us","twitter_misc":{"Tahmini okuma s\u00fcresi":"2 dakika"},"schema":{"@context":"https:\/\/schema.org","@graph":[{"@type":"WebPage","@id":"https:\/\/clemta.com\/tr\/abd-yil-sonu-vergi-webinar\/","url":"https:\/\/clemta.com\/tr\/abd-yil-sonu-vergi-webinar\/","name":"Amerika \u015eirketiniz i\u00e7in Y\u0131l Sonu Haz\u0131rl\u0131\u011f\u0131 ve Vergi Stratejileri - Hemen Kaydol","isPartOf":{"@id":"https:\/\/clemta.com\/tr\/#website"},"primaryImageOfPage":{"@id":"https:\/\/clemta.com\/tr\/abd-yil-sonu-vergi-webinar\/#primaryimage"},"image":{"@id":"https:\/\/clemta.com\/tr\/abd-yil-sonu-vergi-webinar\/#primaryimage"},"thumbnailUrl":"https:\/\/clemta.com\/wp-content\/uploads\/2025\/12\/Bookkeeping-Webinar-Landing-Page-1-1024x576.png","datePublished":"2025-11-25T10:18:14+00:00","dateModified":"2025-12-12T10:11:03+00:00","description":"ABD \u015firketinizin muhasebe hatalar\u0131n\u0131 kapat\u0131p y\u0131l sonuna sorunsuz girin. Catch-up bookkeeping, vergi planlamas\u0131 ve canl\u0131 Q&A i\u00e7eren Clemta webinar\u0131 i\u00e7in kaydolun.","breadcrumb":{"@id":"https:\/\/clemta.com\/tr\/abd-yil-sonu-vergi-webinar\/#breadcrumb"},"inLanguage":"tr","potentialAction":[{"@type":"ReadAction","target":["https:\/\/clemta.com\/tr\/abd-yil-sonu-vergi-webinar\/"]}]},{"@type":"ImageObject","inLanguage":"tr","@id":"https:\/\/clemta.com\/tr\/abd-yil-sonu-vergi-webinar\/#primaryimage","url":"https:\/\/clemta.com\/wp-content\/uploads\/2025\/12\/Bookkeeping-Webinar-Landing-Page-1-1024x576.png","contentUrl":"https:\/\/clemta.com\/wp-content\/uploads\/2025\/12\/Bookkeeping-Webinar-Landing-Page-1-1024x576.png"},{"@type":"BreadcrumbList","@id":"https:\/\/clemta.com\/tr\/abd-yil-sonu-vergi-webinar\/#breadcrumb","itemListElement":[{"@type":"ListItem","position":1,"name":"Home","item":"https:\/\/clemta.com\/tr\/"},{"@type":"ListItem","position":2,"name":"Amerika \u015eirketiniz i\u00e7in Y\u0131l Sonu Haz\u0131rl\u0131\u011f\u0131 ve Vergi Stratejileri &#8211; Hemen Kaydol"}]},{"@type":"WebSite","@id":"https:\/\/clemta.com\/tr\/#website","url":"https:\/\/clemta.com\/tr\/","name":"Clemta","description":"","publisher":{"@id":"https:\/\/clemta.com\/tr\/#organization"},"potentialAction":[{"@type":"SearchAction","target":{"@type":"EntryPoint","urlTemplate":"https:\/\/clemta.com\/tr\/?s={search_term_string}"},"query-input":{"@type":"PropertyValueSpecification","valueRequired":true,"valueName":"search_term_string"}}],"inLanguage":"tr"},{"@type":"Organization","@id":"https:\/\/clemta.com\/tr\/#organization","name":"Clemta","url":"https:\/\/clemta.com\/tr\/","logo":{"@type":"ImageObject","inLanguage":"tr","@id":"https:\/\/clemta.com\/tr\/#\/schema\/logo\/image\/","url":"https:\/\/clemta.com\/wp-content\/uploads\/2023\/03\/logo-clemta-com.png","contentUrl":"https:\/\/clemta.com\/wp-content\/uploads\/2023\/03\/logo-clemta-com.png","width":1920,"height":456,"caption":"Clemta"},"image":{"@id":"https:\/\/clemta.com\/tr\/#\/schema\/logo\/image\/"},"sameAs":["https:\/\/facebook.com\/clemtainc","https:\/\/x.com\/clemta_us","https:\/\/www.instagram.com\/clemta_us\/","https:\/\/www.linkedin.com\/company\/clemta-support"]}]}},"_links":{"self":[{"href":"https:\/\/clemta.com\/tr\/wp-json\/wp\/v2\/pages\/18880","targetHints":{"allow":["GET"]}}],"collection":[{"href":"https:\/\/clemta.com\/tr\/wp-json\/wp\/v2\/pages"}],"about":[{"href":"https:\/\/clemta.com\/tr\/wp-json\/wp\/v2\/types\/page"}],"author":[{"embeddable":true,"href":"https:\/\/clemta.com\/tr\/wp-json\/wp\/v2\/users\/12"}],"replies":[{"embeddable":true,"href":"https:\/\/clemta.com\/tr\/wp-json\/wp\/v2\/comments?post=18880"}],"version-history":[{"count":32,"href":"https:\/\/clemta.com\/tr\/wp-json\/wp\/v2\/pages\/18880\/revisions"}],"predecessor-version":[{"id":19490,"href":"https:\/\/clemta.com\/tr\/wp-json\/wp\/v2\/pages\/18880\/revisions\/19490"}],"wp:attachment":[{"href":"https:\/\/clemta.com\/tr\/wp-json\/wp\/v2\/media?parent=18880"}],"curies":[{"name":"wp","href":"https:\/\/api.w.org\/{rel}","templated":true}]}}