{"id":19651,"date":"2026-01-07T07:35:03","date_gmt":"2026-01-07T07:35:03","guid":{"rendered":"https:\/\/clemta.com\/?page_id=19651"},"modified":"2026-01-07T15:42:45","modified_gmt":"2026-01-07T15:42:45","slug":"amerikada-sirketlesme-webinar","status":"publish","type":"page","link":"https:\/\/clemta.com\/tr\/amerikada-sirketlesme-webinar\/","title":{"rendered":"Amerika&#8217;da \u015eirketle\u015fme ve Kurulu\u015f Sonras\u0131 Stratejik Ad\u0131mlar &#8211; Hemen Kaydol"},"content":{"rendered":"\t\t<div data-elementor-type=\"wp-page\" data-elementor-id=\"19651\" class=\"elementor elementor-19651\" data-elementor-post-type=\"page\">\n\t\t\t\t<div class=\"elementor-element elementor-element-7d83c1a e-flex e-con-boxed e-con e-parent\" data-id=\"7d83c1a\" data-element_type=\"container\" data-settings=\"{&quot;jet_parallax_layout_list&quot;:[],&quot;background_background&quot;:&quot;classic&quot;}\">\n\t\t\t\t\t<div class=\"e-con-inner\">\n\t\t<div class=\"elementor-element elementor-element-7cbbc3c e-con-full e-flex e-con e-child\" data-id=\"7cbbc3c\" data-element_type=\"container\" data-settings=\"{&quot;jet_parallax_layout_list&quot;:[]}\">\n\t\t\t\t<div class=\"elementor-element elementor-element-8a923da elementor-widget elementor-widget-image\" data-id=\"8a923da\" data-element_type=\"widget\" data-widget_type=\"image.default\">\n\t\t\t\t<div class=\"elementor-widget-container\">\n\t\t\t\t\t\t\t\t\t\t\t\t\t\t\t<img fetchpriority=\"high\" decoding=\"async\" width=\"800\" height=\"450\" src=\"https:\/\/clemta.com\/wp-content\/uploads\/2026\/01\/Webinar-Landing-Page-YouTube-Thumbnail-1024x576.png\" class=\"attachment-large size-large wp-image-19654\" alt=\"\" srcset=\"https:\/\/clemta.com\/wp-content\/uploads\/2026\/01\/Webinar-Landing-Page-YouTube-Thumbnail-1024x576.png 1024w, https:\/\/clemta.com\/wp-content\/uploads\/2026\/01\/Webinar-Landing-Page-YouTube-Thumbnail-300x169.png 300w, https:\/\/clemta.com\/wp-content\/uploads\/2026\/01\/Webinar-Landing-Page-YouTube-Thumbnail-768x432.png 768w, https:\/\/clemta.com\/wp-content\/uploads\/2026\/01\/Webinar-Landing-Page-YouTube-Thumbnail.png 1280w\" sizes=\"(max-width: 800px) 100vw, 800px\" \/>\t\t\t\t\t\t\t\t\t\t\t\t\t\t\t<\/div>\n\t\t\t\t<\/div>\n\t\t\t\t<div class=\"elementor-element elementor-element-2b95ede elementor-widget__width-initial elementor-widget elementor-widget-heading\" data-id=\"2b95ede\" data-element_type=\"widget\" data-widget_type=\"heading.default\">\n\t\t\t\t<div class=\"elementor-widget-container\">\n\t\t\t\t\t<h1 class=\"elementor-heading-title elementor-size-default\">Amerika'da \u015eirketle\u015fme ve Kurulu\u015f Sonras\u0131 Stratejik Ad\u0131mlar<\/h1>\t\t\t\t<\/div>\n\t\t\t\t<\/div>\n\t\t\t\t<div class=\"elementor-element elementor-element-b47f807 elementor-widget elementor-widget-text-editor\" data-id=\"b47f807\" data-element_type=\"widget\" data-widget_type=\"text-editor.default\">\n\t\t\t\t<div class=\"elementor-widget-container\">\n\t\t\t\t\t\t\t\t\t<p data-path-to-node=\"7\">Amerika pazar\u0131na ad\u0131m atmak isteyen giri\u015fimciler i\u00e7in kapsaml\u0131 bir yol haritas\u0131 \u00e7iziyoruz. Bu oturumda, do\u011fru eyalet se\u00e7iminden \u015firket t\u00fcr\u00fc belirlemeye, banka hesab\u0131 a\u00e7\u0131l\u0131\u015f\u0131ndan vergi y\u00fck\u00fcml\u00fcl\u00fcklerine kadar Amerika\u2019da yasal bir varl\u0131k olu\u015fturman\u0131n t\u00fcm ad\u0131mlar\u0131n\u0131 en ince detay\u0131na kadar \u00f6\u011freneceksiniz.<\/p><p>\ud83d\uddd3\ufe0f <strong>Tarih:<\/strong> 14 Ocak 2026<br \/>\u23f0 <strong>Saat:<\/strong> 20:00 (T\u00fcrkiye Saati)<br \/>\ud83d\udcbb <strong>Platform:<\/strong> Zoom<br \/>\ud83c\udf99\ufe0f <strong>M. \u0130layda \u015eencan<\/strong>, CEO | Clemta<br \/>\ud83c\udf99\ufe0f <strong>Okan \u015eencan<\/strong>, CFO | Clemta<\/p><p><strong>Bu Webinarda Sizi Neler Bekliyor?<\/strong><\/p><p data-path-to-node=\"11\">\u2794 <b><em>Do\u011fru Eyalet ve \u015eirket T\u00fcr\u00fc Se\u00e7imi<\/em>:<\/b> \u0130\u015f modeliniz i\u00e7in en avantajl\u0131 yap\u0131 hangisi? LLC mi, C-Corp mu? Delaware mi, Wyoming mi? Karar verirken dikkat etmeniz gereken kritik fakt\u00f6rler.<\/p><p data-path-to-node=\"12\">\u2794 <b><em>Kurulum Sonras\u0131 Operasyonel Ad\u0131mlar<\/em>:<\/b> \u015eirket kurulumunun ard\u0131ndan EIN (Vergi Kimlik Numaras\u0131) al\u0131m\u0131, i\u015fletme banka hesab\u0131 a\u00e7\u0131l\u0131\u015f\u0131 ve fiziksel adres temini gibi zorunlu s\u00fcre\u00e7lerin y\u00f6netimi.<\/p><p data-path-to-node=\"13\">\u2794 <b><em>Amerika Vergi Sistemine Giri\u015f<\/em>:<\/b> Federal ve Eyalet vergileri aras\u0131ndaki farklar, sat\u0131\u015f vergisi (Sales Tax) y\u00fck\u00fcml\u00fcl\u00fckleri ve T\u00fcrkiye-ABD aras\u0131 vergi anla\u015fmalar\u0131n\u0131n size sa\u011flad\u0131\u011f\u0131 avantajlar.<\/p><p data-path-to-node=\"14\">\u2794 <b><em>Y\u00f6neticilerimize Sorun<\/em>:<\/b> \u0130layda ve Okan bu webinarda sizlerle olacak, Amerika\u2019da \u015firketle\u015fme s\u00fcrecine dair t\u00fcm sorular\u0131n\u0131z\u0131 canl\u0131 yay\u0131nda sorma f\u0131rsat\u0131 yakalay\u0131n.<\/p><p><strong>Bu Webinara Kimler Kat\u0131lmal\u0131?<\/strong><\/p><p>\u2022 E-ticaret (Amazon, Etsy, Shopify) yaparak gelirini dolar \u00fczerinden elde etmek isteyen giri\u015fimciler.<br \/>\u2022 Global yat\u0131r\u0131mc\u0131lara ula\u015fmak veya Stripe\/PayPal gibi \u00f6deme altyap\u0131lar\u0131n\u0131 kullanmak isteyen startup kurucular\u0131.<br \/>\u2022 Amerika\u2019da \u015firket kurma s\u00fcrecindeki b\u00fcrokratik i\u015flemlerden \u00e7ekinen ve hata yapmadan ilerlemek isteyen i\u015fletme sahipleri.<\/p><p><strong>Etkinli\u011fe kat\u0131lmak i\u00e7in formu doldurarak yerinizi ay\u0131rmay\u0131 unutmay\u0131n.<\/strong><\/p>\t\t\t\t\t\t\t\t<\/div>\n\t\t\t\t<\/div>\n\t\t\t\t<\/div>\n\t\t<div class=\"jet-sticky-column elementor-element elementor-element-4182023 e-con-full e-flex e-con e-child\" data-jet-settings=\"{&quot;id&quot;:&quot;4182023&quot;,&quot;sticky&quot;:true,&quot;topSpacing&quot;:50,&quot;bottomSpacing&quot;:50,&quot;stickyOn&quot;:[&quot;desktop&quot;,&quot;tablet&quot;],&quot;behavior&quot;:&quot;default&quot;,&quot;zIndex&quot;:1100}\" data-id=\"4182023\" data-element_type=\"container\" data-settings=\"{&quot;jet_parallax_layout_list&quot;:[]}\">\n\t\t\t\t<div class=\"elementor-element elementor-element-9f2281b elementor-widget elementor-widget-html\" data-id=\"9f2281b\" data-element_type=\"widget\" data-widget_type=\"html.default\">\n\t\t\t\t<div class=\"elementor-widget-container\">\n\t\t\t\t\t<div data-tf-live=\"01KEBP7DNPESQBX88KT45BV0BQ\"><\/div><script src=\"\/\/embed.typeform.com\/next\/embed.js\"><\/script>\t\t\t\t<\/div>\n\t\t\t\t<\/div>\n\t\t\t\t<div class=\"elementor-element elementor-element-b9cfd31 elementor-widget elementor-widget-text-editor\" data-id=\"b9cfd31\" data-element_type=\"widget\" data-widget_type=\"text-editor.default\">\n\t\t\t\t<div class=\"elementor-widget-container\">\n\t\t\t\t\t\t\t\t\t\u0130leti\u015fim aboneli\u011finizi istedi\u011finiz zaman iptal edebilirsiniz. Detaylar i\u00e7in <a href=\"https:\/\/clemta.com\/privacy-policy\/\">Gizlilik Politikam\u0131z\u0131<\/a> inceleyin.\t\t\t\t\t\t\t\t<\/div>\n\t\t\t\t<\/div>\n\t\t\t\t<\/div>\n\t\t\t\t\t<\/div>\n\t\t\t\t<\/div>\n\t\t\t\t<\/div>\n\t\t","protected":false},"excerpt":{"rendered":"<p>Amerika&#8217;da \u015eirketle\u015fme ve Kurulu\u015f Sonras\u0131 Stratejik Ad\u0131mlar Amerika pazar\u0131na ad\u0131m atmak isteyen giri\u015fimciler i\u00e7in kapsaml\u0131 bir yol haritas\u0131 \u00e7iziyoruz. Bu oturumda, do\u011fru eyalet se\u00e7iminden \u015firket t\u00fcr\u00fc belirlemeye, banka hesab\u0131 a\u00e7\u0131l\u0131\u015f\u0131ndan vergi y\u00fck\u00fcml\u00fcl\u00fcklerine kadar Amerika\u2019da yasal bir varl\u0131k olu\u015fturman\u0131n t\u00fcm ad\u0131mlar\u0131n\u0131 en ince detay\u0131na kadar \u00f6\u011freneceksiniz. \ud83d\uddd3\ufe0f Tarih: 14 Ocak 2026\u23f0 Saat: 20:00 (T\u00fcrkiye Saati)\ud83d\udcbb Platform: [&hellip;]<\/p>\n","protected":false},"author":12,"featured_media":0,"parent":0,"menu_order":0,"comment_status":"closed","ping_status":"closed","template":"elementor_canvas","meta":{"footnotes":""},"class_list":["post-19651","page","type-page","status-publish","hentry"],"yoast_head":"<!-- This site is optimized with the Yoast SEO plugin v25.9 - https:\/\/yoast.com\/wordpress\/plugins\/seo\/ -->\n<title>Amerika&#039;da \u015eirketle\u015fme ve Kurulu\u015f Sonras\u0131 Stratejik Ad\u0131mlar - Hemen Kaydol<\/title>\n<meta name=\"description\" content=\"Amerika pazar\u0131na ad\u0131m atmak isteyen giri\u015fimciler i\u00e7in yol haritas\u0131! 14 Ocak&#039;ta \u015firket t\u00fcr\u00fc se\u00e7imi, vergi ve banka s\u00fcre\u00e7lerini \u00f6\u011frenmek i\u00e7in hemen kaydolun.\" \/>\n<meta name=\"robots\" content=\"index, follow, max-snippet:-1, max-image-preview:large, max-video-preview:-1\" \/>\n<link rel=\"canonical\" href=\"https:\/\/clemta.com\/tr\/amerikada-sirketlesme-webinar\/\" \/>\n<meta property=\"og:locale\" content=\"tr_TR\" \/>\n<meta property=\"og:type\" content=\"article\" \/>\n<meta property=\"og:title\" content=\"Amerika&#039;da \u015eirketle\u015fme ve Kurulu\u015f Sonras\u0131 Stratejik Ad\u0131mlar - Hemen Kaydol\" \/>\n<meta property=\"og:description\" content=\"Amerika pazar\u0131na ad\u0131m atmak isteyen giri\u015fimciler i\u00e7in yol haritas\u0131! 14 Ocak&#039;ta \u015firket t\u00fcr\u00fc se\u00e7imi, vergi ve banka s\u00fcre\u00e7lerini \u00f6\u011frenmek i\u00e7in hemen kaydolun.\" \/>\n<meta property=\"og:url\" content=\"https:\/\/clemta.com\/tr\/amerikada-sirketlesme-webinar\/\" \/>\n<meta property=\"og:site_name\" content=\"Clemta\" \/>\n<meta property=\"article:publisher\" content=\"https:\/\/facebook.com\/clemtainc\" \/>\n<meta property=\"article:modified_time\" content=\"2026-01-07T15:42:45+00:00\" \/>\n<meta property=\"og:image\" content=\"https:\/\/clemta.com\/wp-content\/uploads\/2026\/01\/Webinar-Landing-Page-YouTube-Thumbnail-1024x576.png\" \/>\n<meta name=\"twitter:card\" content=\"summary_large_image\" \/>\n<meta name=\"twitter:site\" content=\"@clemta_us\" \/>\n<meta name=\"twitter:label1\" content=\"Tahmini okuma s\u00fcresi\" \/>\n\t<meta name=\"twitter:data1\" content=\"2 dakika\" \/>\n<script type=\"application\/ld+json\" class=\"yoast-schema-graph\">{\"@context\":\"https:\/\/schema.org\",\"@graph\":[{\"@type\":\"WebPage\",\"@id\":\"https:\/\/clemta.com\/tr\/amerikada-sirketlesme-webinar\/\",\"url\":\"https:\/\/clemta.com\/tr\/amerikada-sirketlesme-webinar\/\",\"name\":\"Amerika'da \u015eirketle\u015fme ve Kurulu\u015f Sonras\u0131 Stratejik Ad\u0131mlar - Hemen Kaydol\",\"isPartOf\":{\"@id\":\"https:\/\/clemta.com\/tr\/#website\"},\"primaryImageOfPage\":{\"@id\":\"https:\/\/clemta.com\/tr\/amerikada-sirketlesme-webinar\/#primaryimage\"},\"image\":{\"@id\":\"https:\/\/clemta.com\/tr\/amerikada-sirketlesme-webinar\/#primaryimage\"},\"thumbnailUrl\":\"https:\/\/clemta.com\/wp-content\/uploads\/2026\/01\/Webinar-Landing-Page-YouTube-Thumbnail-1024x576.png\",\"datePublished\":\"2026-01-07T07:35:03+00:00\",\"dateModified\":\"2026-01-07T15:42:45+00:00\",\"description\":\"Amerika pazar\u0131na ad\u0131m atmak isteyen giri\u015fimciler i\u00e7in yol haritas\u0131! 14 Ocak'ta \u015firket t\u00fcr\u00fc se\u00e7imi, vergi ve banka s\u00fcre\u00e7lerini \u00f6\u011frenmek i\u00e7in hemen kaydolun.\",\"breadcrumb\":{\"@id\":\"https:\/\/clemta.com\/tr\/amerikada-sirketlesme-webinar\/#breadcrumb\"},\"inLanguage\":\"tr\",\"potentialAction\":[{\"@type\":\"ReadAction\",\"target\":[\"https:\/\/clemta.com\/tr\/amerikada-sirketlesme-webinar\/\"]}]},{\"@type\":\"ImageObject\",\"inLanguage\":\"tr\",\"@id\":\"https:\/\/clemta.com\/tr\/amerikada-sirketlesme-webinar\/#primaryimage\",\"url\":\"https:\/\/clemta.com\/wp-content\/uploads\/2026\/01\/Webinar-Landing-Page-YouTube-Thumbnail-1024x576.png\",\"contentUrl\":\"https:\/\/clemta.com\/wp-content\/uploads\/2026\/01\/Webinar-Landing-Page-YouTube-Thumbnail-1024x576.png\"},{\"@type\":\"BreadcrumbList\",\"@id\":\"https:\/\/clemta.com\/tr\/amerikada-sirketlesme-webinar\/#breadcrumb\",\"itemListElement\":[{\"@type\":\"ListItem\",\"position\":1,\"name\":\"Home\",\"item\":\"https:\/\/clemta.com\/tr\/\"},{\"@type\":\"ListItem\",\"position\":2,\"name\":\"Amerika&#8217;da \u015eirketle\u015fme ve Kurulu\u015f Sonras\u0131 Stratejik Ad\u0131mlar &#8211; Hemen Kaydol\"}]},{\"@type\":\"WebSite\",\"@id\":\"https:\/\/clemta.com\/tr\/#website\",\"url\":\"https:\/\/clemta.com\/tr\/\",\"name\":\"Clemta\",\"description\":\"\",\"publisher\":{\"@id\":\"https:\/\/clemta.com\/tr\/#organization\"},\"potentialAction\":[{\"@type\":\"SearchAction\",\"target\":{\"@type\":\"EntryPoint\",\"urlTemplate\":\"https:\/\/clemta.com\/tr\/?s={search_term_string}\"},\"query-input\":{\"@type\":\"PropertyValueSpecification\",\"valueRequired\":true,\"valueName\":\"search_term_string\"}}],\"inLanguage\":\"tr\"},{\"@type\":\"Organization\",\"@id\":\"https:\/\/clemta.com\/tr\/#organization\",\"name\":\"Clemta\",\"url\":\"https:\/\/clemta.com\/tr\/\",\"logo\":{\"@type\":\"ImageObject\",\"inLanguage\":\"tr\",\"@id\":\"https:\/\/clemta.com\/tr\/#\/schema\/logo\/image\/\",\"url\":\"https:\/\/clemta.com\/wp-content\/uploads\/2023\/03\/logo-clemta-com.png\",\"contentUrl\":\"https:\/\/clemta.com\/wp-content\/uploads\/2023\/03\/logo-clemta-com.png\",\"width\":1920,\"height\":456,\"caption\":\"Clemta\"},\"image\":{\"@id\":\"https:\/\/clemta.com\/tr\/#\/schema\/logo\/image\/\"},\"sameAs\":[\"https:\/\/facebook.com\/clemtainc\",\"https:\/\/x.com\/clemta_us\",\"https:\/\/www.instagram.com\/clemta_us\/\",\"https:\/\/www.linkedin.com\/company\/clemta-support\"]}]}<\/script>\n<!-- \/ Yoast SEO plugin. -->","yoast_head_json":{"title":"Amerika'da \u015eirketle\u015fme ve Kurulu\u015f Sonras\u0131 Stratejik Ad\u0131mlar - Hemen Kaydol","description":"Amerika pazar\u0131na ad\u0131m atmak isteyen giri\u015fimciler i\u00e7in yol haritas\u0131! 14 Ocak'ta \u015firket t\u00fcr\u00fc se\u00e7imi, vergi ve banka s\u00fcre\u00e7lerini \u00f6\u011frenmek i\u00e7in hemen kaydolun.","robots":{"index":"index","follow":"follow","max-snippet":"max-snippet:-1","max-image-preview":"max-image-preview:large","max-video-preview":"max-video-preview:-1"},"canonical":"https:\/\/clemta.com\/tr\/amerikada-sirketlesme-webinar\/","og_locale":"tr_TR","og_type":"article","og_title":"Amerika'da \u015eirketle\u015fme ve Kurulu\u015f Sonras\u0131 Stratejik Ad\u0131mlar - Hemen Kaydol","og_description":"Amerika pazar\u0131na ad\u0131m atmak isteyen giri\u015fimciler i\u00e7in yol haritas\u0131! 14 Ocak'ta \u015firket t\u00fcr\u00fc se\u00e7imi, vergi ve banka s\u00fcre\u00e7lerini \u00f6\u011frenmek i\u00e7in hemen kaydolun.","og_url":"https:\/\/clemta.com\/tr\/amerikada-sirketlesme-webinar\/","og_site_name":"Clemta","article_publisher":"https:\/\/facebook.com\/clemtainc","article_modified_time":"2026-01-07T15:42:45+00:00","og_image":[{"url":"https:\/\/clemta.com\/wp-content\/uploads\/2026\/01\/Webinar-Landing-Page-YouTube-Thumbnail-1024x576.png","type":"","width":"","height":""}],"twitter_card":"summary_large_image","twitter_site":"@clemta_us","twitter_misc":{"Tahmini okuma s\u00fcresi":"2 dakika"},"schema":{"@context":"https:\/\/schema.org","@graph":[{"@type":"WebPage","@id":"https:\/\/clemta.com\/tr\/amerikada-sirketlesme-webinar\/","url":"https:\/\/clemta.com\/tr\/amerikada-sirketlesme-webinar\/","name":"Amerika'da \u015eirketle\u015fme ve Kurulu\u015f Sonras\u0131 Stratejik Ad\u0131mlar - Hemen Kaydol","isPartOf":{"@id":"https:\/\/clemta.com\/tr\/#website"},"primaryImageOfPage":{"@id":"https:\/\/clemta.com\/tr\/amerikada-sirketlesme-webinar\/#primaryimage"},"image":{"@id":"https:\/\/clemta.com\/tr\/amerikada-sirketlesme-webinar\/#primaryimage"},"thumbnailUrl":"https:\/\/clemta.com\/wp-content\/uploads\/2026\/01\/Webinar-Landing-Page-YouTube-Thumbnail-1024x576.png","datePublished":"2026-01-07T07:35:03+00:00","dateModified":"2026-01-07T15:42:45+00:00","description":"Amerika pazar\u0131na ad\u0131m atmak isteyen giri\u015fimciler i\u00e7in yol haritas\u0131! 14 Ocak'ta \u015firket t\u00fcr\u00fc se\u00e7imi, vergi ve banka s\u00fcre\u00e7lerini \u00f6\u011frenmek i\u00e7in hemen kaydolun.","breadcrumb":{"@id":"https:\/\/clemta.com\/tr\/amerikada-sirketlesme-webinar\/#breadcrumb"},"inLanguage":"tr","potentialAction":[{"@type":"ReadAction","target":["https:\/\/clemta.com\/tr\/amerikada-sirketlesme-webinar\/"]}]},{"@type":"ImageObject","inLanguage":"tr","@id":"https:\/\/clemta.com\/tr\/amerikada-sirketlesme-webinar\/#primaryimage","url":"https:\/\/clemta.com\/wp-content\/uploads\/2026\/01\/Webinar-Landing-Page-YouTube-Thumbnail-1024x576.png","contentUrl":"https:\/\/clemta.com\/wp-content\/uploads\/2026\/01\/Webinar-Landing-Page-YouTube-Thumbnail-1024x576.png"},{"@type":"BreadcrumbList","@id":"https:\/\/clemta.com\/tr\/amerikada-sirketlesme-webinar\/#breadcrumb","itemListElement":[{"@type":"ListItem","position":1,"name":"Home","item":"https:\/\/clemta.com\/tr\/"},{"@type":"ListItem","position":2,"name":"Amerika&#8217;da \u015eirketle\u015fme ve Kurulu\u015f Sonras\u0131 Stratejik Ad\u0131mlar &#8211; Hemen Kaydol"}]},{"@type":"WebSite","@id":"https:\/\/clemta.com\/tr\/#website","url":"https:\/\/clemta.com\/tr\/","name":"Clemta","description":"","publisher":{"@id":"https:\/\/clemta.com\/tr\/#organization"},"potentialAction":[{"@type":"SearchAction","target":{"@type":"EntryPoint","urlTemplate":"https:\/\/clemta.com\/tr\/?s={search_term_string}"},"query-input":{"@type":"PropertyValueSpecification","valueRequired":true,"valueName":"search_term_string"}}],"inLanguage":"tr"},{"@type":"Organization","@id":"https:\/\/clemta.com\/tr\/#organization","name":"Clemta","url":"https:\/\/clemta.com\/tr\/","logo":{"@type":"ImageObject","inLanguage":"tr","@id":"https:\/\/clemta.com\/tr\/#\/schema\/logo\/image\/","url":"https:\/\/clemta.com\/wp-content\/uploads\/2023\/03\/logo-clemta-com.png","contentUrl":"https:\/\/clemta.com\/wp-content\/uploads\/2023\/03\/logo-clemta-com.png","width":1920,"height":456,"caption":"Clemta"},"image":{"@id":"https:\/\/clemta.com\/tr\/#\/schema\/logo\/image\/"},"sameAs":["https:\/\/facebook.com\/clemtainc","https:\/\/x.com\/clemta_us","https:\/\/www.instagram.com\/clemta_us\/","https:\/\/www.linkedin.com\/company\/clemta-support"]}]}},"_links":{"self":[{"href":"https:\/\/clemta.com\/tr\/wp-json\/wp\/v2\/pages\/19651","targetHints":{"allow":["GET"]}}],"collection":[{"href":"https:\/\/clemta.com\/tr\/wp-json\/wp\/v2\/pages"}],"about":[{"href":"https:\/\/clemta.com\/tr\/wp-json\/wp\/v2\/types\/page"}],"author":[{"embeddable":true,"href":"https:\/\/clemta.com\/tr\/wp-json\/wp\/v2\/users\/12"}],"replies":[{"embeddable":true,"href":"https:\/\/clemta.com\/tr\/wp-json\/wp\/v2\/comments?post=19651"}],"version-history":[{"count":12,"href":"https:\/\/clemta.com\/tr\/wp-json\/wp\/v2\/pages\/19651\/revisions"}],"predecessor-version":[{"id":19684,"href":"https:\/\/clemta.com\/tr\/wp-json\/wp\/v2\/pages\/19651\/revisions\/19684"}],"wp:attachment":[{"href":"https:\/\/clemta.com\/tr\/wp-json\/wp\/v2\/media?parent=19651"}],"curies":[{"name":"wp","href":"https:\/\/api.w.org\/{rel}","templated":true}]}}