{"id":19757,"date":"2026-02-12T10:05:35","date_gmt":"2026-02-12T10:05:35","guid":{"rendered":"https:\/\/clemta.com\/?page_id=19757"},"modified":"2026-02-17T08:16:45","modified_gmt":"2026-02-17T08:16:45","slug":"etsy-abd-sirketlesme-vergi-webinar","status":"publish","type":"page","link":"https:\/\/clemta.com\/tr\/etsy-abd-sirketlesme-vergi-webinar\/","title":{"rendered":"Etsy Giri\u015fimcileri i\u00e7in ABD\u2019de \u015eirketle\u015fme ve Vergi S\u00fcre\u00e7leri"},"content":{"rendered":"\t\t<div data-elementor-type=\"wp-page\" data-elementor-id=\"19757\" class=\"elementor elementor-19757\" data-elementor-post-type=\"page\">\n\t\t\t\t<div class=\"elementor-element elementor-element-7d83c1a e-flex e-con-boxed e-con e-parent\" data-id=\"7d83c1a\" data-element_type=\"container\" data-settings=\"{&quot;jet_parallax_layout_list&quot;:[],&quot;background_background&quot;:&quot;classic&quot;}\">\n\t\t\t\t\t<div class=\"e-con-inner\">\n\t\t<div class=\"elementor-element elementor-element-7cbbc3c e-con-full e-flex e-con e-child\" data-id=\"7cbbc3c\" data-element_type=\"container\" data-settings=\"{&quot;jet_parallax_layout_list&quot;:[]}\">\n\t\t\t\t<div class=\"elementor-element elementor-element-8a923da elementor-widget elementor-widget-image\" data-id=\"8a923da\" data-element_type=\"widget\" data-widget_type=\"image.default\">\n\t\t\t\t<div class=\"elementor-widget-container\">\n\t\t\t\t\t\t\t\t\t\t\t\t\t\t\t<img fetchpriority=\"high\" decoding=\"async\" width=\"800\" height=\"450\" src=\"https:\/\/clemta.com\/wp-content\/uploads\/2026\/02\/konak-4-mart-webinar-1024x576.png\" class=\"attachment-large size-large wp-image-20186\" alt=\"konak webinar 4 mart\" srcset=\"https:\/\/clemta.com\/wp-content\/uploads\/2026\/02\/konak-4-mart-webinar-1024x576.png 1024w, https:\/\/clemta.com\/wp-content\/uploads\/2026\/02\/konak-4-mart-webinar-300x169.png 300w, https:\/\/clemta.com\/wp-content\/uploads\/2026\/02\/konak-4-mart-webinar-768x432.png 768w, https:\/\/clemta.com\/wp-content\/uploads\/2026\/02\/konak-4-mart-webinar-1536x864.png 1536w, https:\/\/clemta.com\/wp-content\/uploads\/2026\/02\/konak-4-mart-webinar.png 2048w\" sizes=\"(max-width: 800px) 100vw, 800px\" \/>\t\t\t\t\t\t\t\t\t\t\t\t\t\t\t<\/div>\n\t\t\t\t<\/div>\n\t\t\t\t<div class=\"elementor-element elementor-element-2b95ede elementor-widget__width-initial elementor-widget elementor-widget-heading\" data-id=\"2b95ede\" data-element_type=\"widget\" data-widget_type=\"heading.default\">\n\t\t\t\t<div class=\"elementor-widget-container\">\n\t\t\t\t\t<h1 class=\"elementor-heading-title elementor-size-default\">Etsy Giri\u015fimcileri i\u00e7in ABD\u2019de \u015eirketle\u015fme ve Vergi S\u00fcre\u00e7leri<\/h1>\t\t\t\t<\/div>\n\t\t\t\t<\/div>\n\t\t\t\t<div class=\"elementor-element elementor-element-b47f807 elementor-widget elementor-widget-text-editor\" data-id=\"b47f807\" data-element_type=\"widget\" data-widget_type=\"text-editor.default\">\n\t\t\t\t<div class=\"elementor-widget-container\">\n\t\t\t\t\t\t\t\t\t<p class=\"p1\">Konak Akademi\u2019nin Etsy toplulu\u011fu i\u00e7in biriktirdi\u011fi de\u011ferli bilgiler, Clemta\u2019n\u0131n finansal ve hukuki uzmanl\u0131\u011f\u0131yla bu \u00f6zel etkinlikte bir araya geliyor. ABD vergi sezonunun ba\u015flad\u0131\u011f\u0131 bu d\u00f6nemde, Etsy giri\u015fimcilerinin en \u00e7ok ihtiya\u00e7 duydu\u011fu <span class=\"s1\"><b>\u015firketle\u015fme + vergi uyumlulu\u011fu<\/b><\/span> konular\u0131n\u0131 birlikte ele al\u0131yoruz.<\/p><p data-path-to-node=\"6\">Bu oturumda; \u015firket kurulumundan vergi beyan\u0131na, banka hesab\u0131 a\u00e7\u0131l\u0131\u015f\u0131ndan \u00f6deme altyap\u0131lar\u0131na kadar, operasyonel s\u00fcre\u00e7lerin nas\u0131l y\u00f6netilmesi gerekti\u011fini konu\u015faca\u011f\u0131z. Amac\u0131m\u0131z, karma\u015f\u0131k prosed\u00fcrler aras\u0131nda kaybolmadan i\u015finize odaklanman\u0131z\u0131 sa\u011flayacak net bilgiler sunmak.<\/p><p><strong>\ud83d\uddd3\ufe0f Tarih: <\/strong>4\u00a0Mart 2026<br \/><strong>\u23f0 Saat: <\/strong>20:00<br \/><strong>\ud83c\udf99\ufe0f\u00a0M. \u0130layda \u015eencan, <\/strong>CEO | Clemta<br \/><strong>\ud83c\udf99\ufe0f Ahmet Konak,\u00a0 <\/strong>Kurucu | Konak Akademi<br \/>\ud83d\udcbb\u00a0<strong>Platform:<\/strong>\u00a0Zoom<\/p><p><strong>Bu Webinarda Neler Konu\u015faca\u011f\u0131z?<\/strong><\/p><div id=\"D05KDHP2AF7-1758880841.047609-thread-list-huddle_threads_1758883049.658889\" class=\"c-virtual_list__item\" tabindex=\"0\" role=\"listitem\" aria-label=\"\u00d6zg\u00fcr. In @\u00d6zg\u00fcr. Bu sunumda, Etsy giri\u015fimcilerinin en \u00e7ok merak etti\u011fi sorulara \u0131\u015f\u0131k tutaca\u011f\u0131z: \u2022 Neden ABD \u015eirketi? Etsy Payments ve Stripe eri\u015fimi i\u00e7in \u015firketle\u015fmenin rol\u00fc \u2022 Do\u011fru Yap\u0131 Hangisi? LLC mi, C-Corp mu? Avantajlar\u0131 ve farklar\u0131 \u2022 Kurulum Sonras\u0131 \u0130lk Ad\u0131mlar: EIN, banka hesab\u0131 ve operasyonel s\u00fcre\u00e7ler \u2022 Vergi Y\u00fck\u00fcml\u00fcl\u00fckleri: Sat\u0131\u015f ve gelir vergisi konusunda bilmeniz gerekenler \u2022 S\u0131k Hatalar: T\u00fcrkiye\u2019den sat\u0131\u015f yapan giri\u015fimcilerin en yayg\u0131n hatalar\u0131 ve \u00e7\u00f6z\u00fcmleri Sunumun ard\u0131ndan Ahmet Konak ve M. \u0130layda \u015eencan ile interaktif soru-cevap oturumumuz olacak. Global yolculu\u011funuzda yan\u0131n\u0131za alabilece\u011finiz en de\u011ferli bilgileri ka\u00e7\u0131rmay\u0131n. Etkinli\u011fe kat\u0131lmak i\u00e7in formu doldurarak yerinizi ay\u0131rtmay\u0131 unutmay\u0131n. Last message from today. At 13:37.\" aria-setsize=\"-1\" data-qa=\"virtual-list-item\" data-item-key=\"1758883049.658889\"><div class=\"c-message_kit__background c-message_kit__message c-message_kit__thread_message\" role=\"presentation\" data-qa=\"message_container\" data-qa-unprocessed=\"false\" data-qa-placeholder=\"false\"><div class=\"c-message_kit__hover\" role=\"document\" aria-roledescription=\"message\" data-qa-hover=\"true\"><div class=\"c-message_kit__actions c-message_kit__actions--default\"><div class=\"c-message_kit__gutter c-message_kit__gutter--compact\"><div class=\"c-message_kit__gutter__right\" role=\"presentation\" data-qa=\"message_content\"><div class=\"c-message_kit__indent\"><div class=\"c-message_kit__blocks c-message_kit__blocks--rich_text\"><div class=\"c-message__message_blocks c-message__message_blocks--rich_text\" data-qa=\"message-text\"><div class=\"p-block_kit_renderer\" data-qa=\"block-kit-renderer\"><div class=\"p-block_kit_renderer__block_wrapper p-block_kit_renderer__block_wrapper--first\"><div class=\"p-rich_text_block\" dir=\"auto\"><div class=\"p-rich_text_section\"><p><b data-stringify-type=\"bold\">\u2794 <em>\u0130\u015f Modelinize Uygun Yap\u0131lanma<\/em>: <\/b>LLC ve C-Corp yap\u0131lar\u0131n\u0131 kar\u015f\u0131la\u015ft\u0131rarak, Delaware ve Wyoming gibi eyaletlerin \u015firket yap\u0131s\u0131 ve i\u015f modeliniz a\u00e7\u0131s\u0131ndan hangisinin daha uygun oldu\u011funu ele alaca\u011f\u0131z.<\/p><\/div><div class=\"p-rich_text_section\"><b>\u2794 <em>ABD Vergi Sezonu<\/em>: <\/b>Federal, eyalet ve sat\u0131\u015f vergisi aras\u0131ndaki farklar ve kritik tarihler neler? T\u00fcrkiye\u2019de ya\u015farken ABD\u2019ye kar\u015f\u0131 hangi vergi y\u00fck\u00fcml\u00fcl\u00fckleri do\u011far?<\/div><div>\u00a0<\/div><div class=\"p-rich_text_section\"><b data-path-to-node=\"12\" data-index-in-node=\"0\">\u2794 <em>Bankac\u0131l\u0131k ve \u00d6deme Altyap\u0131lar\u0131<\/em>: <\/b>\u00d6deme alma s\u00fcre\u00e7lerinde ya\u015fanan engelleri a\u015fmak i\u00e7in yasal yollar. Uzaktan banka hesab\u0131 a\u00e7\u0131l\u0131\u015f\u0131 ve finansal ak\u0131\u015f\u0131n kurulmas\u0131.<\/div><div>\u00a0<\/div><div class=\"p-rich_text_section\"><strong>\u2794 <em>Soru &#8211; Cevap B\u00f6l\u00fcm\u00fc<\/em><\/strong><b data-stringify-type=\"bold\">: <\/b>Sunumun ard\u0131ndan Ahmet Konak ve M. \u0130layda \u015eencan ile interaktif soru-cevap oturumumuz olacak. Global yolculu\u011funuzda yan\u0131n\u0131za alabilece\u011finiz en de\u011ferli bilgileri ka\u00e7\u0131rmay\u0131n.<\/div><div>\u00a0<\/div><div class=\"p-rich_text_section\"><b data-stringify-type=\"bold\">Etkinli\u011fe kat\u0131lmak i\u00e7in formu doldurarak yerinizi ay\u0131rtmay\u0131 unutmay\u0131n.<\/b><\/div><\/div><\/div><\/div><\/div><\/div><\/div><\/div><\/div><\/div><\/div><\/div><\/div>\t\t\t\t\t\t\t\t<\/div>\n\t\t\t\t<\/div>\n\t\t\t\t<\/div>\n\t\t<div class=\"jet-sticky-column elementor-element elementor-element-4182023 e-con-full e-flex e-con e-child\" data-jet-settings=\"{&quot;id&quot;:&quot;4182023&quot;,&quot;sticky&quot;:true,&quot;topSpacing&quot;:50,&quot;bottomSpacing&quot;:50,&quot;stickyOn&quot;:[&quot;desktop&quot;,&quot;tablet&quot;],&quot;behavior&quot;:&quot;default&quot;,&quot;zIndex&quot;:1100}\" data-id=\"4182023\" data-element_type=\"container\" data-settings=\"{&quot;jet_parallax_layout_list&quot;:[]}\">\n\t\t\t\t<div class=\"elementor-element elementor-element-9f2281b elementor-widget elementor-widget-html\" data-id=\"9f2281b\" data-element_type=\"widget\" data-widget_type=\"html.default\">\n\t\t\t\t<div class=\"elementor-widget-container\">\n\t\t\t\t\t<div data-tf-live=\"01KEY71ZYQAF8YMFQXGQPJ9SP5\"><\/div><script src=\"\/\/embed.typeform.com\/next\/embed.js\"><\/script>\t\t\t\t<\/div>\n\t\t\t\t<\/div>\n\t\t\t\t<div class=\"elementor-element elementor-element-b9cfd31 elementor-widget elementor-widget-text-editor\" data-id=\"b9cfd31\" data-element_type=\"widget\" data-widget_type=\"text-editor.default\">\n\t\t\t\t<div class=\"elementor-widget-container\">\n\t\t\t\t\t\t\t\t\t\u0130leti\u015fim aboneli\u011finizi istedi\u011finiz zaman iptal edebilirsiniz. Detaylar i\u00e7in <a href=\"https:\/\/clemta.com\/privacy-policy\/\">Gizlilik Politikam\u0131z\u0131<\/a> inceleyin.\t\t\t\t\t\t\t\t<\/div>\n\t\t\t\t<\/div>\n\t\t\t\t<\/div>\n\t\t\t\t\t<\/div>\n\t\t\t\t<\/div>\n\t\t\t\t<\/div>\n\t\t","protected":false},"excerpt":{"rendered":"<p>Etsy Giri\u015fimcileri i\u00e7in ABD\u2019de \u015eirketle\u015fme ve Vergi S\u00fcre\u00e7leri Konak Akademi\u2019nin Etsy toplulu\u011fu i\u00e7in biriktirdi\u011fi de\u011ferli bilgiler, Clemta\u2019n\u0131n finansal ve hukuki uzmanl\u0131\u011f\u0131yla bu \u00f6zel etkinlikte bir araya geliyor. ABD vergi sezonunun ba\u015flad\u0131\u011f\u0131 bu d\u00f6nemde, Etsy giri\u015fimcilerinin en \u00e7ok ihtiya\u00e7 duydu\u011fu \u015firketle\u015fme + vergi uyumlulu\u011fu konular\u0131n\u0131 birlikte ele al\u0131yoruz. Bu oturumda; \u015firket kurulumundan vergi beyan\u0131na, banka hesab\u0131 [&hellip;]<\/p>\n","protected":false},"author":29,"featured_media":20186,"parent":0,"menu_order":0,"comment_status":"closed","ping_status":"closed","template":"","meta":{"footnotes":""},"class_list":["post-19757","page","type-page","status-publish","has-post-thumbnail","hentry"],"yoast_head":"<!-- This site is optimized with the Yoast SEO plugin v25.9 - https:\/\/yoast.com\/wordpress\/plugins\/seo\/ -->\n<title>Etsy Giri\u015fimcileri i\u00e7in ABD\u2019de \u015eirketle\u015fme ve Vergi S\u00fcre\u00e7leri | Clemta Webinar<\/title>\n<meta name=\"description\" content=\"Etsy sat\u0131c\u0131lar\u0131 i\u00e7in ABD\u2019de \u015firketle\u015fme ve vergi sezonunda bilinmesi gereken y\u00fck\u00fcml\u00fcl\u00fckler bu webinarda.\" \/>\n<meta name=\"robots\" content=\"index, follow, max-snippet:-1, max-image-preview:large, max-video-preview:-1\" \/>\n<link rel=\"canonical\" href=\"https:\/\/clemta.com\/tr\/etsy-abd-sirketlesme-vergi-webinar\/\" \/>\n<meta property=\"og:locale\" content=\"tr_TR\" \/>\n<meta property=\"og:type\" content=\"article\" \/>\n<meta property=\"og:title\" content=\"Etsy Giri\u015fimcileri i\u00e7in ABD\u2019de \u015eirketle\u015fme ve Vergi S\u00fcre\u00e7leri | Clemta Webinar\" \/>\n<meta property=\"og:description\" content=\"Etsy sat\u0131c\u0131lar\u0131 i\u00e7in ABD\u2019de \u015firketle\u015fme ve vergi sezonunda bilinmesi gereken y\u00fck\u00fcml\u00fcl\u00fckler bu webinarda.\" \/>\n<meta property=\"og:url\" content=\"https:\/\/clemta.com\/tr\/etsy-abd-sirketlesme-vergi-webinar\/\" \/>\n<meta property=\"og:site_name\" content=\"Clemta\" \/>\n<meta property=\"article:publisher\" content=\"https:\/\/facebook.com\/clemtainc\" \/>\n<meta property=\"article:modified_time\" content=\"2026-02-17T08:16:45+00:00\" \/>\n<meta property=\"og:image\" content=\"https:\/\/clemta.com\/wp-content\/uploads\/2026\/02\/konak-4-mart-webinar.png\" \/>\n\t<meta property=\"og:image:width\" content=\"2048\" \/>\n\t<meta property=\"og:image:height\" content=\"1152\" \/>\n\t<meta property=\"og:image:type\" content=\"image\/png\" \/>\n<meta name=\"twitter:card\" content=\"summary_large_image\" \/>\n<meta name=\"twitter:site\" content=\"@clemta_us\" \/>\n<meta name=\"twitter:label1\" content=\"Tahmini okuma s\u00fcresi\" \/>\n\t<meta name=\"twitter:data1\" content=\"2 dakika\" \/>\n<script type=\"application\/ld+json\" class=\"yoast-schema-graph\">{\"@context\":\"https:\/\/schema.org\",\"@graph\":[{\"@type\":\"WebPage\",\"@id\":\"https:\/\/clemta.com\/tr\/etsy-abd-sirketlesme-vergi-webinar\/\",\"url\":\"https:\/\/clemta.com\/tr\/etsy-abd-sirketlesme-vergi-webinar\/\",\"name\":\"Etsy Giri\u015fimcileri i\u00e7in ABD\u2019de \u015eirketle\u015fme ve Vergi S\u00fcre\u00e7leri | Clemta Webinar\",\"isPartOf\":{\"@id\":\"https:\/\/clemta.com\/tr\/#website\"},\"primaryImageOfPage\":{\"@id\":\"https:\/\/clemta.com\/tr\/etsy-abd-sirketlesme-vergi-webinar\/#primaryimage\"},\"image\":{\"@id\":\"https:\/\/clemta.com\/tr\/etsy-abd-sirketlesme-vergi-webinar\/#primaryimage\"},\"thumbnailUrl\":\"https:\/\/clemta.com\/wp-content\/uploads\/2026\/02\/konak-4-mart-webinar.png\",\"datePublished\":\"2026-02-12T10:05:35+00:00\",\"dateModified\":\"2026-02-17T08:16:45+00:00\",\"description\":\"Etsy sat\u0131c\u0131lar\u0131 i\u00e7in ABD\u2019de \u015firketle\u015fme ve vergi sezonunda bilinmesi gereken y\u00fck\u00fcml\u00fcl\u00fckler bu webinarda.\",\"breadcrumb\":{\"@id\":\"https:\/\/clemta.com\/tr\/etsy-abd-sirketlesme-vergi-webinar\/#breadcrumb\"},\"inLanguage\":\"tr\",\"potentialAction\":[{\"@type\":\"ReadAction\",\"target\":[\"https:\/\/clemta.com\/tr\/etsy-abd-sirketlesme-vergi-webinar\/\"]}]},{\"@type\":\"ImageObject\",\"inLanguage\":\"tr\",\"@id\":\"https:\/\/clemta.com\/tr\/etsy-abd-sirketlesme-vergi-webinar\/#primaryimage\",\"url\":\"https:\/\/clemta.com\/wp-content\/uploads\/2026\/02\/konak-4-mart-webinar.png\",\"contentUrl\":\"https:\/\/clemta.com\/wp-content\/uploads\/2026\/02\/konak-4-mart-webinar.png\",\"width\":2048,\"height\":1152,\"caption\":\"konak webinar 4 mart\"},{\"@type\":\"BreadcrumbList\",\"@id\":\"https:\/\/clemta.com\/tr\/etsy-abd-sirketlesme-vergi-webinar\/#breadcrumb\",\"itemListElement\":[{\"@type\":\"ListItem\",\"position\":1,\"name\":\"Home\",\"item\":\"https:\/\/clemta.com\/tr\/\"},{\"@type\":\"ListItem\",\"position\":2,\"name\":\"Etsy Giri\u015fimcileri i\u00e7in ABD\u2019de \u015eirketle\u015fme ve Vergi S\u00fcre\u00e7leri\"}]},{\"@type\":\"WebSite\",\"@id\":\"https:\/\/clemta.com\/tr\/#website\",\"url\":\"https:\/\/clemta.com\/tr\/\",\"name\":\"Clemta\",\"description\":\"\",\"publisher\":{\"@id\":\"https:\/\/clemta.com\/tr\/#organization\"},\"potentialAction\":[{\"@type\":\"SearchAction\",\"target\":{\"@type\":\"EntryPoint\",\"urlTemplate\":\"https:\/\/clemta.com\/tr\/?s={search_term_string}\"},\"query-input\":{\"@type\":\"PropertyValueSpecification\",\"valueRequired\":true,\"valueName\":\"search_term_string\"}}],\"inLanguage\":\"tr\"},{\"@type\":\"Organization\",\"@id\":\"https:\/\/clemta.com\/tr\/#organization\",\"name\":\"Clemta\",\"url\":\"https:\/\/clemta.com\/tr\/\",\"logo\":{\"@type\":\"ImageObject\",\"inLanguage\":\"tr\",\"@id\":\"https:\/\/clemta.com\/tr\/#\/schema\/logo\/image\/\",\"url\":\"https:\/\/clemta.com\/wp-content\/uploads\/2023\/03\/logo-clemta-com.png\",\"contentUrl\":\"https:\/\/clemta.com\/wp-content\/uploads\/2023\/03\/logo-clemta-com.png\",\"width\":1920,\"height\":456,\"caption\":\"Clemta\"},\"image\":{\"@id\":\"https:\/\/clemta.com\/tr\/#\/schema\/logo\/image\/\"},\"sameAs\":[\"https:\/\/facebook.com\/clemtainc\",\"https:\/\/x.com\/clemta_us\",\"https:\/\/www.instagram.com\/clemta_us\/\",\"https:\/\/www.linkedin.com\/company\/clemta-support\"]}]}<\/script>\n<!-- \/ Yoast SEO plugin. -->","yoast_head_json":{"title":"Etsy Giri\u015fimcileri i\u00e7in ABD\u2019de \u015eirketle\u015fme ve Vergi S\u00fcre\u00e7leri | Clemta Webinar","description":"Etsy sat\u0131c\u0131lar\u0131 i\u00e7in ABD\u2019de \u015firketle\u015fme ve vergi sezonunda bilinmesi gereken y\u00fck\u00fcml\u00fcl\u00fckler bu webinarda.","robots":{"index":"index","follow":"follow","max-snippet":"max-snippet:-1","max-image-preview":"max-image-preview:large","max-video-preview":"max-video-preview:-1"},"canonical":"https:\/\/clemta.com\/tr\/etsy-abd-sirketlesme-vergi-webinar\/","og_locale":"tr_TR","og_type":"article","og_title":"Etsy Giri\u015fimcileri i\u00e7in ABD\u2019de \u015eirketle\u015fme ve Vergi S\u00fcre\u00e7leri | Clemta Webinar","og_description":"Etsy sat\u0131c\u0131lar\u0131 i\u00e7in ABD\u2019de \u015firketle\u015fme ve vergi sezonunda bilinmesi gereken y\u00fck\u00fcml\u00fcl\u00fckler bu webinarda.","og_url":"https:\/\/clemta.com\/tr\/etsy-abd-sirketlesme-vergi-webinar\/","og_site_name":"Clemta","article_publisher":"https:\/\/facebook.com\/clemtainc","article_modified_time":"2026-02-17T08:16:45+00:00","og_image":[{"width":2048,"height":1152,"url":"https:\/\/clemta.com\/wp-content\/uploads\/2026\/02\/konak-4-mart-webinar.png","type":"image\/png"}],"twitter_card":"summary_large_image","twitter_site":"@clemta_us","twitter_misc":{"Tahmini okuma s\u00fcresi":"2 dakika"},"schema":{"@context":"https:\/\/schema.org","@graph":[{"@type":"WebPage","@id":"https:\/\/clemta.com\/tr\/etsy-abd-sirketlesme-vergi-webinar\/","url":"https:\/\/clemta.com\/tr\/etsy-abd-sirketlesme-vergi-webinar\/","name":"Etsy Giri\u015fimcileri i\u00e7in ABD\u2019de \u015eirketle\u015fme ve Vergi S\u00fcre\u00e7leri | Clemta Webinar","isPartOf":{"@id":"https:\/\/clemta.com\/tr\/#website"},"primaryImageOfPage":{"@id":"https:\/\/clemta.com\/tr\/etsy-abd-sirketlesme-vergi-webinar\/#primaryimage"},"image":{"@id":"https:\/\/clemta.com\/tr\/etsy-abd-sirketlesme-vergi-webinar\/#primaryimage"},"thumbnailUrl":"https:\/\/clemta.com\/wp-content\/uploads\/2026\/02\/konak-4-mart-webinar.png","datePublished":"2026-02-12T10:05:35+00:00","dateModified":"2026-02-17T08:16:45+00:00","description":"Etsy sat\u0131c\u0131lar\u0131 i\u00e7in ABD\u2019de \u015firketle\u015fme ve vergi sezonunda bilinmesi gereken y\u00fck\u00fcml\u00fcl\u00fckler bu webinarda.","breadcrumb":{"@id":"https:\/\/clemta.com\/tr\/etsy-abd-sirketlesme-vergi-webinar\/#breadcrumb"},"inLanguage":"tr","potentialAction":[{"@type":"ReadAction","target":["https:\/\/clemta.com\/tr\/etsy-abd-sirketlesme-vergi-webinar\/"]}]},{"@type":"ImageObject","inLanguage":"tr","@id":"https:\/\/clemta.com\/tr\/etsy-abd-sirketlesme-vergi-webinar\/#primaryimage","url":"https:\/\/clemta.com\/wp-content\/uploads\/2026\/02\/konak-4-mart-webinar.png","contentUrl":"https:\/\/clemta.com\/wp-content\/uploads\/2026\/02\/konak-4-mart-webinar.png","width":2048,"height":1152,"caption":"konak webinar 4 mart"},{"@type":"BreadcrumbList","@id":"https:\/\/clemta.com\/tr\/etsy-abd-sirketlesme-vergi-webinar\/#breadcrumb","itemListElement":[{"@type":"ListItem","position":1,"name":"Home","item":"https:\/\/clemta.com\/tr\/"},{"@type":"ListItem","position":2,"name":"Etsy Giri\u015fimcileri i\u00e7in ABD\u2019de \u015eirketle\u015fme ve Vergi S\u00fcre\u00e7leri"}]},{"@type":"WebSite","@id":"https:\/\/clemta.com\/tr\/#website","url":"https:\/\/clemta.com\/tr\/","name":"Clemta","description":"","publisher":{"@id":"https:\/\/clemta.com\/tr\/#organization"},"potentialAction":[{"@type":"SearchAction","target":{"@type":"EntryPoint","urlTemplate":"https:\/\/clemta.com\/tr\/?s={search_term_string}"},"query-input":{"@type":"PropertyValueSpecification","valueRequired":true,"valueName":"search_term_string"}}],"inLanguage":"tr"},{"@type":"Organization","@id":"https:\/\/clemta.com\/tr\/#organization","name":"Clemta","url":"https:\/\/clemta.com\/tr\/","logo":{"@type":"ImageObject","inLanguage":"tr","@id":"https:\/\/clemta.com\/tr\/#\/schema\/logo\/image\/","url":"https:\/\/clemta.com\/wp-content\/uploads\/2023\/03\/logo-clemta-com.png","contentUrl":"https:\/\/clemta.com\/wp-content\/uploads\/2023\/03\/logo-clemta-com.png","width":1920,"height":456,"caption":"Clemta"},"image":{"@id":"https:\/\/clemta.com\/tr\/#\/schema\/logo\/image\/"},"sameAs":["https:\/\/facebook.com\/clemtainc","https:\/\/x.com\/clemta_us","https:\/\/www.instagram.com\/clemta_us\/","https:\/\/www.linkedin.com\/company\/clemta-support"]}]}},"_links":{"self":[{"href":"https:\/\/clemta.com\/tr\/wp-json\/wp\/v2\/pages\/19757","targetHints":{"allow":["GET"]}}],"collection":[{"href":"https:\/\/clemta.com\/tr\/wp-json\/wp\/v2\/pages"}],"about":[{"href":"https:\/\/clemta.com\/tr\/wp-json\/wp\/v2\/types\/page"}],"author":[{"embeddable":true,"href":"https:\/\/clemta.com\/tr\/wp-json\/wp\/v2\/users\/29"}],"replies":[{"embeddable":true,"href":"https:\/\/clemta.com\/tr\/wp-json\/wp\/v2\/comments?post=19757"}],"version-history":[{"count":15,"href":"https:\/\/clemta.com\/tr\/wp-json\/wp\/v2\/pages\/19757\/revisions"}],"predecessor-version":[{"id":20193,"href":"https:\/\/clemta.com\/tr\/wp-json\/wp\/v2\/pages\/19757\/revisions\/20193"}],"wp:featuredmedia":[{"embeddable":true,"href":"https:\/\/clemta.com\/tr\/wp-json\/wp\/v2\/media\/20186"}],"wp:attachment":[{"href":"https:\/\/clemta.com\/tr\/wp-json\/wp\/v2\/media?parent=19757"}],"curies":[{"name":"wp","href":"https:\/\/api.w.org\/{rel}","templated":true}]}}