{"id":19781,"date":"2026-01-29T10:43:30","date_gmt":"2026-01-29T10:43:30","guid":{"rendered":"https:\/\/clemta.com\/?page_id=19781"},"modified":"2026-02-03T08:43:26","modified_gmt":"2026-02-03T08:43:26","slug":"abd-vergi-sezonu-2026-webinar","status":"publish","type":"page","link":"https:\/\/clemta.com\/tr\/abd-vergi-sezonu-2026-webinar\/","title":{"rendered":"ABD Vergi Sezonu 2026: Beyan \u00d6ncesi Haz\u0131rl\u0131k Plan\u0131 ve En Kritik 5 Hata"},"content":{"rendered":"\t\t<div data-elementor-type=\"wp-page\" data-elementor-id=\"19781\" class=\"elementor elementor-19781\" data-elementor-post-type=\"page\">\n\t\t\t\t<div class=\"elementor-element elementor-element-7d83c1a e-flex e-con-boxed e-con e-parent\" data-id=\"7d83c1a\" data-element_type=\"container\" data-settings=\"{&quot;jet_parallax_layout_list&quot;:[],&quot;background_background&quot;:&quot;classic&quot;}\">\n\t\t\t\t\t<div class=\"e-con-inner\">\n\t\t<div class=\"elementor-element elementor-element-7cbbc3c e-con-full e-flex e-con e-child\" data-id=\"7cbbc3c\" data-element_type=\"container\" data-settings=\"{&quot;jet_parallax_layout_list&quot;:[]}\">\n\t\t\t\t<div class=\"elementor-element elementor-element-8a923da elementor-widget elementor-widget-image\" data-id=\"8a923da\" data-element_type=\"widget\" data-widget_type=\"image.default\">\n\t\t\t\t<div class=\"elementor-widget-container\">\n\t\t\t\t\t\t\t\t\t\t\t\t\t\t\t<img fetchpriority=\"high\" decoding=\"async\" width=\"800\" height=\"450\" src=\"https:\/\/clemta.com\/wp-content\/uploads\/2026\/01\/tr-vergi-webinar-1-1024x576.png\" class=\"attachment-large size-large wp-image-20026\" alt=\"\" srcset=\"https:\/\/clemta.com\/wp-content\/uploads\/2026\/01\/tr-vergi-webinar-1-1024x576.png 1024w, https:\/\/clemta.com\/wp-content\/uploads\/2026\/01\/tr-vergi-webinar-1-300x169.png 300w, https:\/\/clemta.com\/wp-content\/uploads\/2026\/01\/tr-vergi-webinar-1-768x432.png 768w, https:\/\/clemta.com\/wp-content\/uploads\/2026\/01\/tr-vergi-webinar-1-1536x864.png 1536w, https:\/\/clemta.com\/wp-content\/uploads\/2026\/01\/tr-vergi-webinar-1.png 2048w\" sizes=\"(max-width: 800px) 100vw, 800px\" \/>\t\t\t\t\t\t\t\t\t\t\t\t\t\t\t<\/div>\n\t\t\t\t<\/div>\n\t\t\t\t<div class=\"elementor-element elementor-element-2b95ede elementor-widget__width-initial elementor-widget elementor-widget-heading\" data-id=\"2b95ede\" data-element_type=\"widget\" data-widget_type=\"heading.default\">\n\t\t\t\t<div class=\"elementor-widget-container\">\n\t\t\t\t\t<h1 class=\"elementor-heading-title elementor-size-default\">ABD Vergi Sezonu 2026: Beyan \u00d6ncesi Haz\u0131rl\u0131k Plan\u0131 ve En Kritik 5 Hata<\/h1>\t\t\t\t<\/div>\n\t\t\t\t<\/div>\n\t\t\t\t<div class=\"elementor-element elementor-element-b47f807 elementor-widget elementor-widget-text-editor\" data-id=\"b47f807\" data-element_type=\"widget\" data-widget_type=\"text-editor.default\">\n\t\t\t\t<div class=\"elementor-widget-container\">\n\t\t\t\t\t\t\t\t\t<p data-path-to-node=\"4\">2026 vergi sezonu resmen ba\u015flad\u0131. Global giri\u015fimciler i\u00e7in uyumluluk sa\u011flamak ve cezalardan ka\u00e7\u0131nmak ad\u0131na y\u0131l\u0131n en kritik d\u00f6nemindeyiz. Bu webinarda karma\u015fay\u0131 bir kenara b\u0131rak\u0131p, beyan tarihine kadar tam olarak neye odaklanman\u0131z gerekti\u011fini konu\u015faca\u011f\u0131z.<\/p><p>\ud83d\uddd3\ufe0f <strong>Tarih:<\/strong>\u00a017 \u015eubat 2026<br \/>\u23f0 <b data-path-to-node=\"7\" data-index-in-node=\"26\">Saat:<\/b> 20:00<br \/>\ud83d\udcbb <strong>Platform:<\/strong> Zoom<br \/>\ud83c\udf99\ufe0f <strong>M. \u0130layda \u015eencan<\/strong>, CEO | Clemta<br \/>\ud83c\udf99\ufe0f <strong>Okan \u015eencan<\/strong>, CFO | Clemta<\/p><p><strong>Neleri Konu\u015faca\u011f\u0131z?<\/strong><\/p><p>\u2794\u00a0<b><i>Amerika Vergi Sistemine Giri\u015f<\/i>:<\/b>\u00a0Federal ve Eyalet vergileri aras\u0131ndaki farklar, sat\u0131\u015f vergisi (Sales Tax) y\u00fck\u00fcml\u00fcl\u00fckleri ve T\u00fcrkiye-ABD aras\u0131 vergi anla\u015fmalar\u0131n\u0131n size sa\u011flad\u0131\u011f\u0131 avantajlar.<br \/><br \/>\u2794\u00a0<b><i>Vergi Beyan\u0131 Formlar\u0131<\/i><\/b><b>:<\/b>\u00a0Yabanc\u0131 ortakl\u0131 \u015firketler i\u00e7in Form 1120 ve 5472 gibi formlar ne anlama geliyor?<br \/><br \/>\u2794\u00a0<b><i>En S\u0131k Yap\u0131lan 5 Vergi Hatas\u0131<\/i>:<\/b>\u00a0Yanl\u0131\u015f \u015firket s\u0131n\u0131fland\u0131rmas\u0131ndan, yabanc\u0131 ortakl\u0131 \u015firketler i\u00e7in ceza getiren eksik bildirimlere kadar en kritik hatalar.<br \/><br \/>\u2794\u00a0<b><i>Y\u00f6neticilerimize Sorun<\/i>:<\/b>\u00a0\u0130layda ve Okan bu webinarda sizlerle olacak, Amerika\u2019da vergi s\u00fcrecine dair t\u00fcm sorular\u0131n\u0131z\u0131 canl\u0131 yay\u0131nda sorma f\u0131rsat\u0131 yakalay\u0131n.<\/p><p><strong>Kimler Kat\u0131lmal\u0131?<\/strong><\/p><p data-path-to-node=\"9\">Bu oturum; 2025 beyanlar\u0131n\u0131 verecek \u015firket sahipleri, ilk vergi sezonunu ge\u00e7irecek yeni giri\u015fimciler ve vergi uyumlulu\u011funu net bir \u015fekilde anlay\u0131p i\u015fini b\u00fcy\u00fctmeye odaklanmak isteyen kurucular i\u00e7indir.<\/p><div class=\"container\"><div id=\"model-response-message-contentr_6d449b21ce4dbc9d\" class=\"markdown markdown-main-panel stronger enable-updated-hr-color\" dir=\"ltr\" aria-live=\"polite\" aria-busy=\"false\"><p data-path-to-node=\"10\"><b data-path-to-node=\"10\" data-index-in-node=\"0\">Formu doldurarak yerinizi hemen ay\u0131rt\u0131n.<\/b><\/p><\/div><\/div>\t\t\t\t\t\t\t\t<\/div>\n\t\t\t\t<\/div>\n\t\t\t\t<\/div>\n\t\t<div class=\"jet-sticky-column elementor-element elementor-element-4182023 e-con-full e-flex e-con e-child\" data-jet-settings=\"{&quot;id&quot;:&quot;4182023&quot;,&quot;sticky&quot;:true,&quot;topSpacing&quot;:50,&quot;bottomSpacing&quot;:50,&quot;stickyOn&quot;:[&quot;desktop&quot;,&quot;tablet&quot;],&quot;behavior&quot;:&quot;default&quot;,&quot;zIndex&quot;:1100}\" data-id=\"4182023\" data-element_type=\"container\" data-settings=\"{&quot;jet_parallax_layout_list&quot;:[]}\">\n\t\t\t\t<div class=\"elementor-element elementor-element-9f2281b elementor-widget elementor-widget-html\" data-id=\"9f2281b\" data-element_type=\"widget\" data-widget_type=\"html.default\">\n\t\t\t\t<div class=\"elementor-widget-container\">\n\t\t\t\t\t<div data-tf-live=\"01KEY6WV2YXJB6W1C5ES2NCXWG\"><\/div><script src=\"\/\/embed.typeform.com\/next\/embed.js\"><\/script>\t\t\t\t<\/div>\n\t\t\t\t<\/div>\n\t\t\t\t<div class=\"elementor-element elementor-element-b9cfd31 elementor-widget elementor-widget-text-editor\" data-id=\"b9cfd31\" data-element_type=\"widget\" data-widget_type=\"text-editor.default\">\n\t\t\t\t<div class=\"elementor-widget-container\">\n\t\t\t\t\t\t\t\t\t\u0130leti\u015fim aboneli\u011finizi istedi\u011finiz zaman iptal edebilirsiniz. Detaylar i\u00e7in <a href=\"https:\/\/clemta.com\/privacy-policy\/\">Gizlilik Politikam\u0131z\u0131<\/a> inceleyin.\t\t\t\t\t\t\t\t<\/div>\n\t\t\t\t<\/div>\n\t\t\t\t<\/div>\n\t\t\t\t\t<\/div>\n\t\t\t\t<\/div>\n\t\t\t\t<\/div>\n\t\t","protected":false},"excerpt":{"rendered":"<p>ABD Vergi Sezonu 2026: Beyan \u00d6ncesi Haz\u0131rl\u0131k Plan\u0131 ve En Kritik 5 Hata 2026 vergi sezonu resmen ba\u015flad\u0131. Global giri\u015fimciler i\u00e7in uyumluluk sa\u011flamak ve cezalardan ka\u00e7\u0131nmak ad\u0131na y\u0131l\u0131n en kritik d\u00f6nemindeyiz. Bu webinarda karma\u015fay\u0131 bir kenara b\u0131rak\u0131p, beyan tarihine kadar tam olarak neye odaklanman\u0131z gerekti\u011fini konu\u015faca\u011f\u0131z. \ud83d\uddd3\ufe0f Tarih:\u00a017 \u015eubat 2026\u23f0 Saat: 20:00\ud83d\udcbb Platform: Zoom\ud83c\udf99\ufe0f M. [&hellip;]<\/p>\n","protected":false},"author":29,"featured_media":20026,"parent":0,"menu_order":0,"comment_status":"closed","ping_status":"closed","template":"elementor_canvas","meta":{"footnotes":""},"class_list":["post-19781","page","type-page","status-publish","has-post-thumbnail","hentry"],"yoast_head":"<!-- This site is optimized with the Yoast SEO plugin v25.9 - https:\/\/yoast.com\/wordpress\/plugins\/seo\/ -->\n<title>ABD Vergi Sezonu 2026: Beyan \u00d6ncesi Haz\u0131rl\u0131k Plan\u0131 ve En Kritik 5 Hata<\/title>\n<meta name=\"description\" content=\"2026 ABD vergi sezonu geldi. \u015eirketiniz i\u00e7in kritik tarihler, zorunlu formlar ve eyalet vergileri hakk\u0131nda bilmeniz gereken her \u015feyi bu webinarda anlat\u0131yoruz. Hemen kaydolun.\" \/>\n<meta name=\"robots\" content=\"index, follow, max-snippet:-1, max-image-preview:large, max-video-preview:-1\" \/>\n<link rel=\"canonical\" href=\"https:\/\/clemta.com\/tr\/abd-vergi-sezonu-2026-webinar\/\" \/>\n<meta property=\"og:locale\" content=\"tr_TR\" \/>\n<meta property=\"og:type\" content=\"article\" \/>\n<meta property=\"og:title\" content=\"ABD Vergi Sezonu 2026: Beyan \u00d6ncesi Haz\u0131rl\u0131k Plan\u0131 ve En Kritik 5 Hata\" \/>\n<meta property=\"og:description\" content=\"2026 ABD vergi sezonu geldi. \u015eirketiniz i\u00e7in kritik tarihler, zorunlu formlar ve eyalet vergileri hakk\u0131nda bilmeniz gereken her \u015feyi bu webinarda anlat\u0131yoruz. Hemen kaydolun.\" \/>\n<meta property=\"og:url\" content=\"https:\/\/clemta.com\/tr\/abd-vergi-sezonu-2026-webinar\/\" \/>\n<meta property=\"og:site_name\" content=\"Clemta\" \/>\n<meta property=\"article:publisher\" content=\"https:\/\/facebook.com\/clemtainc\" \/>\n<meta property=\"article:modified_time\" content=\"2026-02-03T08:43:26+00:00\" \/>\n<meta property=\"og:image\" content=\"https:\/\/clemta.com\/wp-content\/uploads\/2026\/01\/tr-vergi-webinar-1.png\" \/>\n\t<meta property=\"og:image:width\" content=\"2048\" \/>\n\t<meta property=\"og:image:height\" content=\"1152\" \/>\n\t<meta property=\"og:image:type\" content=\"image\/png\" \/>\n<meta name=\"twitter:card\" content=\"summary_large_image\" \/>\n<meta name=\"twitter:site\" content=\"@clemta_us\" \/>\n<meta name=\"twitter:label1\" content=\"Tahmini okuma s\u00fcresi\" \/>\n\t<meta name=\"twitter:data1\" content=\"2 dakika\" \/>\n<script type=\"application\/ld+json\" class=\"yoast-schema-graph\">{\"@context\":\"https:\/\/schema.org\",\"@graph\":[{\"@type\":\"WebPage\",\"@id\":\"https:\/\/clemta.com\/tr\/abd-vergi-sezonu-2026-webinar\/\",\"url\":\"https:\/\/clemta.com\/tr\/abd-vergi-sezonu-2026-webinar\/\",\"name\":\"ABD Vergi Sezonu 2026: Beyan \u00d6ncesi Haz\u0131rl\u0131k Plan\u0131 ve En Kritik 5 Hata\",\"isPartOf\":{\"@id\":\"https:\/\/clemta.com\/tr\/#website\"},\"primaryImageOfPage\":{\"@id\":\"https:\/\/clemta.com\/tr\/abd-vergi-sezonu-2026-webinar\/#primaryimage\"},\"image\":{\"@id\":\"https:\/\/clemta.com\/tr\/abd-vergi-sezonu-2026-webinar\/#primaryimage\"},\"thumbnailUrl\":\"https:\/\/clemta.com\/wp-content\/uploads\/2026\/01\/tr-vergi-webinar-1.png\",\"datePublished\":\"2026-01-29T10:43:30+00:00\",\"dateModified\":\"2026-02-03T08:43:26+00:00\",\"description\":\"2026 ABD vergi sezonu geldi. \u015eirketiniz i\u00e7in kritik tarihler, zorunlu formlar ve eyalet vergileri hakk\u0131nda bilmeniz gereken her \u015feyi bu webinarda anlat\u0131yoruz. Hemen kaydolun.\",\"breadcrumb\":{\"@id\":\"https:\/\/clemta.com\/tr\/abd-vergi-sezonu-2026-webinar\/#breadcrumb\"},\"inLanguage\":\"tr\",\"potentialAction\":[{\"@type\":\"ReadAction\",\"target\":[\"https:\/\/clemta.com\/tr\/abd-vergi-sezonu-2026-webinar\/\"]}]},{\"@type\":\"ImageObject\",\"inLanguage\":\"tr\",\"@id\":\"https:\/\/clemta.com\/tr\/abd-vergi-sezonu-2026-webinar\/#primaryimage\",\"url\":\"https:\/\/clemta.com\/wp-content\/uploads\/2026\/01\/tr-vergi-webinar-1.png\",\"contentUrl\":\"https:\/\/clemta.com\/wp-content\/uploads\/2026\/01\/tr-vergi-webinar-1.png\",\"width\":2048,\"height\":1152},{\"@type\":\"BreadcrumbList\",\"@id\":\"https:\/\/clemta.com\/tr\/abd-vergi-sezonu-2026-webinar\/#breadcrumb\",\"itemListElement\":[{\"@type\":\"ListItem\",\"position\":1,\"name\":\"Home\",\"item\":\"https:\/\/clemta.com\/tr\/\"},{\"@type\":\"ListItem\",\"position\":2,\"name\":\"ABD Vergi Sezonu 2026: Beyan \u00d6ncesi Haz\u0131rl\u0131k Plan\u0131 ve En Kritik 5 Hata\"}]},{\"@type\":\"WebSite\",\"@id\":\"https:\/\/clemta.com\/tr\/#website\",\"url\":\"https:\/\/clemta.com\/tr\/\",\"name\":\"Clemta\",\"description\":\"\",\"publisher\":{\"@id\":\"https:\/\/clemta.com\/tr\/#organization\"},\"potentialAction\":[{\"@type\":\"SearchAction\",\"target\":{\"@type\":\"EntryPoint\",\"urlTemplate\":\"https:\/\/clemta.com\/tr\/?s={search_term_string}\"},\"query-input\":{\"@type\":\"PropertyValueSpecification\",\"valueRequired\":true,\"valueName\":\"search_term_string\"}}],\"inLanguage\":\"tr\"},{\"@type\":\"Organization\",\"@id\":\"https:\/\/clemta.com\/tr\/#organization\",\"name\":\"Clemta\",\"url\":\"https:\/\/clemta.com\/tr\/\",\"logo\":{\"@type\":\"ImageObject\",\"inLanguage\":\"tr\",\"@id\":\"https:\/\/clemta.com\/tr\/#\/schema\/logo\/image\/\",\"url\":\"https:\/\/clemta.com\/wp-content\/uploads\/2023\/03\/logo-clemta-com.png\",\"contentUrl\":\"https:\/\/clemta.com\/wp-content\/uploads\/2023\/03\/logo-clemta-com.png\",\"width\":1920,\"height\":456,\"caption\":\"Clemta\"},\"image\":{\"@id\":\"https:\/\/clemta.com\/tr\/#\/schema\/logo\/image\/\"},\"sameAs\":[\"https:\/\/facebook.com\/clemtainc\",\"https:\/\/x.com\/clemta_us\",\"https:\/\/www.instagram.com\/clemta_us\/\",\"https:\/\/www.linkedin.com\/company\/clemta-support\"]}]}<\/script>\n<!-- \/ Yoast SEO plugin. -->","yoast_head_json":{"title":"ABD Vergi Sezonu 2026: Beyan \u00d6ncesi Haz\u0131rl\u0131k Plan\u0131 ve En Kritik 5 Hata","description":"2026 ABD vergi sezonu geldi. \u015eirketiniz i\u00e7in kritik tarihler, zorunlu formlar ve eyalet vergileri hakk\u0131nda bilmeniz gereken her \u015feyi bu webinarda anlat\u0131yoruz. Hemen kaydolun.","robots":{"index":"index","follow":"follow","max-snippet":"max-snippet:-1","max-image-preview":"max-image-preview:large","max-video-preview":"max-video-preview:-1"},"canonical":"https:\/\/clemta.com\/tr\/abd-vergi-sezonu-2026-webinar\/","og_locale":"tr_TR","og_type":"article","og_title":"ABD Vergi Sezonu 2026: Beyan \u00d6ncesi Haz\u0131rl\u0131k Plan\u0131 ve En Kritik 5 Hata","og_description":"2026 ABD vergi sezonu geldi. \u015eirketiniz i\u00e7in kritik tarihler, zorunlu formlar ve eyalet vergileri hakk\u0131nda bilmeniz gereken her \u015feyi bu webinarda anlat\u0131yoruz. Hemen kaydolun.","og_url":"https:\/\/clemta.com\/tr\/abd-vergi-sezonu-2026-webinar\/","og_site_name":"Clemta","article_publisher":"https:\/\/facebook.com\/clemtainc","article_modified_time":"2026-02-03T08:43:26+00:00","og_image":[{"width":2048,"height":1152,"url":"https:\/\/clemta.com\/wp-content\/uploads\/2026\/01\/tr-vergi-webinar-1.png","type":"image\/png"}],"twitter_card":"summary_large_image","twitter_site":"@clemta_us","twitter_misc":{"Tahmini okuma s\u00fcresi":"2 dakika"},"schema":{"@context":"https:\/\/schema.org","@graph":[{"@type":"WebPage","@id":"https:\/\/clemta.com\/tr\/abd-vergi-sezonu-2026-webinar\/","url":"https:\/\/clemta.com\/tr\/abd-vergi-sezonu-2026-webinar\/","name":"ABD Vergi Sezonu 2026: Beyan \u00d6ncesi Haz\u0131rl\u0131k Plan\u0131 ve En Kritik 5 Hata","isPartOf":{"@id":"https:\/\/clemta.com\/tr\/#website"},"primaryImageOfPage":{"@id":"https:\/\/clemta.com\/tr\/abd-vergi-sezonu-2026-webinar\/#primaryimage"},"image":{"@id":"https:\/\/clemta.com\/tr\/abd-vergi-sezonu-2026-webinar\/#primaryimage"},"thumbnailUrl":"https:\/\/clemta.com\/wp-content\/uploads\/2026\/01\/tr-vergi-webinar-1.png","datePublished":"2026-01-29T10:43:30+00:00","dateModified":"2026-02-03T08:43:26+00:00","description":"2026 ABD vergi sezonu geldi. \u015eirketiniz i\u00e7in kritik tarihler, zorunlu formlar ve eyalet vergileri hakk\u0131nda bilmeniz gereken her \u015feyi bu webinarda anlat\u0131yoruz. Hemen kaydolun.","breadcrumb":{"@id":"https:\/\/clemta.com\/tr\/abd-vergi-sezonu-2026-webinar\/#breadcrumb"},"inLanguage":"tr","potentialAction":[{"@type":"ReadAction","target":["https:\/\/clemta.com\/tr\/abd-vergi-sezonu-2026-webinar\/"]}]},{"@type":"ImageObject","inLanguage":"tr","@id":"https:\/\/clemta.com\/tr\/abd-vergi-sezonu-2026-webinar\/#primaryimage","url":"https:\/\/clemta.com\/wp-content\/uploads\/2026\/01\/tr-vergi-webinar-1.png","contentUrl":"https:\/\/clemta.com\/wp-content\/uploads\/2026\/01\/tr-vergi-webinar-1.png","width":2048,"height":1152},{"@type":"BreadcrumbList","@id":"https:\/\/clemta.com\/tr\/abd-vergi-sezonu-2026-webinar\/#breadcrumb","itemListElement":[{"@type":"ListItem","position":1,"name":"Home","item":"https:\/\/clemta.com\/tr\/"},{"@type":"ListItem","position":2,"name":"ABD Vergi Sezonu 2026: Beyan \u00d6ncesi Haz\u0131rl\u0131k Plan\u0131 ve En Kritik 5 Hata"}]},{"@type":"WebSite","@id":"https:\/\/clemta.com\/tr\/#website","url":"https:\/\/clemta.com\/tr\/","name":"Clemta","description":"","publisher":{"@id":"https:\/\/clemta.com\/tr\/#organization"},"potentialAction":[{"@type":"SearchAction","target":{"@type":"EntryPoint","urlTemplate":"https:\/\/clemta.com\/tr\/?s={search_term_string}"},"query-input":{"@type":"PropertyValueSpecification","valueRequired":true,"valueName":"search_term_string"}}],"inLanguage":"tr"},{"@type":"Organization","@id":"https:\/\/clemta.com\/tr\/#organization","name":"Clemta","url":"https:\/\/clemta.com\/tr\/","logo":{"@type":"ImageObject","inLanguage":"tr","@id":"https:\/\/clemta.com\/tr\/#\/schema\/logo\/image\/","url":"https:\/\/clemta.com\/wp-content\/uploads\/2023\/03\/logo-clemta-com.png","contentUrl":"https:\/\/clemta.com\/wp-content\/uploads\/2023\/03\/logo-clemta-com.png","width":1920,"height":456,"caption":"Clemta"},"image":{"@id":"https:\/\/clemta.com\/tr\/#\/schema\/logo\/image\/"},"sameAs":["https:\/\/facebook.com\/clemtainc","https:\/\/x.com\/clemta_us","https:\/\/www.instagram.com\/clemta_us\/","https:\/\/www.linkedin.com\/company\/clemta-support"]}]}},"_links":{"self":[{"href":"https:\/\/clemta.com\/tr\/wp-json\/wp\/v2\/pages\/19781","targetHints":{"allow":["GET"]}}],"collection":[{"href":"https:\/\/clemta.com\/tr\/wp-json\/wp\/v2\/pages"}],"about":[{"href":"https:\/\/clemta.com\/tr\/wp-json\/wp\/v2\/types\/page"}],"author":[{"embeddable":true,"href":"https:\/\/clemta.com\/tr\/wp-json\/wp\/v2\/users\/29"}],"replies":[{"embeddable":true,"href":"https:\/\/clemta.com\/tr\/wp-json\/wp\/v2\/comments?post=19781"}],"version-history":[{"count":20,"href":"https:\/\/clemta.com\/tr\/wp-json\/wp\/v2\/pages\/19781\/revisions"}],"predecessor-version":[{"id":20059,"href":"https:\/\/clemta.com\/tr\/wp-json\/wp\/v2\/pages\/19781\/revisions\/20059"}],"wp:featuredmedia":[{"embeddable":true,"href":"https:\/\/clemta.com\/tr\/wp-json\/wp\/v2\/media\/20026"}],"wp:attachment":[{"href":"https:\/\/clemta.com\/tr\/wp-json\/wp\/v2\/media?parent=19781"}],"curies":[{"name":"wp","href":"https:\/\/api.w.org\/{rel}","templated":true}]}}