{"id":20119,"date":"2026-02-11T13:25:36","date_gmt":"2026-02-11T13:25:36","guid":{"rendered":"https:\/\/clemta.com\/?page_id=20119"},"modified":"2026-02-11T13:54:59","modified_gmt":"2026-02-11T13:54:59","slug":"ikade-clemta-global-sirketlesme-webinar","status":"publish","type":"page","link":"https:\/\/clemta.com\/tr\/ikade-clemta-global-sirketlesme-webinar\/","title":{"rendered":"Global Pazarlarda \u015eirketle\u015fme ve Sonras\u0131 S\u00fcre\u00e7ler"},"content":{"rendered":"\t\t<div data-elementor-type=\"wp-page\" data-elementor-id=\"20119\" class=\"elementor elementor-20119\" data-elementor-post-type=\"page\">\n\t\t\t\t<div class=\"elementor-element elementor-element-7d83c1a e-flex e-con-boxed e-con e-parent\" data-id=\"7d83c1a\" data-element_type=\"container\" data-settings=\"{&quot;jet_parallax_layout_list&quot;:[],&quot;background_background&quot;:&quot;classic&quot;}\">\n\t\t\t\t\t<div class=\"e-con-inner\">\n\t\t<div class=\"elementor-element elementor-element-7cbbc3c e-con-full e-flex e-con e-child\" data-id=\"7cbbc3c\" data-element_type=\"container\" data-settings=\"{&quot;jet_parallax_layout_list&quot;:[]}\">\n\t\t\t\t<div class=\"elementor-element elementor-element-8a923da elementor-widget elementor-widget-image\" data-id=\"8a923da\" data-element_type=\"widget\" data-widget_type=\"image.default\">\n\t\t\t\t<div class=\"elementor-widget-container\">\n\t\t\t\t\t\t\t\t\t\t\t\t\t\t\t<img fetchpriority=\"high\" decoding=\"async\" width=\"800\" height=\"450\" src=\"https:\/\/clemta.com\/wp-content\/uploads\/2026\/02\/clemta-x-ikade-webinar-1024x576.png\" class=\"attachment-large size-large wp-image-20120\" alt=\"\" srcset=\"https:\/\/clemta.com\/wp-content\/uploads\/2026\/02\/clemta-x-ikade-webinar-1024x576.png 1024w, https:\/\/clemta.com\/wp-content\/uploads\/2026\/02\/clemta-x-ikade-webinar-300x169.png 300w, https:\/\/clemta.com\/wp-content\/uploads\/2026\/02\/clemta-x-ikade-webinar-768x432.png 768w, https:\/\/clemta.com\/wp-content\/uploads\/2026\/02\/clemta-x-ikade-webinar-1536x864.png 1536w, https:\/\/clemta.com\/wp-content\/uploads\/2026\/02\/clemta-x-ikade-webinar.png 2048w\" sizes=\"(max-width: 800px) 100vw, 800px\" \/>\t\t\t\t\t\t\t\t\t\t\t\t\t\t\t<\/div>\n\t\t\t\t<\/div>\n\t\t\t\t<div class=\"elementor-element elementor-element-2b95ede elementor-widget__width-initial elementor-widget elementor-widget-heading\" data-id=\"2b95ede\" data-element_type=\"widget\" data-widget_type=\"heading.default\">\n\t\t\t\t<div class=\"elementor-widget-container\">\n\t\t\t\t\t<h1 class=\"elementor-heading-title elementor-size-default\">Global Pazarlarda \u015eirketle\u015fme ve Sonras\u0131 S\u00fcre\u00e7ler\n\n<\/h1>\t\t\t\t<\/div>\n\t\t\t\t<\/div>\n\t\t\t\t<div class=\"elementor-element elementor-element-b47f807 elementor-widget elementor-widget-text-editor\" data-id=\"b47f807\" data-element_type=\"widget\" data-widget_type=\"text-editor.default\">\n\t\t\t\t<div class=\"elementor-widget-container\">\n\t\t\t\t\t\t\t\t\t<p class=\"p1\">Kad\u0131n giri\u015fimcilerin global pazarlarda s\u00fcrd\u00fcr\u00fclebilir \u015fekilde b\u00fcy\u00fcyebilmesi i\u00e7in \u015firketle\u015fme, bankac\u0131l\u0131k ve vergi s\u00fcre\u00e7lerini sadele\u015ftiriyoruz.<\/p><p class=\"p1\">\u0130KADE ve Clemta i\u015f birli\u011fiyle d\u00fczenlenen bu webinarda, uluslararas\u0131 pazarlara a\u00e7\u0131lmak isteyen giri\u015fimciler i\u00e7in kritik ad\u0131mlar\u0131 net bir \u00e7er\u00e7evede ele al\u0131yoruz.<\/p><p><strong>\ud83d\uddd3\ufe0f Tarih: <\/strong>18 \u015eubat 2026, \u00c7ar\u015famba<br \/><strong>\u23f0 Saat: <\/strong>10:00<br \/><strong>\ud83c\udf99\ufe0f M. \u0130layda \u015eencan, <\/strong>CEO | Clemta<br \/><strong>\ud83c\udf99\ufe0f Sevtap K\u00fc\u00e7\u00fck,\u00a0 <\/strong>President | \u0130KADE<\/p><p><strong>Bu Webinarda Neler Konu\u015faca\u011f\u0131z?<\/strong><\/p><div id=\"D05KDHP2AF7-1758880841.047609-thread-list-huddle_threads_1758883049.658889\" class=\"c-virtual_list__item\" tabindex=\"0\" role=\"listitem\" aria-label=\"\u00d6zg\u00fcr. In @\u00d6zg\u00fcr. Bu sunumda, Etsy giri\u015fimcilerinin en \u00e7ok merak etti\u011fi sorulara \u0131\u015f\u0131k tutaca\u011f\u0131z: \u2022 Neden ABD \u015eirketi? Etsy Payments ve Stripe eri\u015fimi i\u00e7in \u015firketle\u015fmenin rol\u00fc \u2022 Do\u011fru Yap\u0131 Hangisi? LLC mi, C-Corp mu? Avantajlar\u0131 ve farklar\u0131 \u2022 Kurulum Sonras\u0131 \u0130lk Ad\u0131mlar: EIN, banka hesab\u0131 ve operasyonel s\u00fcre\u00e7ler \u2022 Vergi Y\u00fck\u00fcml\u00fcl\u00fckleri: Sat\u0131\u015f ve gelir vergisi konusunda bilmeniz gerekenler \u2022 S\u0131k Hatalar: T\u00fcrkiye\u2019den sat\u0131\u015f yapan giri\u015fimcilerin en yayg\u0131n hatalar\u0131 ve \u00e7\u00f6z\u00fcmleri Sunumun ard\u0131ndan Ahmet Konak ve M. \u0130layda \u015eencan ile interaktif soru-cevap oturumumuz olacak. Global yolculu\u011funuzda yan\u0131n\u0131za alabilece\u011finiz en de\u011ferli bilgileri ka\u00e7\u0131rmay\u0131n. Etkinli\u011fe kat\u0131lmak i\u00e7in formu doldurarak yerinizi ay\u0131rtmay\u0131 unutmay\u0131n. Last message from today. At 13:37.\" aria-setsize=\"-1\" data-qa=\"virtual-list-item\" data-item-key=\"1758883049.658889\"><div class=\"c-message_kit__background c-message_kit__message c-message_kit__thread_message\" role=\"presentation\" data-qa=\"message_container\" data-qa-unprocessed=\"false\" data-qa-placeholder=\"false\"><div class=\"c-message_kit__hover\" role=\"document\" aria-roledescription=\"message\" data-qa-hover=\"true\"><div class=\"c-message_kit__actions c-message_kit__actions--default\"><div class=\"c-message_kit__gutter c-message_kit__gutter--compact\"><div class=\"c-message_kit__gutter__right\" role=\"presentation\" data-qa=\"message_content\"><div class=\"c-message_kit__indent\"><div class=\"c-message_kit__blocks c-message_kit__blocks--rich_text\"><div class=\"c-message__message_blocks c-message__message_blocks--rich_text\" data-qa=\"message-text\"><div class=\"p-block_kit_renderer\" data-qa=\"block-kit-renderer\"><div class=\"p-block_kit_renderer__block_wrapper p-block_kit_renderer__block_wrapper--first\"><div class=\"p-rich_text_block\" dir=\"auto\"><div class=\"p-rich_text_section\"><b><b>\u2794 <\/b><\/b><strong><em>Stratejik Pazarlar<\/em><\/strong><b><b>: <\/b><\/b>\u0130\u015f modeliniz i\u00e7in hangi \u00fclkenin daha uygun oldu\u011funu, \u015firket kurulum s\u00fcre\u00e7lerini ve uzaktan \u015firketle\u015fmenin nas\u0131l m\u00fcmk\u00fcn oldu\u011funu ele al\u0131yoruz.<\/div><div>\u00a0<\/div><div class=\"p-rich_text_section\"><b><b>\u2794 <\/b><\/b><strong><em>Yasal Uyumluluk ve Mevzuat<\/em><\/strong><b><b>: <\/b><\/b>Farkl\u0131 \u00fclkelerde giri\u015fimcileri bekleyen yasal sorumluluklar\u0131, s\u0131k yap\u0131lan hatalar\u0131 ve b\u00fcrokratik s\u00fcre\u00e7lerin nas\u0131l sadele\u015ftirilebilece\u011fini payla\u015f\u0131yoruz.<\/div><div>\u00a0<\/div><div class=\"p-rich_text_section\"><b><b>\u2794 <\/b><\/b><strong><em>Bankac\u0131l\u0131k, \u00d6deme ve Vergi S\u00fcre\u00e7leri<\/em><\/strong><b><b>: <\/b><\/b>Global pazarlarda banka hesab\u0131 a\u00e7ma se\u00e7eneklerini, \u00f6deme altyap\u0131lar\u0131n\u0131n kullan\u0131m\u0131n\u0131 ve temel vergi ile raporlama konular\u0131n\u0131 aktar\u0131yoruz.<\/div><div>\u00a0<\/div><div class=\"p-rich_text_section\"><strong>\u2794 <em>Soru &#8211; Cevap<\/em><\/strong><b data-stringify-type=\"bold\">: <\/b>Sunumun ard\u0131ndan, sorular\u0131n\u0131z\u0131 do\u011frudan sorabilece\u011finiz interaktif bir soru-cevap b\u00f6l\u00fcm\u00fc ger\u00e7ekle\u015ftiriyoruz.<\/div><div>\u00a0<\/div><div class=\"p-rich_text_section\"><b data-stringify-type=\"bold\">Etkinli\u011fe kat\u0131lmak i\u00e7in formu doldurarak yerinizi ay\u0131rtmay\u0131 unutmay\u0131n.<\/b><\/div><\/div><\/div><\/div><\/div><\/div><\/div><\/div><\/div><\/div><\/div><\/div><\/div>\t\t\t\t\t\t\t\t<\/div>\n\t\t\t\t<\/div>\n\t\t\t\t<\/div>\n\t\t<div class=\"jet-sticky-column elementor-element elementor-element-4182023 e-con-full e-flex e-con e-child\" data-jet-settings=\"{&quot;id&quot;:&quot;4182023&quot;,&quot;sticky&quot;:true,&quot;topSpacing&quot;:50,&quot;bottomSpacing&quot;:50,&quot;stickyOn&quot;:[&quot;desktop&quot;,&quot;tablet&quot;],&quot;behavior&quot;:&quot;default&quot;,&quot;zIndex&quot;:1100}\" data-id=\"4182023\" data-element_type=\"container\" data-settings=\"{&quot;jet_parallax_layout_list&quot;:[]}\">\n\t\t\t\t<div class=\"elementor-element elementor-element-9f2281b elementor-widget elementor-widget-html\" data-id=\"9f2281b\" data-element_type=\"widget\" data-widget_type=\"html.default\">\n\t\t\t\t<div class=\"elementor-widget-container\">\n\t\t\t\t\t<div data-tf-live=\"01KH6F9ENHAQY5KNNGRQ0EPJP9\"><\/div><script src=\"\/\/embed.typeform.com\/next\/embed.js\"><\/script>\t\t\t\t<\/div>\n\t\t\t\t<\/div>\n\t\t\t\t<div class=\"elementor-element elementor-element-b9cfd31 elementor-widget elementor-widget-text-editor\" data-id=\"b9cfd31\" data-element_type=\"widget\" data-widget_type=\"text-editor.default\">\n\t\t\t\t<div class=\"elementor-widget-container\">\n\t\t\t\t\t\t\t\t\t\u0130leti\u015fim aboneli\u011finizi istedi\u011finiz zaman iptal edebilirsiniz. Detaylar i\u00e7in <a href=\"https:\/\/clemta.com\/privacy-policy\/\">Gizlilik Politikam\u0131z\u0131<\/a> inceleyin.\t\t\t\t\t\t\t\t<\/div>\n\t\t\t\t<\/div>\n\t\t\t\t<\/div>\n\t\t\t\t\t<\/div>\n\t\t\t\t<\/div>\n\t\t\t\t<\/div>\n\t\t","protected":false},"excerpt":{"rendered":"<p>Global Pazarlarda \u015eirketle\u015fme ve Sonras\u0131 S\u00fcre\u00e7ler Kad\u0131n giri\u015fimcilerin global pazarlarda s\u00fcrd\u00fcr\u00fclebilir \u015fekilde b\u00fcy\u00fcyebilmesi i\u00e7in \u015firketle\u015fme, bankac\u0131l\u0131k ve vergi s\u00fcre\u00e7lerini sadele\u015ftiriyoruz. \u0130KADE ve Clemta i\u015f birli\u011fiyle d\u00fczenlenen bu webinarda, uluslararas\u0131 pazarlara a\u00e7\u0131lmak isteyen giri\u015fimciler i\u00e7in kritik ad\u0131mlar\u0131 net bir \u00e7er\u00e7evede ele al\u0131yoruz. \ud83d\uddd3\ufe0f Tarih: 18 \u015eubat 2026, \u00c7ar\u015famba\u23f0 Saat: 10:00\ud83c\udf99\ufe0f M. \u0130layda \u015eencan, CEO | Clemta\ud83c\udf99\ufe0f [&hellip;]<\/p>\n","protected":false},"author":12,"featured_media":20120,"parent":0,"menu_order":0,"comment_status":"closed","ping_status":"closed","template":"elementor_canvas","meta":{"footnotes":""},"class_list":["post-20119","page","type-page","status-publish","has-post-thumbnail","hentry"],"yoast_head":"<!-- This site is optimized with the Yoast SEO plugin v25.9 - https:\/\/yoast.com\/wordpress\/plugins\/seo\/ -->\n<title>Global Pazarlarda \u015eirketle\u015fme ve Sonras\u0131 S\u00fcre\u00e7ler | \u0130KADE x Clemta Webinar<\/title>\n<meta name=\"description\" content=\"Global pazarlara a\u00e7\u0131lmak isteyen kad\u0131n giri\u015fimciler i\u00e7in \u015firketle\u015fme, vergi ve uyumluluk s\u00fcre\u00e7lerinin anlat\u0131ld\u0131\u011f\u0131 \u0130KADE x Clemta webinar\u0131na kat\u0131l\u0131n.\" \/>\n<meta name=\"robots\" content=\"index, follow, max-snippet:-1, max-image-preview:large, max-video-preview:-1\" \/>\n<link rel=\"canonical\" href=\"https:\/\/clemta.com\/tr\/ikade-clemta-global-sirketlesme-webinar\/\" \/>\n<meta property=\"og:locale\" content=\"tr_TR\" \/>\n<meta property=\"og:type\" content=\"article\" \/>\n<meta property=\"og:title\" content=\"Global Pazarlarda \u015eirketle\u015fme ve Sonras\u0131 S\u00fcre\u00e7ler | \u0130KADE x Clemta Webinar\" \/>\n<meta property=\"og:description\" content=\"Global pazarlara a\u00e7\u0131lmak isteyen kad\u0131n giri\u015fimciler i\u00e7in \u015firketle\u015fme, vergi ve uyumluluk s\u00fcre\u00e7lerinin anlat\u0131ld\u0131\u011f\u0131 \u0130KADE x Clemta webinar\u0131na kat\u0131l\u0131n.\" \/>\n<meta property=\"og:url\" content=\"https:\/\/clemta.com\/tr\/ikade-clemta-global-sirketlesme-webinar\/\" \/>\n<meta property=\"og:site_name\" content=\"Clemta\" \/>\n<meta property=\"article:publisher\" content=\"https:\/\/facebook.com\/clemtainc\" \/>\n<meta property=\"article:modified_time\" content=\"2026-02-11T13:54:59+00:00\" \/>\n<meta property=\"og:image\" content=\"https:\/\/clemta.com\/wp-content\/uploads\/2026\/02\/clemta-x-ikade-webinar.png\" \/>\n\t<meta property=\"og:image:width\" content=\"2048\" \/>\n\t<meta property=\"og:image:height\" content=\"1152\" \/>\n\t<meta property=\"og:image:type\" content=\"image\/png\" \/>\n<meta name=\"twitter:card\" content=\"summary_large_image\" \/>\n<meta name=\"twitter:site\" content=\"@clemta_us\" \/>\n<meta name=\"twitter:label1\" content=\"Tahmini okuma s\u00fcresi\" \/>\n\t<meta name=\"twitter:data1\" content=\"2 dakika\" \/>\n<script type=\"application\/ld+json\" class=\"yoast-schema-graph\">{\"@context\":\"https:\/\/schema.org\",\"@graph\":[{\"@type\":\"WebPage\",\"@id\":\"https:\/\/clemta.com\/tr\/ikade-clemta-global-sirketlesme-webinar\/\",\"url\":\"https:\/\/clemta.com\/tr\/ikade-clemta-global-sirketlesme-webinar\/\",\"name\":\"Global Pazarlarda \u015eirketle\u015fme ve Sonras\u0131 S\u00fcre\u00e7ler | \u0130KADE x Clemta Webinar\",\"isPartOf\":{\"@id\":\"https:\/\/clemta.com\/tr\/#website\"},\"primaryImageOfPage\":{\"@id\":\"https:\/\/clemta.com\/tr\/ikade-clemta-global-sirketlesme-webinar\/#primaryimage\"},\"image\":{\"@id\":\"https:\/\/clemta.com\/tr\/ikade-clemta-global-sirketlesme-webinar\/#primaryimage\"},\"thumbnailUrl\":\"https:\/\/clemta.com\/wp-content\/uploads\/2026\/02\/clemta-x-ikade-webinar.png\",\"datePublished\":\"2026-02-11T13:25:36+00:00\",\"dateModified\":\"2026-02-11T13:54:59+00:00\",\"description\":\"Global pazarlara a\u00e7\u0131lmak isteyen kad\u0131n giri\u015fimciler i\u00e7in \u015firketle\u015fme, vergi ve uyumluluk s\u00fcre\u00e7lerinin anlat\u0131ld\u0131\u011f\u0131 \u0130KADE x Clemta webinar\u0131na kat\u0131l\u0131n.\",\"breadcrumb\":{\"@id\":\"https:\/\/clemta.com\/tr\/ikade-clemta-global-sirketlesme-webinar\/#breadcrumb\"},\"inLanguage\":\"tr\",\"potentialAction\":[{\"@type\":\"ReadAction\",\"target\":[\"https:\/\/clemta.com\/tr\/ikade-clemta-global-sirketlesme-webinar\/\"]}]},{\"@type\":\"ImageObject\",\"inLanguage\":\"tr\",\"@id\":\"https:\/\/clemta.com\/tr\/ikade-clemta-global-sirketlesme-webinar\/#primaryimage\",\"url\":\"https:\/\/clemta.com\/wp-content\/uploads\/2026\/02\/clemta-x-ikade-webinar.png\",\"contentUrl\":\"https:\/\/clemta.com\/wp-content\/uploads\/2026\/02\/clemta-x-ikade-webinar.png\",\"width\":2048,\"height\":1152},{\"@type\":\"BreadcrumbList\",\"@id\":\"https:\/\/clemta.com\/tr\/ikade-clemta-global-sirketlesme-webinar\/#breadcrumb\",\"itemListElement\":[{\"@type\":\"ListItem\",\"position\":1,\"name\":\"Home\",\"item\":\"https:\/\/clemta.com\/tr\/\"},{\"@type\":\"ListItem\",\"position\":2,\"name\":\"Global Pazarlarda \u015eirketle\u015fme ve Sonras\u0131 S\u00fcre\u00e7ler\"}]},{\"@type\":\"WebSite\",\"@id\":\"https:\/\/clemta.com\/tr\/#website\",\"url\":\"https:\/\/clemta.com\/tr\/\",\"name\":\"Clemta\",\"description\":\"\",\"publisher\":{\"@id\":\"https:\/\/clemta.com\/tr\/#organization\"},\"potentialAction\":[{\"@type\":\"SearchAction\",\"target\":{\"@type\":\"EntryPoint\",\"urlTemplate\":\"https:\/\/clemta.com\/tr\/?s={search_term_string}\"},\"query-input\":{\"@type\":\"PropertyValueSpecification\",\"valueRequired\":true,\"valueName\":\"search_term_string\"}}],\"inLanguage\":\"tr\"},{\"@type\":\"Organization\",\"@id\":\"https:\/\/clemta.com\/tr\/#organization\",\"name\":\"Clemta\",\"url\":\"https:\/\/clemta.com\/tr\/\",\"logo\":{\"@type\":\"ImageObject\",\"inLanguage\":\"tr\",\"@id\":\"https:\/\/clemta.com\/tr\/#\/schema\/logo\/image\/\",\"url\":\"https:\/\/clemta.com\/wp-content\/uploads\/2023\/03\/logo-clemta-com.png\",\"contentUrl\":\"https:\/\/clemta.com\/wp-content\/uploads\/2023\/03\/logo-clemta-com.png\",\"width\":1920,\"height\":456,\"caption\":\"Clemta\"},\"image\":{\"@id\":\"https:\/\/clemta.com\/tr\/#\/schema\/logo\/image\/\"},\"sameAs\":[\"https:\/\/facebook.com\/clemtainc\",\"https:\/\/x.com\/clemta_us\",\"https:\/\/www.instagram.com\/clemta_us\/\",\"https:\/\/www.linkedin.com\/company\/clemta-support\"]}]}<\/script>\n<!-- \/ Yoast SEO plugin. -->","yoast_head_json":{"title":"Global Pazarlarda \u015eirketle\u015fme ve Sonras\u0131 S\u00fcre\u00e7ler | \u0130KADE x Clemta Webinar","description":"Global pazarlara a\u00e7\u0131lmak isteyen kad\u0131n giri\u015fimciler i\u00e7in \u015firketle\u015fme, vergi ve uyumluluk s\u00fcre\u00e7lerinin anlat\u0131ld\u0131\u011f\u0131 \u0130KADE x Clemta webinar\u0131na kat\u0131l\u0131n.","robots":{"index":"index","follow":"follow","max-snippet":"max-snippet:-1","max-image-preview":"max-image-preview:large","max-video-preview":"max-video-preview:-1"},"canonical":"https:\/\/clemta.com\/tr\/ikade-clemta-global-sirketlesme-webinar\/","og_locale":"tr_TR","og_type":"article","og_title":"Global Pazarlarda \u015eirketle\u015fme ve Sonras\u0131 S\u00fcre\u00e7ler | \u0130KADE x Clemta Webinar","og_description":"Global pazarlara a\u00e7\u0131lmak isteyen kad\u0131n giri\u015fimciler i\u00e7in \u015firketle\u015fme, vergi ve uyumluluk s\u00fcre\u00e7lerinin anlat\u0131ld\u0131\u011f\u0131 \u0130KADE x Clemta webinar\u0131na kat\u0131l\u0131n.","og_url":"https:\/\/clemta.com\/tr\/ikade-clemta-global-sirketlesme-webinar\/","og_site_name":"Clemta","article_publisher":"https:\/\/facebook.com\/clemtainc","article_modified_time":"2026-02-11T13:54:59+00:00","og_image":[{"width":2048,"height":1152,"url":"https:\/\/clemta.com\/wp-content\/uploads\/2026\/02\/clemta-x-ikade-webinar.png","type":"image\/png"}],"twitter_card":"summary_large_image","twitter_site":"@clemta_us","twitter_misc":{"Tahmini okuma s\u00fcresi":"2 dakika"},"schema":{"@context":"https:\/\/schema.org","@graph":[{"@type":"WebPage","@id":"https:\/\/clemta.com\/tr\/ikade-clemta-global-sirketlesme-webinar\/","url":"https:\/\/clemta.com\/tr\/ikade-clemta-global-sirketlesme-webinar\/","name":"Global Pazarlarda \u015eirketle\u015fme ve Sonras\u0131 S\u00fcre\u00e7ler | \u0130KADE x Clemta Webinar","isPartOf":{"@id":"https:\/\/clemta.com\/tr\/#website"},"primaryImageOfPage":{"@id":"https:\/\/clemta.com\/tr\/ikade-clemta-global-sirketlesme-webinar\/#primaryimage"},"image":{"@id":"https:\/\/clemta.com\/tr\/ikade-clemta-global-sirketlesme-webinar\/#primaryimage"},"thumbnailUrl":"https:\/\/clemta.com\/wp-content\/uploads\/2026\/02\/clemta-x-ikade-webinar.png","datePublished":"2026-02-11T13:25:36+00:00","dateModified":"2026-02-11T13:54:59+00:00","description":"Global pazarlara a\u00e7\u0131lmak isteyen kad\u0131n giri\u015fimciler i\u00e7in \u015firketle\u015fme, vergi ve uyumluluk s\u00fcre\u00e7lerinin anlat\u0131ld\u0131\u011f\u0131 \u0130KADE x Clemta webinar\u0131na kat\u0131l\u0131n.","breadcrumb":{"@id":"https:\/\/clemta.com\/tr\/ikade-clemta-global-sirketlesme-webinar\/#breadcrumb"},"inLanguage":"tr","potentialAction":[{"@type":"ReadAction","target":["https:\/\/clemta.com\/tr\/ikade-clemta-global-sirketlesme-webinar\/"]}]},{"@type":"ImageObject","inLanguage":"tr","@id":"https:\/\/clemta.com\/tr\/ikade-clemta-global-sirketlesme-webinar\/#primaryimage","url":"https:\/\/clemta.com\/wp-content\/uploads\/2026\/02\/clemta-x-ikade-webinar.png","contentUrl":"https:\/\/clemta.com\/wp-content\/uploads\/2026\/02\/clemta-x-ikade-webinar.png","width":2048,"height":1152},{"@type":"BreadcrumbList","@id":"https:\/\/clemta.com\/tr\/ikade-clemta-global-sirketlesme-webinar\/#breadcrumb","itemListElement":[{"@type":"ListItem","position":1,"name":"Home","item":"https:\/\/clemta.com\/tr\/"},{"@type":"ListItem","position":2,"name":"Global Pazarlarda \u015eirketle\u015fme ve Sonras\u0131 S\u00fcre\u00e7ler"}]},{"@type":"WebSite","@id":"https:\/\/clemta.com\/tr\/#website","url":"https:\/\/clemta.com\/tr\/","name":"Clemta","description":"","publisher":{"@id":"https:\/\/clemta.com\/tr\/#organization"},"potentialAction":[{"@type":"SearchAction","target":{"@type":"EntryPoint","urlTemplate":"https:\/\/clemta.com\/tr\/?s={search_term_string}"},"query-input":{"@type":"PropertyValueSpecification","valueRequired":true,"valueName":"search_term_string"}}],"inLanguage":"tr"},{"@type":"Organization","@id":"https:\/\/clemta.com\/tr\/#organization","name":"Clemta","url":"https:\/\/clemta.com\/tr\/","logo":{"@type":"ImageObject","inLanguage":"tr","@id":"https:\/\/clemta.com\/tr\/#\/schema\/logo\/image\/","url":"https:\/\/clemta.com\/wp-content\/uploads\/2023\/03\/logo-clemta-com.png","contentUrl":"https:\/\/clemta.com\/wp-content\/uploads\/2023\/03\/logo-clemta-com.png","width":1920,"height":456,"caption":"Clemta"},"image":{"@id":"https:\/\/clemta.com\/tr\/#\/schema\/logo\/image\/"},"sameAs":["https:\/\/facebook.com\/clemtainc","https:\/\/x.com\/clemta_us","https:\/\/www.instagram.com\/clemta_us\/","https:\/\/www.linkedin.com\/company\/clemta-support"]}]}},"_links":{"self":[{"href":"https:\/\/clemta.com\/tr\/wp-json\/wp\/v2\/pages\/20119","targetHints":{"allow":["GET"]}}],"collection":[{"href":"https:\/\/clemta.com\/tr\/wp-json\/wp\/v2\/pages"}],"about":[{"href":"https:\/\/clemta.com\/tr\/wp-json\/wp\/v2\/types\/page"}],"author":[{"embeddable":true,"href":"https:\/\/clemta.com\/tr\/wp-json\/wp\/v2\/users\/12"}],"replies":[{"embeddable":true,"href":"https:\/\/clemta.com\/tr\/wp-json\/wp\/v2\/comments?post=20119"}],"version-history":[{"count":7,"href":"https:\/\/clemta.com\/tr\/wp-json\/wp\/v2\/pages\/20119\/revisions"}],"predecessor-version":[{"id":20131,"href":"https:\/\/clemta.com\/tr\/wp-json\/wp\/v2\/pages\/20119\/revisions\/20131"}],"wp:featuredmedia":[{"embeddable":true,"href":"https:\/\/clemta.com\/tr\/wp-json\/wp\/v2\/media\/20120"}],"wp:attachment":[{"href":"https:\/\/clemta.com\/tr\/wp-json\/wp\/v2\/media?parent=20119"}],"curies":[{"name":"wp","href":"https:\/\/api.w.org\/{rel}","templated":true}]}}