{"id":20604,"date":"2026-04-29T14:18:18","date_gmt":"2026-04-29T14:18:18","guid":{"rendered":"https:\/\/clemta.com\/?page_id=20604"},"modified":"2026-04-29T15:57:19","modified_gmt":"2026-04-29T15:57:19","slug":"turkiye-yatirim-tesvikleri-2026","status":"publish","type":"page","link":"https:\/\/clemta.com\/tr\/turkiye-yatirim-tesvikleri-2026\/","title":{"rendered":"T\u00fcrkiye\u2019nin Yeni Te\u015fvik Plan\u0131: \u0130\u015f D\u00fcnyas\u0131 ve Global \u015eirketler \u0130\u00e7in Ne Anlama Geliyor?"},"content":{"rendered":"\t\t<div data-elementor-type=\"wp-page\" data-elementor-id=\"20604\" class=\"elementor elementor-20604\" data-elementor-post-type=\"page\">\n\t\t\t\t<div class=\"elementor-element elementor-element-7d83c1a e-flex e-con-boxed e-con e-parent\" data-id=\"7d83c1a\" data-element_type=\"container\" data-settings=\"{&quot;jet_parallax_layout_list&quot;:[],&quot;background_background&quot;:&quot;classic&quot;}\">\n\t\t\t\t\t<div class=\"e-con-inner\">\n\t\t<div class=\"elementor-element elementor-element-7cbbc3c e-con-full e-flex e-con e-child\" data-id=\"7cbbc3c\" data-element_type=\"container\" data-settings=\"{&quot;jet_parallax_layout_list&quot;:[]}\">\n\t\t\t\t<div class=\"elementor-element elementor-element-8a923da elementor-widget elementor-widget-image\" data-id=\"8a923da\" data-element_type=\"widget\" data-widget_type=\"image.default\">\n\t\t\t\t<div class=\"elementor-widget-container\">\n\t\t\t\t\t\t\t\t\t\t\t\t\t\t\t<img fetchpriority=\"high\" decoding=\"async\" width=\"800\" height=\"450\" src=\"https:\/\/clemta.com\/wp-content\/uploads\/2026\/04\/cenk-okan-3-1024x576.png\" class=\"attachment-large size-large wp-image-20618\" alt=\"\" srcset=\"https:\/\/clemta.com\/wp-content\/uploads\/2026\/04\/cenk-okan-3-1024x576.png 1024w, https:\/\/clemta.com\/wp-content\/uploads\/2026\/04\/cenk-okan-3-300x169.png 300w, https:\/\/clemta.com\/wp-content\/uploads\/2026\/04\/cenk-okan-3-768x432.png 768w, https:\/\/clemta.com\/wp-content\/uploads\/2026\/04\/cenk-okan-3-1536x864.png 1536w, https:\/\/clemta.com\/wp-content\/uploads\/2026\/04\/cenk-okan-3.png 2048w\" sizes=\"(max-width: 800px) 100vw, 800px\" \/>\t\t\t\t\t\t\t\t\t\t\t\t\t\t\t<\/div>\n\t\t\t\t<\/div>\n\t\t\t\t<div class=\"elementor-element elementor-element-2b95ede elementor-widget__width-initial elementor-widget elementor-widget-heading\" data-id=\"2b95ede\" data-element_type=\"widget\" data-widget_type=\"heading.default\">\n\t\t\t\t<div class=\"elementor-widget-container\">\n\t\t\t\t\t<h1 class=\"elementor-heading-title elementor-size-default\">T\u00fcrkiye\u2019nin Yeni Te\u015fvik Plan\u0131: \u0130\u015f D\u00fcnyas\u0131 ve Global \u015eirketler \u0130\u00e7in Ne Anlama Geliyor?<\/h1>\t\t\t\t<\/div>\n\t\t\t\t<\/div>\n\t\t\t\t<div class=\"elementor-element elementor-element-b47f807 elementor-widget elementor-widget-text-editor\" data-id=\"b47f807\" data-element_type=\"widget\" data-widget_type=\"text-editor.default\">\n\t\t\t\t<div class=\"elementor-widget-container\">\n\t\t\t\t\t\t\t\t\t<p class=\"p1\">T\u00fcrkiye\u2019de a\u00e7\u0131klanan yeni yat\u0131r\u0131m te\u015fvik plan\u0131, hem yerel \u015firketler hem de global operasyon kurmak isteyen giri\u015fimciler i\u00e7in \u00f6nemli de\u011fi\u015fiklikler getiriyor. Vergi avantajlar\u0131ndan finansman desteklerine kadar bir\u00e7ok ba\u015fl\u0131k yeniden \u015fekilleniyor.<\/p>\n<p class=\"p1\">Bu webinarda, te\u015fvik plan\u0131n\u0131n detaylar\u0131n\u0131 sade bir \u015fekilde ele alacak ve bu de\u011fi\u015fikliklerin i\u015finizi nas\u0131l etkileyebilece\u011fini net bir \u00e7er\u00e7evede anlataca\u011f\u0131z.<\/p>\n<p>\ud83d\uddd3\ufe0f <strong>Tarih: <\/strong>7 May\u0131s 2026, Per\u015fembe<br \/>\u23f0 <b data-path-to-node=\"7\" data-index-in-node=\"26\">Saat:<\/b> 20:00<br \/>\ud83d\udcbb <strong>Platform:<\/strong> Zoom<br \/>\ud83c\udf99\ufe0f <strong>Cenk Batur<\/strong>, Co-founder | Aposkal<br \/>\ud83c\udf99\ufe0f <strong>Okan \u015eencan<\/strong>, Founder | Clemta<\/p>\n<p><strong>Neleri Konu\u015faca\u011f\u0131z?<\/strong><\/p>\n<p>\u2794 <em><b>Yeni Te\u015fvik Plan\u0131n\u0131n Temel Yap\u0131s\u0131<\/b><\/em><b>: <\/b>A\u00e7\u0131klanan te\u015fvik modelinin ana bile\u015fenleri, hangi sekt\u00f6rleri kapsad\u0131\u011f\u0131 ve i\u015f d\u00fcnyas\u0131 i\u00e7in neden kritik oldu\u011fu.<\/p>\n<p>\u2794 <em><b>Vergi Avantajlar\u0131 ve Finansal Destekler<\/b><\/em><b>: <\/b>Vergi indirimleri, yat\u0131r\u0131m katk\u0131lar\u0131, kredi ve finansman desteklerinin \u015firketler \u00fczerindeki etkisi.<\/p>\n<p>\u2794 <em><b>Yat\u0131r\u0131m Stratejileri Nas\u0131l De\u011fi\u015fmeli<\/b><\/em><b>: <\/b>Bu yeni te\u015fvik sistemiyle birlikte \u015firketlerin yat\u0131r\u0131m, b\u00fcy\u00fcme ve yap\u0131lanma stratejilerini nas\u0131l g\u00fcncellemesi gerekti\u011fi.<\/p>\n<p>\u2794 <em><b>Canl\u0131 Soru &amp; Cevap<\/b><\/em><b>: <\/b>Webinar boyunca ve sonunda, akl\u0131n\u0131zdaki t\u00fcm sorular\u0131 do\u011frudan konu\u015fmac\u0131lara sorma f\u0131rsat\u0131.<\/p>\n<div class=\"container\">\n<div id=\"model-response-message-contentr_6d449b21ce4dbc9d\" class=\"markdown markdown-main-panel stronger enable-updated-hr-color\" dir=\"ltr\" aria-live=\"polite\" aria-busy=\"false\">\n<p data-path-to-node=\"10\"><b data-path-to-node=\"10\" data-index-in-node=\"0\">Formu doldurarak yerinizi hemen ay\u0131rt\u0131n.<\/b><\/p>\n<\/div>\n<\/div>\t\t\t\t\t\t\t\t<\/div>\n\t\t\t\t<\/div>\n\t\t\t\t<\/div>\n\t\t<div class=\"jet-sticky-column elementor-element elementor-element-4182023 e-con-full e-flex e-con e-child\" data-jet-settings=\"{&quot;id&quot;:&quot;4182023&quot;,&quot;sticky&quot;:true,&quot;topSpacing&quot;:50,&quot;bottomSpacing&quot;:50,&quot;stickyOn&quot;:[&quot;desktop&quot;,&quot;tablet&quot;],&quot;behavior&quot;:&quot;default&quot;,&quot;zIndex&quot;:1100}\" data-id=\"4182023\" data-element_type=\"container\" data-settings=\"{&quot;jet_parallax_layout_list&quot;:[]}\">\n\t\t\t\t<div class=\"elementor-element elementor-element-9f2281b elementor-widget elementor-widget-html\" data-id=\"9f2281b\" data-element_type=\"widget\" data-widget_type=\"html.default\">\n\t\t\t\t<div class=\"elementor-widget-container\">\n\t\t\t\t\t<div data-tf-live=\"01KQCYJB2XX9P5W07DWGACKA7Z\"><\/div><script src=\"\/\/embed.typeform.com\/next\/embed.js\"><\/script>\t\t\t\t<\/div>\n\t\t\t\t<\/div>\n\t\t\t\t<div class=\"elementor-element elementor-element-b9cfd31 elementor-widget elementor-widget-text-editor\" data-id=\"b9cfd31\" data-element_type=\"widget\" data-widget_type=\"text-editor.default\">\n\t\t\t\t<div class=\"elementor-widget-container\">\n\t\t\t\t\t\t\t\t\t\u0130leti\u015fim aboneli\u011finizi istedi\u011finiz zaman iptal edebilirsiniz. Detaylar i\u00e7in <a href=\"https:\/\/clemta.com\/privacy-policy\/\">Gizlilik Politikam\u0131z\u0131<\/a> inceleyin.\t\t\t\t\t\t\t\t<\/div>\n\t\t\t\t<\/div>\n\t\t\t\t<\/div>\n\t\t\t\t\t<\/div>\n\t\t\t\t<\/div>\n\t\t\t\t<\/div>\n\t\t","protected":false},"excerpt":{"rendered":"<p>T\u00fcrkiye\u2019nin Yeni Te\u015fvik Plan\u0131: \u0130\u015f D\u00fcnyas\u0131 ve Global \u015eirketler \u0130\u00e7in Ne Anlama Geliyor? T\u00fcrkiye\u2019de a\u00e7\u0131klanan yeni yat\u0131r\u0131m te\u015fvik plan\u0131, hem yerel \u015firketler hem de global operasyon kurmak isteyen giri\u015fimciler i\u00e7in \u00f6nemli de\u011fi\u015fiklikler getiriyor. Vergi avantajlar\u0131ndan finansman desteklerine kadar bir\u00e7ok ba\u015fl\u0131k yeniden \u015fekilleniyor. Bu webinarda, te\u015fvik plan\u0131n\u0131n detaylar\u0131n\u0131 sade bir \u015fekilde ele alacak ve bu de\u011fi\u015fikliklerin [&hellip;]<\/p>\n","protected":false},"author":12,"featured_media":20618,"parent":0,"menu_order":0,"comment_status":"closed","ping_status":"closed","template":"elementor_canvas","meta":{"footnotes":""},"class_list":["post-20604","page","type-page","status-publish","has-post-thumbnail","hentry"],"yoast_head":"<!-- This site is optimized with the Yoast SEO plugin v25.9 - https:\/\/yoast.com\/wordpress\/plugins\/seo\/ -->\n<title>T\u00fcrkiye\u2019nin Yeni Te\u015fvik Plan\u0131: \u0130\u015f D\u00fcnyas\u0131 ve Global \u015eirketler \u0130\u00e7in Ne Anlama Geliyor?<\/title>\n<meta name=\"description\" content=\"T\u00fcrkiye\u2019nin yeni yat\u0131r\u0131m te\u015fvik plan\u0131 i\u015f d\u00fcnyas\u0131n\u0131 ve global \u015firketleri nas\u0131l etkiliyor? Vergi avantajlar\u0131, destekler ve f\u0131rsatlar\u0131 bu webinarda detayl\u0131ca \u00f6\u011frenin.\" \/>\n<meta name=\"robots\" content=\"index, follow, max-snippet:-1, max-image-preview:large, max-video-preview:-1\" \/>\n<link rel=\"canonical\" href=\"https:\/\/clemta.com\/tr\/turkiye-yatirim-tesvikleri-2026\/\" \/>\n<meta property=\"og:locale\" content=\"tr_TR\" \/>\n<meta property=\"og:type\" content=\"article\" \/>\n<meta property=\"og:title\" content=\"T\u00fcrkiye\u2019nin Yeni Te\u015fvik Plan\u0131: \u0130\u015f D\u00fcnyas\u0131 ve Global \u015eirketler \u0130\u00e7in Ne Anlama Geliyor?\" \/>\n<meta property=\"og:description\" content=\"T\u00fcrkiye\u2019nin yeni yat\u0131r\u0131m te\u015fvik plan\u0131 i\u015f d\u00fcnyas\u0131n\u0131 ve global \u015firketleri nas\u0131l etkiliyor? Vergi avantajlar\u0131, destekler ve f\u0131rsatlar\u0131 bu webinarda detayl\u0131ca \u00f6\u011frenin.\" \/>\n<meta property=\"og:url\" content=\"https:\/\/clemta.com\/tr\/turkiye-yatirim-tesvikleri-2026\/\" \/>\n<meta property=\"og:site_name\" content=\"Clemta\" \/>\n<meta property=\"article:publisher\" content=\"https:\/\/facebook.com\/clemtainc\" \/>\n<meta property=\"article:modified_time\" content=\"2026-04-29T15:57:19+00:00\" \/>\n<meta property=\"og:image\" content=\"https:\/\/clemta.com\/wp-content\/uploads\/2026\/04\/cenk-okan-3.png\" \/>\n\t<meta property=\"og:image:width\" content=\"2048\" \/>\n\t<meta property=\"og:image:height\" content=\"1152\" \/>\n\t<meta property=\"og:image:type\" content=\"image\/png\" \/>\n<meta name=\"twitter:card\" content=\"summary_large_image\" \/>\n<meta name=\"twitter:site\" content=\"@clemta_us\" \/>\n<meta name=\"twitter:label1\" content=\"Tahmini okuma s\u00fcresi\" \/>\n\t<meta name=\"twitter:data1\" content=\"2 dakika\" \/>\n<script type=\"application\/ld+json\" class=\"yoast-schema-graph\">{\"@context\":\"https:\/\/schema.org\",\"@graph\":[{\"@type\":\"WebPage\",\"@id\":\"https:\/\/clemta.com\/tr\/turkiye-yatirim-tesvikleri-2026\/\",\"url\":\"https:\/\/clemta.com\/tr\/turkiye-yatirim-tesvikleri-2026\/\",\"name\":\"T\u00fcrkiye\u2019nin Yeni Te\u015fvik Plan\u0131: \u0130\u015f D\u00fcnyas\u0131 ve Global \u015eirketler \u0130\u00e7in Ne Anlama Geliyor?\",\"isPartOf\":{\"@id\":\"https:\/\/clemta.com\/tr\/#website\"},\"primaryImageOfPage\":{\"@id\":\"https:\/\/clemta.com\/tr\/turkiye-yatirim-tesvikleri-2026\/#primaryimage\"},\"image\":{\"@id\":\"https:\/\/clemta.com\/tr\/turkiye-yatirim-tesvikleri-2026\/#primaryimage\"},\"thumbnailUrl\":\"https:\/\/clemta.com\/wp-content\/uploads\/2026\/04\/cenk-okan-3.png\",\"datePublished\":\"2026-04-29T14:18:18+00:00\",\"dateModified\":\"2026-04-29T15:57:19+00:00\",\"description\":\"T\u00fcrkiye\u2019nin yeni yat\u0131r\u0131m te\u015fvik plan\u0131 i\u015f d\u00fcnyas\u0131n\u0131 ve global \u015firketleri nas\u0131l etkiliyor? Vergi avantajlar\u0131, destekler ve f\u0131rsatlar\u0131 bu webinarda detayl\u0131ca \u00f6\u011frenin.\",\"breadcrumb\":{\"@id\":\"https:\/\/clemta.com\/tr\/turkiye-yatirim-tesvikleri-2026\/#breadcrumb\"},\"inLanguage\":\"tr\",\"potentialAction\":[{\"@type\":\"ReadAction\",\"target\":[\"https:\/\/clemta.com\/tr\/turkiye-yatirim-tesvikleri-2026\/\"]}]},{\"@type\":\"ImageObject\",\"inLanguage\":\"tr\",\"@id\":\"https:\/\/clemta.com\/tr\/turkiye-yatirim-tesvikleri-2026\/#primaryimage\",\"url\":\"https:\/\/clemta.com\/wp-content\/uploads\/2026\/04\/cenk-okan-3.png\",\"contentUrl\":\"https:\/\/clemta.com\/wp-content\/uploads\/2026\/04\/cenk-okan-3.png\",\"width\":2048,\"height\":1152},{\"@type\":\"BreadcrumbList\",\"@id\":\"https:\/\/clemta.com\/tr\/turkiye-yatirim-tesvikleri-2026\/#breadcrumb\",\"itemListElement\":[{\"@type\":\"ListItem\",\"position\":1,\"name\":\"Home\",\"item\":\"https:\/\/clemta.com\/tr\/\"},{\"@type\":\"ListItem\",\"position\":2,\"name\":\"T\u00fcrkiye\u2019nin Yeni Te\u015fvik Plan\u0131: \u0130\u015f D\u00fcnyas\u0131 ve Global \u015eirketler \u0130\u00e7in Ne Anlama Geliyor?\"}]},{\"@type\":\"WebSite\",\"@id\":\"https:\/\/clemta.com\/tr\/#website\",\"url\":\"https:\/\/clemta.com\/tr\/\",\"name\":\"Clemta\",\"description\":\"\",\"publisher\":{\"@id\":\"https:\/\/clemta.com\/tr\/#organization\"},\"potentialAction\":[{\"@type\":\"SearchAction\",\"target\":{\"@type\":\"EntryPoint\",\"urlTemplate\":\"https:\/\/clemta.com\/tr\/?s={search_term_string}\"},\"query-input\":{\"@type\":\"PropertyValueSpecification\",\"valueRequired\":true,\"valueName\":\"search_term_string\"}}],\"inLanguage\":\"tr\"},{\"@type\":\"Organization\",\"@id\":\"https:\/\/clemta.com\/tr\/#organization\",\"name\":\"Clemta\",\"url\":\"https:\/\/clemta.com\/tr\/\",\"logo\":{\"@type\":\"ImageObject\",\"inLanguage\":\"tr\",\"@id\":\"https:\/\/clemta.com\/tr\/#\/schema\/logo\/image\/\",\"url\":\"https:\/\/clemta.com\/wp-content\/uploads\/2023\/03\/logo-clemta-com.png\",\"contentUrl\":\"https:\/\/clemta.com\/wp-content\/uploads\/2023\/03\/logo-clemta-com.png\",\"width\":1920,\"height\":456,\"caption\":\"Clemta\"},\"image\":{\"@id\":\"https:\/\/clemta.com\/tr\/#\/schema\/logo\/image\/\"},\"sameAs\":[\"https:\/\/facebook.com\/clemtainc\",\"https:\/\/x.com\/clemta_us\",\"https:\/\/www.instagram.com\/clemta_us\/\",\"https:\/\/www.linkedin.com\/company\/clemta-support\"]}]}<\/script>\n<!-- \/ Yoast SEO plugin. -->","yoast_head_json":{"title":"T\u00fcrkiye\u2019nin Yeni Te\u015fvik Plan\u0131: \u0130\u015f D\u00fcnyas\u0131 ve Global \u015eirketler \u0130\u00e7in Ne Anlama Geliyor?","description":"T\u00fcrkiye\u2019nin yeni yat\u0131r\u0131m te\u015fvik plan\u0131 i\u015f d\u00fcnyas\u0131n\u0131 ve global \u015firketleri nas\u0131l etkiliyor? Vergi avantajlar\u0131, destekler ve f\u0131rsatlar\u0131 bu webinarda detayl\u0131ca \u00f6\u011frenin.","robots":{"index":"index","follow":"follow","max-snippet":"max-snippet:-1","max-image-preview":"max-image-preview:large","max-video-preview":"max-video-preview:-1"},"canonical":"https:\/\/clemta.com\/tr\/turkiye-yatirim-tesvikleri-2026\/","og_locale":"tr_TR","og_type":"article","og_title":"T\u00fcrkiye\u2019nin Yeni Te\u015fvik Plan\u0131: \u0130\u015f D\u00fcnyas\u0131 ve Global \u015eirketler \u0130\u00e7in Ne Anlama Geliyor?","og_description":"T\u00fcrkiye\u2019nin yeni yat\u0131r\u0131m te\u015fvik plan\u0131 i\u015f d\u00fcnyas\u0131n\u0131 ve global \u015firketleri nas\u0131l etkiliyor? Vergi avantajlar\u0131, destekler ve f\u0131rsatlar\u0131 bu webinarda detayl\u0131ca \u00f6\u011frenin.","og_url":"https:\/\/clemta.com\/tr\/turkiye-yatirim-tesvikleri-2026\/","og_site_name":"Clemta","article_publisher":"https:\/\/facebook.com\/clemtainc","article_modified_time":"2026-04-29T15:57:19+00:00","og_image":[{"width":2048,"height":1152,"url":"https:\/\/clemta.com\/wp-content\/uploads\/2026\/04\/cenk-okan-3.png","type":"image\/png"}],"twitter_card":"summary_large_image","twitter_site":"@clemta_us","twitter_misc":{"Tahmini okuma s\u00fcresi":"2 dakika"},"schema":{"@context":"https:\/\/schema.org","@graph":[{"@type":"WebPage","@id":"https:\/\/clemta.com\/tr\/turkiye-yatirim-tesvikleri-2026\/","url":"https:\/\/clemta.com\/tr\/turkiye-yatirim-tesvikleri-2026\/","name":"T\u00fcrkiye\u2019nin Yeni Te\u015fvik Plan\u0131: \u0130\u015f D\u00fcnyas\u0131 ve Global \u015eirketler \u0130\u00e7in Ne Anlama Geliyor?","isPartOf":{"@id":"https:\/\/clemta.com\/tr\/#website"},"primaryImageOfPage":{"@id":"https:\/\/clemta.com\/tr\/turkiye-yatirim-tesvikleri-2026\/#primaryimage"},"image":{"@id":"https:\/\/clemta.com\/tr\/turkiye-yatirim-tesvikleri-2026\/#primaryimage"},"thumbnailUrl":"https:\/\/clemta.com\/wp-content\/uploads\/2026\/04\/cenk-okan-3.png","datePublished":"2026-04-29T14:18:18+00:00","dateModified":"2026-04-29T15:57:19+00:00","description":"T\u00fcrkiye\u2019nin yeni yat\u0131r\u0131m te\u015fvik plan\u0131 i\u015f d\u00fcnyas\u0131n\u0131 ve global \u015firketleri nas\u0131l etkiliyor? Vergi avantajlar\u0131, destekler ve f\u0131rsatlar\u0131 bu webinarda detayl\u0131ca \u00f6\u011frenin.","breadcrumb":{"@id":"https:\/\/clemta.com\/tr\/turkiye-yatirim-tesvikleri-2026\/#breadcrumb"},"inLanguage":"tr","potentialAction":[{"@type":"ReadAction","target":["https:\/\/clemta.com\/tr\/turkiye-yatirim-tesvikleri-2026\/"]}]},{"@type":"ImageObject","inLanguage":"tr","@id":"https:\/\/clemta.com\/tr\/turkiye-yatirim-tesvikleri-2026\/#primaryimage","url":"https:\/\/clemta.com\/wp-content\/uploads\/2026\/04\/cenk-okan-3.png","contentUrl":"https:\/\/clemta.com\/wp-content\/uploads\/2026\/04\/cenk-okan-3.png","width":2048,"height":1152},{"@type":"BreadcrumbList","@id":"https:\/\/clemta.com\/tr\/turkiye-yatirim-tesvikleri-2026\/#breadcrumb","itemListElement":[{"@type":"ListItem","position":1,"name":"Home","item":"https:\/\/clemta.com\/tr\/"},{"@type":"ListItem","position":2,"name":"T\u00fcrkiye\u2019nin Yeni Te\u015fvik Plan\u0131: \u0130\u015f D\u00fcnyas\u0131 ve Global \u015eirketler \u0130\u00e7in Ne Anlama Geliyor?"}]},{"@type":"WebSite","@id":"https:\/\/clemta.com\/tr\/#website","url":"https:\/\/clemta.com\/tr\/","name":"Clemta","description":"","publisher":{"@id":"https:\/\/clemta.com\/tr\/#organization"},"potentialAction":[{"@type":"SearchAction","target":{"@type":"EntryPoint","urlTemplate":"https:\/\/clemta.com\/tr\/?s={search_term_string}"},"query-input":{"@type":"PropertyValueSpecification","valueRequired":true,"valueName":"search_term_string"}}],"inLanguage":"tr"},{"@type":"Organization","@id":"https:\/\/clemta.com\/tr\/#organization","name":"Clemta","url":"https:\/\/clemta.com\/tr\/","logo":{"@type":"ImageObject","inLanguage":"tr","@id":"https:\/\/clemta.com\/tr\/#\/schema\/logo\/image\/","url":"https:\/\/clemta.com\/wp-content\/uploads\/2023\/03\/logo-clemta-com.png","contentUrl":"https:\/\/clemta.com\/wp-content\/uploads\/2023\/03\/logo-clemta-com.png","width":1920,"height":456,"caption":"Clemta"},"image":{"@id":"https:\/\/clemta.com\/tr\/#\/schema\/logo\/image\/"},"sameAs":["https:\/\/facebook.com\/clemtainc","https:\/\/x.com\/clemta_us","https:\/\/www.instagram.com\/clemta_us\/","https:\/\/www.linkedin.com\/company\/clemta-support"]}]}},"_links":{"self":[{"href":"https:\/\/clemta.com\/tr\/wp-json\/wp\/v2\/pages\/20604","targetHints":{"allow":["GET"]}}],"collection":[{"href":"https:\/\/clemta.com\/tr\/wp-json\/wp\/v2\/pages"}],"about":[{"href":"https:\/\/clemta.com\/tr\/wp-json\/wp\/v2\/types\/page"}],"author":[{"embeddable":true,"href":"https:\/\/clemta.com\/tr\/wp-json\/wp\/v2\/users\/12"}],"replies":[{"embeddable":true,"href":"https:\/\/clemta.com\/tr\/wp-json\/wp\/v2\/comments?post=20604"}],"version-history":[{"count":14,"href":"https:\/\/clemta.com\/tr\/wp-json\/wp\/v2\/pages\/20604\/revisions"}],"predecessor-version":[{"id":20628,"href":"https:\/\/clemta.com\/tr\/wp-json\/wp\/v2\/pages\/20604\/revisions\/20628"}],"wp:featuredmedia":[{"embeddable":true,"href":"https:\/\/clemta.com\/tr\/wp-json\/wp\/v2\/media\/20618"}],"wp:attachment":[{"href":"https:\/\/clemta.com\/tr\/wp-json\/wp\/v2\/media?parent=20604"}],"curies":[{"name":"wp","href":"https:\/\/api.w.org\/{rel}","templated":true}]}}