{"id":9424,"date":"2023-05-16T08:51:38","date_gmt":"2023-05-16T08:51:38","guid":{"rendered":"https:\/\/clemta.com\/ortak-olarak-katilin\/"},"modified":"2024-08-28T17:46:49","modified_gmt":"2024-08-28T17:46:49","slug":"partnerlerimiz-is-ortaklarimiz","status":"publish","type":"page","link":"https:\/\/clemta.com\/tr\/partnerlerimiz-is-ortaklarimiz\/","title":{"rendered":"Partnerlerimiz ve \u0130\u015f Ortaklar\u0131m\u0131z"},"content":{"rendered":"\t\t<div data-elementor-type=\"wp-page\" data-elementor-id=\"9424\" class=\"elementor elementor-9424\" data-elementor-post-type=\"page\">\n\t\t\t\t\t\t<section class=\"elementor-section elementor-top-section elementor-element elementor-element-004514d elementor-section-content-middle elementor-section-boxed elementor-section-height-default elementor-section-height-default\" data-id=\"004514d\" data-element_type=\"section\" data-settings=\"{&quot;jet_parallax_layout_list&quot;:[],&quot;background_background&quot;:&quot;gradient&quot;}\">\n\t\t\t\t\t\t<div class=\"elementor-container elementor-column-gap-no\">\n\t\t\t\t\t<div class=\"elementor-column elementor-col-50 elementor-top-column elementor-element elementor-element-64e04b3\" data-id=\"64e04b3\" data-element_type=\"column\">\n\t\t\t<div class=\"elementor-widget-wrap elementor-element-populated\">\n\t\t\t\t\t\t<div class=\"elementor-element elementor-element-e190ef9 elementor-widget elementor-widget-heading\" data-id=\"e190ef9\" data-element_type=\"widget\" data-widget_type=\"heading.default\">\n\t\t\t\t<div class=\"elementor-widget-container\">\n\t\t\t\t\t<h2 class=\"elementor-heading-title elementor-size-default\">Ortaklar<\/h2>\t\t\t\t<\/div>\n\t\t\t\t<\/div>\n\t\t\t\t<div class=\"elementor-element elementor-element-904ac7a elementor-widget elementor-widget-heading\" data-id=\"904ac7a\" data-element_type=\"widget\" data-widget_type=\"heading.default\">\n\t\t\t\t<div class=\"elementor-widget-container\">\n\t\t\t\t\t<h1 class=\"elementor-heading-title elementor-size-default\">Ortak Olarak Kat\u0131l\u0131n<\/h1>\t\t\t\t<\/div>\n\t\t\t\t<\/div>\n\t\t\t\t<div class=\"elementor-element elementor-element-27330aa elementor-widget elementor-widget-text-editor\" data-id=\"27330aa\" data-element_type=\"widget\" data-widget_type=\"text-editor.default\">\n\t\t\t\t<div class=\"elementor-widget-container\">\n\t\t\t\t\t\t\t\t\t<p>B\u00fcy\u00fcme ve ba\u015far\u0131 i\u00e7in g\u00fc\u00e7l\u00fc ortakl\u0131klar \u015fartt\u0131r. Bu nedenle, i\u015finizi b\u00fcy\u00fctmenize ve yeni zirvelere ula\u015fman\u0131za yard\u0131mc\u0131 olmak i\u00e7in tasarlanm\u0131\u015f kapsaml\u0131 bir \u0130\u015f Orta\u011f\u0131 Program\u0131 geli\u015ftirdik. Clemta \u0130\u015f Orta\u011f\u0131 olarak, uzman e\u011fitimi ve deste\u011fi, ortak pazarlama f\u0131rsatlar\u0131 ve yeni \u00fcr\u00fcn ve hizmetlere \u00f6ncelikli eri\u015fim dahil olmak \u00fczere bir dizi \u00f6zel avantaj ve kayna\u011fa eri\u015febileceksiniz. \u0130\u015f orta\u011f\u0131 olarak kat\u0131l\u0131n ve i\u015finizi b\u00fcy\u00fctmek ve hedeflerinize ula\u015fmak i\u00e7in ihtiya\u00e7 duydu\u011funuz ara\u00e7 ve kaynaklar\u0131 edinin.<\/p>\n\t\t\t\t\t\t\t\t<\/div>\n\t\t\t\t<\/div>\n\t\t\t\t<section class=\"elementor-section elementor-inner-section elementor-element elementor-element-6815a60 elementor-section-boxed elementor-section-height-default elementor-section-height-default\" data-id=\"6815a60\" data-element_type=\"section\" data-settings=\"{&quot;jet_parallax_layout_list&quot;:[]}\">\n\t\t\t\t\t\t<div class=\"elementor-container elementor-column-gap-default\">\n\t\t\t\t\t<div class=\"elementor-column elementor-col-50 elementor-inner-column elementor-element elementor-element-b064b57\" data-id=\"b064b57\" data-element_type=\"column\">\n\t\t\t<div class=\"elementor-widget-wrap elementor-element-populated\">\n\t\t\t\t\t\t<div class=\"elementor-element elementor-element-01363fb elementor-widget elementor-widget-html\" data-id=\"01363fb\" data-element_type=\"widget\" data-widget_type=\"html.default\">\n\t\t\t\t<div class=\"elementor-widget-container\">\n\t\t\t\t\t<!-- TrustBox widget - Micro Star -->\n<div class=\"trustpilot-widget\" data-locale=\"en-US\" data-template-id=\"5419b732fbfb950b10de65e5\" data-businessunit-id=\"5f893b0a112d5b0001ee61e1\" data-style-height=\"24px\" data-style-width=\"100%\" data-theme=\"light\">\n  <a href=\"https:\/\/www.trustpilot.com\/review\/clemta.com\" target=\"_blank\" rel=\"noopener\">Trustpilot<\/a>\n<\/div>\n<!-- End TrustBox widget -->\t\t\t\t<\/div>\n\t\t\t\t<\/div>\n\t\t\t\t\t<\/div>\n\t\t<\/div>\n\t\t\t\t<div class=\"elementor-column elementor-col-50 elementor-inner-column elementor-element elementor-element-2e602f3\" data-id=\"2e602f3\" data-element_type=\"column\">\n\t\t\t<div class=\"elementor-widget-wrap\">\n\t\t\t\t\t\t\t<\/div>\n\t\t<\/div>\n\t\t\t\t\t<\/div>\n\t\t<\/section>\n\t\t\t\t\t<\/div>\n\t\t<\/div>\n\t\t\t\t<div class=\"elementor-column elementor-col-50 elementor-top-column elementor-element elementor-element-17cae39\" data-id=\"17cae39\" data-element_type=\"column\">\n\t\t\t<div class=\"elementor-widget-wrap elementor-element-populated\">\n\t\t\t\t\t\t<div class=\"elementor-element elementor-element-f727310 elementor-widget elementor-widget-image\" data-id=\"f727310\" data-element_type=\"widget\" data-widget_type=\"image.default\">\n\t\t\t\t<div class=\"elementor-widget-container\">\n\t\t\t\t\t\t\t\t\t\t\t\t\t\t\t<img fetchpriority=\"high\" decoding=\"async\" width=\"800\" height=\"630\" src=\"https:\/\/clemta.com\/wp-content\/uploads\/2023\/12\/Partners-1.png\" class=\"attachment-large size-large wp-image-9449\" alt=\"\" srcset=\"https:\/\/clemta.com\/wp-content\/uploads\/2023\/12\/Partners-1.png 862w, https:\/\/clemta.com\/wp-content\/uploads\/2023\/12\/Partners-1-300x236.png 300w, https:\/\/clemta.com\/wp-content\/uploads\/2023\/12\/Partners-1-768x605.png 768w\" sizes=\"(max-width: 800px) 100vw, 800px\" \/>\t\t\t\t\t\t\t\t\t\t\t\t\t\t\t<\/div>\n\t\t\t\t<\/div>\n\t\t\t\t\t<\/div>\n\t\t<\/div>\n\t\t\t\t\t<\/div>\n\t\t<\/section>\n\t\t\t\t<section class=\"elementor-section elementor-top-section elementor-element elementor-element-8eb618b elementor-section-boxed elementor-section-height-default elementor-section-height-default\" data-id=\"8eb618b\" data-element_type=\"section\" data-settings=\"{&quot;jet_parallax_layout_list&quot;:[]}\">\n\t\t\t\t\t\t<div class=\"elementor-container elementor-column-gap-default\">\n\t\t\t\t\t<div class=\"elementor-column elementor-col-100 elementor-top-column elementor-element elementor-element-170d901\" data-id=\"170d901\" data-element_type=\"column\">\n\t\t\t<div class=\"elementor-widget-wrap\">\n\t\t\t\t\t\t\t<\/div>\n\t\t<\/div>\n\t\t\t\t\t<\/div>\n\t\t<\/section>\n\t\t\t\t<\/div>\n\t\t","protected":false},"excerpt":{"rendered":"<p>Ortaklar Ortak Olarak Kat\u0131l\u0131n B\u00fcy\u00fcme ve ba\u015far\u0131 i\u00e7in g\u00fc\u00e7l\u00fc ortakl\u0131klar \u015fartt\u0131r. Bu nedenle, i\u015finizi b\u00fcy\u00fctmenize ve yeni zirvelere ula\u015fman\u0131za yard\u0131mc\u0131 olmak i\u00e7in tasarlanm\u0131\u015f kapsaml\u0131 bir \u0130\u015f Orta\u011f\u0131 Program\u0131 geli\u015ftirdik. Clemta \u0130\u015f Orta\u011f\u0131 olarak, uzman e\u011fitimi ve deste\u011fi, ortak pazarlama f\u0131rsatlar\u0131 ve yeni \u00fcr\u00fcn ve hizmetlere \u00f6ncelikli eri\u015fim dahil olmak \u00fczere bir dizi \u00f6zel avantaj ve [&hellip;]<\/p>\n","protected":false},"author":2,"featured_media":0,"parent":0,"menu_order":0,"comment_status":"closed","ping_status":"closed","template":"","meta":{"footnotes":""},"class_list":["post-9424","page","type-page","status-publish","hentry"],"yoast_head":"<!-- This site is optimized with the Yoast SEO plugin v25.9 - https:\/\/yoast.com\/wordpress\/plugins\/seo\/ -->\n<title>Partnerlerimiz ve \u0130\u015f Ortaklar\u0131m\u0131z - Clemta<\/title>\n<meta name=\"description\" content=\"Partnerlerimizle g\u00fc\u00e7lerimizi birle\u015ftirerek m\u00fc\u015fterilerimizin ABD\u2019deki i\u015flerini b\u00fcy\u00fctmelerine yard\u0131mc\u0131 oluyoruz.\" \/>\n<meta name=\"robots\" content=\"index, follow, max-snippet:-1, max-image-preview:large, max-video-preview:-1\" \/>\n<link rel=\"canonical\" href=\"https:\/\/clemta.com\/tr\/partnerlerimiz-is-ortaklarimiz\/\" \/>\n<meta property=\"og:locale\" content=\"tr_TR\" \/>\n<meta property=\"og:type\" content=\"article\" \/>\n<meta property=\"og:title\" content=\"Partnerlerimiz ve \u0130\u015f Ortaklar\u0131m\u0131z - Clemta\" \/>\n<meta property=\"og:description\" content=\"Partnerlerimizle g\u00fc\u00e7lerimizi birle\u015ftirerek m\u00fc\u015fterilerimizin ABD\u2019deki i\u015flerini b\u00fcy\u00fctmelerine yard\u0131mc\u0131 oluyoruz.\" \/>\n<meta property=\"og:url\" content=\"https:\/\/clemta.com\/tr\/partnerlerimiz-is-ortaklarimiz\/\" \/>\n<meta property=\"og:site_name\" content=\"Clemta\" \/>\n<meta property=\"article:publisher\" content=\"https:\/\/facebook.com\/clemtainc\" \/>\n<meta property=\"article:modified_time\" content=\"2024-08-28T17:46:49+00:00\" \/>\n<meta property=\"og:image\" content=\"https:\/\/i0.wp.com\/clemta.com\/wp-content\/uploads\/2023\/12\/Partners-1.png?fit=800%2C630&amp;ssl=1\" \/>\n<meta name=\"twitter:card\" content=\"summary_large_image\" \/>\n<meta name=\"twitter:site\" content=\"@clemta_us\" \/>\n<meta name=\"twitter:label1\" content=\"Tahmini okuma s\u00fcresi\" \/>\n\t<meta name=\"twitter:data1\" content=\"1 dakika\" \/>\n<script type=\"application\/ld+json\" class=\"yoast-schema-graph\">{\"@context\":\"https:\/\/schema.org\",\"@graph\":[{\"@type\":\"WebPage\",\"@id\":\"https:\/\/clemta.com\/tr\/partnerlerimiz-is-ortaklarimiz\/\",\"url\":\"https:\/\/clemta.com\/tr\/partnerlerimiz-is-ortaklarimiz\/\",\"name\":\"Partnerlerimiz ve \u0130\u015f Ortaklar\u0131m\u0131z - Clemta\",\"isPartOf\":{\"@id\":\"https:\/\/clemta.com\/tr\/#website\"},\"primaryImageOfPage\":{\"@id\":\"https:\/\/clemta.com\/tr\/partnerlerimiz-is-ortaklarimiz\/#primaryimage\"},\"image\":{\"@id\":\"https:\/\/clemta.com\/tr\/partnerlerimiz-is-ortaklarimiz\/#primaryimage\"},\"thumbnailUrl\":\"https:\/\/i0.wp.com\/clemta.com\/wp-content\/uploads\/2023\/12\/Partners-1.png?fit=800%2C630&amp;ssl=1\",\"datePublished\":\"2023-05-16T08:51:38+00:00\",\"dateModified\":\"2024-08-28T17:46:49+00:00\",\"description\":\"Partnerlerimizle g\u00fc\u00e7lerimizi birle\u015ftirerek m\u00fc\u015fterilerimizin ABD\u2019deki i\u015flerini b\u00fcy\u00fctmelerine yard\u0131mc\u0131 oluyoruz.\",\"breadcrumb\":{\"@id\":\"https:\/\/clemta.com\/tr\/partnerlerimiz-is-ortaklarimiz\/#breadcrumb\"},\"inLanguage\":\"tr\",\"potentialAction\":[{\"@type\":\"ReadAction\",\"target\":[\"https:\/\/clemta.com\/tr\/partnerlerimiz-is-ortaklarimiz\/\"]}]},{\"@type\":\"ImageObject\",\"inLanguage\":\"tr\",\"@id\":\"https:\/\/clemta.com\/tr\/partnerlerimiz-is-ortaklarimiz\/#primaryimage\",\"url\":\"https:\/\/i0.wp.com\/clemta.com\/wp-content\/uploads\/2023\/12\/Partners-1.png?fit=800%2C630&amp;ssl=1\",\"contentUrl\":\"https:\/\/i0.wp.com\/clemta.com\/wp-content\/uploads\/2023\/12\/Partners-1.png?fit=800%2C630&amp;ssl=1\"},{\"@type\":\"BreadcrumbList\",\"@id\":\"https:\/\/clemta.com\/tr\/partnerlerimiz-is-ortaklarimiz\/#breadcrumb\",\"itemListElement\":[{\"@type\":\"ListItem\",\"position\":1,\"name\":\"Home\",\"item\":\"https:\/\/clemta.com\/tr\/\"},{\"@type\":\"ListItem\",\"position\":2,\"name\":\"Partnerlerimiz ve \u0130\u015f Ortaklar\u0131m\u0131z\"}]},{\"@type\":\"WebSite\",\"@id\":\"https:\/\/clemta.com\/tr\/#website\",\"url\":\"https:\/\/clemta.com\/tr\/\",\"name\":\"Clemta\",\"description\":\"\",\"publisher\":{\"@id\":\"https:\/\/clemta.com\/tr\/#organization\"},\"potentialAction\":[{\"@type\":\"SearchAction\",\"target\":{\"@type\":\"EntryPoint\",\"urlTemplate\":\"https:\/\/clemta.com\/tr\/?s={search_term_string}\"},\"query-input\":{\"@type\":\"PropertyValueSpecification\",\"valueRequired\":true,\"valueName\":\"search_term_string\"}}],\"inLanguage\":\"tr\"},{\"@type\":\"Organization\",\"@id\":\"https:\/\/clemta.com\/tr\/#organization\",\"name\":\"Clemta\",\"url\":\"https:\/\/clemta.com\/tr\/\",\"logo\":{\"@type\":\"ImageObject\",\"inLanguage\":\"tr\",\"@id\":\"https:\/\/clemta.com\/tr\/#\/schema\/logo\/image\/\",\"url\":\"https:\/\/clemta.com\/wp-content\/uploads\/2023\/03\/logo-clemta-com.png\",\"contentUrl\":\"https:\/\/clemta.com\/wp-content\/uploads\/2023\/03\/logo-clemta-com.png\",\"width\":1920,\"height\":456,\"caption\":\"Clemta\"},\"image\":{\"@id\":\"https:\/\/clemta.com\/tr\/#\/schema\/logo\/image\/\"},\"sameAs\":[\"https:\/\/facebook.com\/clemtainc\",\"https:\/\/x.com\/clemta_us\",\"https:\/\/www.instagram.com\/clemta_us\/\",\"https:\/\/www.linkedin.com\/company\/clemta-support\"]}]}<\/script>\n<!-- \/ Yoast SEO plugin. -->","yoast_head_json":{"title":"Partnerlerimiz ve \u0130\u015f Ortaklar\u0131m\u0131z - Clemta","description":"Partnerlerimizle g\u00fc\u00e7lerimizi birle\u015ftirerek m\u00fc\u015fterilerimizin ABD\u2019deki i\u015flerini b\u00fcy\u00fctmelerine yard\u0131mc\u0131 oluyoruz.","robots":{"index":"index","follow":"follow","max-snippet":"max-snippet:-1","max-image-preview":"max-image-preview:large","max-video-preview":"max-video-preview:-1"},"canonical":"https:\/\/clemta.com\/tr\/partnerlerimiz-is-ortaklarimiz\/","og_locale":"tr_TR","og_type":"article","og_title":"Partnerlerimiz ve \u0130\u015f Ortaklar\u0131m\u0131z - Clemta","og_description":"Partnerlerimizle g\u00fc\u00e7lerimizi birle\u015ftirerek m\u00fc\u015fterilerimizin ABD\u2019deki i\u015flerini b\u00fcy\u00fctmelerine yard\u0131mc\u0131 oluyoruz.","og_url":"https:\/\/clemta.com\/tr\/partnerlerimiz-is-ortaklarimiz\/","og_site_name":"Clemta","article_publisher":"https:\/\/facebook.com\/clemtainc","article_modified_time":"2024-08-28T17:46:49+00:00","og_image":[{"url":"https:\/\/i0.wp.com\/clemta.com\/wp-content\/uploads\/2023\/12\/Partners-1.png?fit=800%2C630&amp;ssl=1","type":"","width":"","height":""}],"twitter_card":"summary_large_image","twitter_site":"@clemta_us","twitter_misc":{"Tahmini okuma s\u00fcresi":"1 dakika"},"schema":{"@context":"https:\/\/schema.org","@graph":[{"@type":"WebPage","@id":"https:\/\/clemta.com\/tr\/partnerlerimiz-is-ortaklarimiz\/","url":"https:\/\/clemta.com\/tr\/partnerlerimiz-is-ortaklarimiz\/","name":"Partnerlerimiz ve \u0130\u015f Ortaklar\u0131m\u0131z - Clemta","isPartOf":{"@id":"https:\/\/clemta.com\/tr\/#website"},"primaryImageOfPage":{"@id":"https:\/\/clemta.com\/tr\/partnerlerimiz-is-ortaklarimiz\/#primaryimage"},"image":{"@id":"https:\/\/clemta.com\/tr\/partnerlerimiz-is-ortaklarimiz\/#primaryimage"},"thumbnailUrl":"https:\/\/i0.wp.com\/clemta.com\/wp-content\/uploads\/2023\/12\/Partners-1.png?fit=800%2C630&amp;ssl=1","datePublished":"2023-05-16T08:51:38+00:00","dateModified":"2024-08-28T17:46:49+00:00","description":"Partnerlerimizle g\u00fc\u00e7lerimizi birle\u015ftirerek m\u00fc\u015fterilerimizin ABD\u2019deki i\u015flerini b\u00fcy\u00fctmelerine yard\u0131mc\u0131 oluyoruz.","breadcrumb":{"@id":"https:\/\/clemta.com\/tr\/partnerlerimiz-is-ortaklarimiz\/#breadcrumb"},"inLanguage":"tr","potentialAction":[{"@type":"ReadAction","target":["https:\/\/clemta.com\/tr\/partnerlerimiz-is-ortaklarimiz\/"]}]},{"@type":"ImageObject","inLanguage":"tr","@id":"https:\/\/clemta.com\/tr\/partnerlerimiz-is-ortaklarimiz\/#primaryimage","url":"https:\/\/i0.wp.com\/clemta.com\/wp-content\/uploads\/2023\/12\/Partners-1.png?fit=800%2C630&amp;ssl=1","contentUrl":"https:\/\/i0.wp.com\/clemta.com\/wp-content\/uploads\/2023\/12\/Partners-1.png?fit=800%2C630&amp;ssl=1"},{"@type":"BreadcrumbList","@id":"https:\/\/clemta.com\/tr\/partnerlerimiz-is-ortaklarimiz\/#breadcrumb","itemListElement":[{"@type":"ListItem","position":1,"name":"Home","item":"https:\/\/clemta.com\/tr\/"},{"@type":"ListItem","position":2,"name":"Partnerlerimiz ve \u0130\u015f Ortaklar\u0131m\u0131z"}]},{"@type":"WebSite","@id":"https:\/\/clemta.com\/tr\/#website","url":"https:\/\/clemta.com\/tr\/","name":"Clemta","description":"","publisher":{"@id":"https:\/\/clemta.com\/tr\/#organization"},"potentialAction":[{"@type":"SearchAction","target":{"@type":"EntryPoint","urlTemplate":"https:\/\/clemta.com\/tr\/?s={search_term_string}"},"query-input":{"@type":"PropertyValueSpecification","valueRequired":true,"valueName":"search_term_string"}}],"inLanguage":"tr"},{"@type":"Organization","@id":"https:\/\/clemta.com\/tr\/#organization","name":"Clemta","url":"https:\/\/clemta.com\/tr\/","logo":{"@type":"ImageObject","inLanguage":"tr","@id":"https:\/\/clemta.com\/tr\/#\/schema\/logo\/image\/","url":"https:\/\/clemta.com\/wp-content\/uploads\/2023\/03\/logo-clemta-com.png","contentUrl":"https:\/\/clemta.com\/wp-content\/uploads\/2023\/03\/logo-clemta-com.png","width":1920,"height":456,"caption":"Clemta"},"image":{"@id":"https:\/\/clemta.com\/tr\/#\/schema\/logo\/image\/"},"sameAs":["https:\/\/facebook.com\/clemtainc","https:\/\/x.com\/clemta_us","https:\/\/www.instagram.com\/clemta_us\/","https:\/\/www.linkedin.com\/company\/clemta-support"]}]}},"_links":{"self":[{"href":"https:\/\/clemta.com\/tr\/wp-json\/wp\/v2\/pages\/9424","targetHints":{"allow":["GET"]}}],"collection":[{"href":"https:\/\/clemta.com\/tr\/wp-json\/wp\/v2\/pages"}],"about":[{"href":"https:\/\/clemta.com\/tr\/wp-json\/wp\/v2\/types\/page"}],"author":[{"embeddable":true,"href":"https:\/\/clemta.com\/tr\/wp-json\/wp\/v2\/users\/2"}],"replies":[{"embeddable":true,"href":"https:\/\/clemta.com\/tr\/wp-json\/wp\/v2\/comments?post=9424"}],"version-history":[{"count":0,"href":"https:\/\/clemta.com\/tr\/wp-json\/wp\/v2\/pages\/9424\/revisions"}],"wp:attachment":[{"href":"https:\/\/clemta.com\/tr\/wp-json\/wp\/v2\/media?parent=9424"}],"curies":[{"name":"wp","href":"https:\/\/api.w.org\/{rel}","templated":true}]}}