{"id":9509,"date":"2023-04-02T20:27:32","date_gmt":"2023-04-02T20:27:32","guid":{"rendered":"https:\/\/clemta.com\/bize-ulasin\/"},"modified":"2026-01-15T13:07:19","modified_gmt":"2026-01-15T13:07:19","slug":"bize-ulasin","status":"publish","type":"page","link":"https:\/\/clemta.com\/tr\/bize-ulasin\/","title":{"rendered":"Bize Ula\u015f\u0131n"},"content":{"rendered":"\t\t<div data-elementor-type=\"wp-page\" data-elementor-id=\"9509\" class=\"elementor elementor-9509 elementor-883\" data-elementor-post-type=\"page\">\n\t\t\t\t\t\t<section class=\"elementor-section elementor-top-section elementor-element elementor-element-3283639 elementor-section-content-middle elementor-section-boxed elementor-section-height-default elementor-section-height-default\" data-id=\"3283639\" data-element_type=\"section\" data-settings=\"{&quot;jet_parallax_layout_list&quot;:[],&quot;background_background&quot;:&quot;gradient&quot;}\">\n\t\t\t\t\t\t<div class=\"elementor-container elementor-column-gap-no\">\n\t\t\t\t\t<div class=\"elementor-column elementor-col-100 elementor-top-column elementor-element elementor-element-8bda8b0\" data-id=\"8bda8b0\" data-element_type=\"column\">\n\t\t\t<div class=\"elementor-widget-wrap elementor-element-populated\">\n\t\t\t\t\t\t<div class=\"elementor-element elementor-element-add48a2 elementor-widget elementor-widget-heading\" data-id=\"add48a2\" data-element_type=\"widget\" data-widget_type=\"heading.default\">\n\t\t\t\t<div class=\"elementor-widget-container\">\n\t\t\t\t\t<span class=\"elementor-heading-title elementor-size-default\">\u00dccretsiz Destek<\/span>\t\t\t\t<\/div>\n\t\t\t\t<\/div>\n\t\t\t\t<div class=\"elementor-element elementor-element-14113b5 elementor-widget elementor-widget-heading\" data-id=\"14113b5\" data-element_type=\"widget\" data-widget_type=\"heading.default\">\n\t\t\t\t<div class=\"elementor-widget-container\">\n\t\t\t\t\t<h1 class=\"elementor-heading-title elementor-size-default\">Bizimle \u0130leti\u015fime Ge\u00e7in<\/h1>\t\t\t\t<\/div>\n\t\t\t\t<\/div>\n\t\t\t\t<div class=\"elementor-element elementor-element-a34ec67 elementor-widget elementor-widget-text-editor\" data-id=\"a34ec67\" data-element_type=\"widget\" data-widget_type=\"text-editor.default\">\n\t\t\t\t<div class=\"elementor-widget-container\">\n\t\t\t\t\t\t\t\t\tArad\u0131\u011f\u0131n\u0131z bilgiye ula\u015famad\u0131n\u0131z m\u0131? Sorular\u0131n\u0131z i\u00e7in her zaman buraday\u0131z! Bize e-posta g\u00f6nderebilir veya dilerseniz h\u0131zl\u0131ca bir toplant\u0131 t\u00fcm sorular\u0131n\u0131za yan\u0131t bulabilirsiniz.\t\t\t\t\t\t\t\t<\/div>\n\t\t\t\t<\/div>\n\t\t\t\t<section class=\"elementor-section elementor-inner-section elementor-element elementor-element-23194e2 elementor-section-boxed elementor-section-height-default elementor-section-height-default\" data-id=\"23194e2\" data-element_type=\"section\" data-settings=\"{&quot;jet_parallax_layout_list&quot;:[]}\">\n\t\t\t\t\t\t<div class=\"elementor-container elementor-column-gap-default\">\n\t\t\t\t\t<div class=\"elementor-column elementor-col-100 elementor-inner-column elementor-element elementor-element-0b18556\" data-id=\"0b18556\" data-element_type=\"column\">\n\t\t\t<div class=\"elementor-widget-wrap elementor-element-populated\">\n\t\t\t\t\t\t<div class=\"elementor-element elementor-element-327df43 elementor-widget elementor-widget-html\" data-id=\"327df43\" data-element_type=\"widget\" data-widget_type=\"html.default\">\n\t\t\t\t<div class=\"elementor-widget-container\">\n\t\t\t\t\t<!-- TrustBox widget - Micro Star -->\n<div class=\"trustpilot-widget\" data-locale=\"en-US\" data-template-id=\"5419b732fbfb950b10de65e5\" data-businessunit-id=\"5f893b0a112d5b0001ee61e1\" data-style-height=\"24px\" data-style-width=\"100%\" data-theme=\"light\">\n  <a href=\"https:\/\/www.trustpilot.com\/review\/clemta.com\" target=\"_blank\" rel=\"noopener\">Trustpilot<\/a>\n<\/div>\n<!-- End TrustBox widget -->\t\t\t\t<\/div>\n\t\t\t\t<\/div>\n\t\t\t\t\t<\/div>\n\t\t<\/div>\n\t\t\t\t\t<\/div>\n\t\t<\/section>\n\t\t\t\t\t<\/div>\n\t\t<\/div>\n\t\t\t\t\t<\/div>\n\t\t<\/section>\n\t\t\t\t<section class=\"elementor-section elementor-top-section elementor-element elementor-element-57ab5af elementor-section-boxed elementor-section-height-default elementor-section-height-default\" data-id=\"57ab5af\" data-element_type=\"section\" data-settings=\"{&quot;jet_parallax_layout_list&quot;:[]}\">\n\t\t\t\t\t\t<div class=\"elementor-container elementor-column-gap-default\">\n\t\t\t\t\t<div class=\"elementor-column elementor-col-100 elementor-top-column elementor-element elementor-element-aff50e5\" data-id=\"aff50e5\" data-element_type=\"column\">\n\t\t\t<div class=\"elementor-widget-wrap elementor-element-populated\">\n\t\t\t\t\t\t<div class=\"elementor-element elementor-element-448211e elementor-widget elementor-widget-jet-tabs\" data-id=\"448211e\" data-element_type=\"widget\" data-settings=\"{&quot;tabs_position&quot;:&quot;top&quot;,&quot;no_active_tabs&quot;:&quot;false&quot;}\" data-widget_type=\"jet-tabs.default\">\n\t\t\t\t<div class=\"elementor-widget-container\">\n\t\t\t\t\t\n\t\t<div class=\"jet-tabs jet-tabs-position-top jet-tabs-move-up-effect \" data-settings=\"{&quot;activeIndex&quot;:0,&quot;event&quot;:&quot;click&quot;,&quot;autoSwitch&quot;:false,&quot;autoSwitchDelay&quot;:3000,&quot;ajaxTemplate&quot;:false,&quot;tabsPosition&quot;:&quot;top&quot;,&quot;switchScrolling&quot;:false,&quot;switchScrollingOffset&quot;:0}\">\n\t\t\t<div class=\"jet-tabs__control-wrapper \" role=\"tablist\">\n                                    <div id=\"jet-tabs-control-7181\" class=\"jet-tabs__control jet-tabs__control-icon-left elementor-menu-anchor active-tab \" data-tab=\"1\" tabindex=\"0\" role=\"tab\" aria-controls=\"jet-tabs-content-7181\" aria-expanded=\"true\" data-template-id=\"3311\"><div class=\"jet-tabs__control-inner\"><div class=\"jet-tabs__label-icon jet-tabs-icon\"><i class=\"material-icons md-mail\" data-md-icon=\"mail\"><\/i><\/div><div class=\"jet-tabs__label-text\">Form<\/div><\/div><\/div><div id=\"jet-tabs-control-7182\" class=\"jet-tabs__control jet-tabs__control-icon-left elementor-menu-anchor  \" data-tab=\"2\" tabindex=\"0\" role=\"tab\" aria-controls=\"jet-tabs-content-7182\" aria-expanded=\"false\" data-template-id=\"false\"><div class=\"jet-tabs__control-inner\"><div class=\"jet-tabs__label-icon jet-tabs-icon\"><i class=\"material-icons md-calendar_month\" data-md-icon=\"calendar_month\"><\/i><\/div><div class=\"jet-tabs__label-text\">Schedule a meeting<\/div><\/div><\/div>\n                    \t\t\t    <\/div>\n\t\t\t<div class=\"jet-tabs__content-wrapper\">\n\t\t\t\t<div id=\"jet-tabs-content-7181\" class=\"jet-tabs__content active-content\" data-tab=\"1\" role=\"tabpanel\" aria-hidden=\"false\" data-template-id=\"3311\">\t\t<div data-elementor-type=\"section\" data-elementor-id=\"3311\" class=\"elementor elementor-3311\" data-elementor-post-type=\"elementor_library\">\n\t\t\t\t\t<section class=\"elementor-section elementor-top-section elementor-element elementor-element-e4c1d0b elementor-section-full_width elementor-section-height-default elementor-section-height-default\" data-id=\"e4c1d0b\" data-element_type=\"section\" data-settings=\"{&quot;jet_parallax_layout_list&quot;:[]}\">\n\t\t\t\t\t\t<div class=\"elementor-container elementor-column-gap-default\">\n\t\t\t\t\t<div class=\"elementor-column elementor-col-100 elementor-top-column elementor-element elementor-element-e603f41\" data-id=\"e603f41\" data-element_type=\"column\">\n\t\t\t<div class=\"elementor-widget-wrap elementor-element-populated\">\n\t\t\t\t\t\t<div class=\"elementor-element elementor-element-ff23028 elementor-widget elementor-widget-html\" data-id=\"ff23028\" data-element_type=\"widget\" data-widget_type=\"html.default\">\n\t\t\t\t<div class=\"elementor-widget-container\">\n\t\t\t\t\t<div data-tf-widget=\"EiIVz4Bc\" data-tf-opacity=\"0\" data-tf-hide-headers data-tf-iframe-props=\"title=Contact Us\" data-tf-transitive-search-params data-tf-medium=\"snippet\" style=\"width:100%;height:500px;\" data-tf-on-submit=\"onTypeformSubmit\" data-tf-on-ready=\"onTypeformReady\"><\/div><script src=\"\/\/embed.typeform.com\/next\/embed.js\"><\/script><script>function onTypeformSubmit(){window.dataLayer = window.dataLayer || []; window.dataLayer.push({event:'Contact Us'});}<\/script>\t\t\t\t<\/div>\n\t\t\t\t<\/div>\n\t\t\t\t\t<\/div>\n\t\t<\/div>\n\t\t\t\t\t<\/div>\n\t\t<\/section>\n\t\t\t\t<\/div>\n\t\t<\/div><div id=\"jet-tabs-content-7182\" class=\"jet-tabs__content \" data-tab=\"2\" role=\"tabpanel\" aria-hidden=\"true\" data-template-id=\"false\"><div class=\"calendly-inline-widget\" style=\"min-width: 320px; height: 700px;\" data-url=\"https:\/\/calendly.com\/leila-clemta\/30min?hide_gdpr_banner=1&amp;primary_color=2563eb\"><\/div>\n<script type=\"text\/javascript\" src=\"https:\/\/assets.calendly.com\/assets\/external\/widget.js\" async><\/script>\n<!-- Calendly inline widget end --><\/div>\t\t\t<\/div>\n\t\t\t\t\t<\/div>\n\t\t\t\t\t\t<\/div>\n\t\t\t\t<\/div>\n\t\t\t\t\t<\/div>\n\t\t<\/div>\n\t\t\t\t\t<\/div>\n\t\t<\/section>\n\t\t\t\t<section class=\"elementor-section elementor-top-section elementor-element elementor-element-f9c30e3 elementor-hidden-desktop elementor-hidden-tablet elementor-hidden-mobile elementor-section-boxed elementor-section-height-default elementor-section-height-default\" data-id=\"f9c30e3\" data-element_type=\"section\" data-settings=\"{&quot;jet_parallax_layout_list&quot;:[]}\">\n\t\t\t\t\t\t<div class=\"elementor-container elementor-column-gap-default\">\n\t\t\t\t\t<div class=\"elementor-column elementor-col-50 elementor-top-column elementor-element elementor-element-e90b347\" data-id=\"e90b347\" data-element_type=\"column\">\n\t\t\t<div class=\"elementor-widget-wrap elementor-element-populated\">\n\t\t\t\t\t\t<section class=\"elementor-section elementor-inner-section elementor-element elementor-element-6babc2f elementor-section-boxed elementor-section-height-default elementor-section-height-default\" data-id=\"6babc2f\" data-element_type=\"section\" data-settings=\"{&quot;jet_parallax_layout_list&quot;:[]}\">\n\t\t\t\t\t\t<div class=\"elementor-container elementor-column-gap-default\">\n\t\t\t\t\t<div class=\"elementor-column elementor-col-100 elementor-inner-column elementor-element elementor-element-a3f04c4\" data-id=\"a3f04c4\" data-element_type=\"column\">\n\t\t\t<div class=\"elementor-widget-wrap elementor-element-populated\">\n\t\t\t\t\t\t<div class=\"elementor-element elementor-element-ca20c40 elementor-widget elementor-widget-heading\" data-id=\"ca20c40\" data-element_type=\"widget\" data-widget_type=\"heading.default\">\n\t\t\t\t<div class=\"elementor-widget-container\">\n\t\t\t\t\t<span class=\"elementor-heading-title elementor-size-default\">Konum<\/span>\t\t\t\t<\/div>\n\t\t\t\t<\/div>\n\t\t\t\t<div class=\"elementor-element elementor-element-6fc2960 elementor-widget elementor-widget-heading\" data-id=\"6fc2960\" data-element_type=\"widget\" data-widget_type=\"heading.default\">\n\t\t\t\t<div class=\"elementor-widget-container\">\n\t\t\t\t\t<h2 class=\"elementor-heading-title elementor-size-default\">Teksas, ABD Ofisi<\/h2>\t\t\t\t<\/div>\n\t\t\t\t<\/div>\n\t\t\t\t<div class=\"elementor-element elementor-element-e2f4ee8 elementor-widget elementor-widget-text-editor\" data-id=\"e2f4ee8\" data-element_type=\"widget\" data-widget_type=\"text-editor.default\">\n\t\t\t\t<div class=\"elementor-widget-container\">\n\t\t\t\t\t\t\t\t\t<p>2101 Shore Pointe Dr League City, TX 77573<\/p>\n\t\t\t\t\t\t\t\t<\/div>\n\t\t\t\t<\/div>\n\t\t\t\t\t<\/div>\n\t\t<\/div>\n\t\t\t\t\t<\/div>\n\t\t<\/section>\n\t\t\t\t<div class=\"elementor-element elementor-element-abeb7cd elementor-widget elementor-widget-google_maps\" data-id=\"abeb7cd\" data-element_type=\"widget\" data-widget_type=\"google_maps.default\">\n\t\t\t\t<div class=\"elementor-widget-container\">\n\t\t\t\t\t\t\t<div class=\"elementor-custom-embed\">\n\t\t\t<iframe loading=\"lazy\"\n\t\t\t\t\tsrc=\"https:\/\/maps.google.com\/maps?q=2101%20Shore%20Pointe%20Dr%20League%20City%2C%20TX%2077573&#038;t=m&#038;z=8&#038;output=embed&#038;iwloc=near\"\n\t\t\t\t\ttitle=\"2101 Shore Pointe Dr League City, TX 77573\"\n\t\t\t\t\taria-label=\"2101 Shore Pointe Dr League City, TX 77573\"\n\t\t\t><\/iframe>\n\t\t<\/div>\n\t\t\t\t\t\t<\/div>\n\t\t\t\t<\/div>\n\t\t\t\t\t<\/div>\n\t\t<\/div>\n\t\t\t\t<div class=\"elementor-column elementor-col-50 elementor-top-column elementor-element elementor-element-a9ab25c\" data-id=\"a9ab25c\" data-element_type=\"column\">\n\t\t\t<div class=\"elementor-widget-wrap elementor-element-populated\">\n\t\t\t\t\t\t<div class=\"elementor-element elementor-element-425e0ba elementor-widget elementor-widget-image\" data-id=\"425e0ba\" data-element_type=\"widget\" data-widget_type=\"image.default\">\n\t\t\t\t<div class=\"elementor-widget-container\">\n\t\t\t\t\t\t\t\t\t\t\t\t\t\t\t<img fetchpriority=\"high\" decoding=\"async\" width=\"665\" height=\"822\" src=\"https:\/\/clemta.com\/wp-content\/uploads\/2023\/12\/Contact-Us-1.png\" class=\"attachment-large size-large wp-image-9539\" alt=\"\" srcset=\"https:\/\/clemta.com\/wp-content\/uploads\/2023\/12\/Contact-Us-1.png 665w, https:\/\/clemta.com\/wp-content\/uploads\/2023\/12\/Contact-Us-1-243x300.png 243w\" sizes=\"(max-width: 665px) 100vw, 665px\" \/>\t\t\t\t\t\t\t\t\t\t\t\t\t\t\t<\/div>\n\t\t\t\t<\/div>\n\t\t\t\t\t<\/div>\n\t\t<\/div>\n\t\t\t\t\t<\/div>\n\t\t<\/section>\n\t\t\t\t<\/div>\n\t\t","protected":false},"excerpt":{"rendered":"<p>\u00dccretsiz Destek Bizimle \u0130leti\u015fime Ge\u00e7in Arad\u0131\u011f\u0131n\u0131z bilgiye ula\u015famad\u0131n\u0131z m\u0131? Sorular\u0131n\u0131z i\u00e7in her zaman buraday\u0131z! Bize e-posta g\u00f6nderebilir veya dilerseniz h\u0131zl\u0131ca bir toplant\u0131 t\u00fcm sorular\u0131n\u0131za yan\u0131t bulabilirsiniz. Trustpilot FormSchedule a meeting Konum Teksas, ABD Ofisi 2101 Shore Pointe Dr League City, TX 77573<\/p>\n","protected":false},"author":2,"featured_media":0,"parent":0,"menu_order":0,"comment_status":"closed","ping_status":"closed","template":"","meta":{"footnotes":""},"class_list":["post-9509","page","type-page","status-publish","hentry"],"yoast_head":"<!-- This site is optimized with the Yoast SEO plugin v25.9 - https:\/\/yoast.com\/wordpress\/plugins\/seo\/ -->\n<title>Bize Ula\u015f\u0131n - Clemta<\/title>\n<meta name=\"description\" content=\"Arad\u0131\u011f\u0131n\u0131z\u0131 bulamad\u0131n\u0131z m\u0131? Sorun de\u011fil! Kendini i\u015fine adam\u0131\u015f uzmanlardan olu\u015fan ekibimize her zaman e-posta yoluyla ula\u015fabilirsiniz.\" \/>\n<meta name=\"robots\" content=\"index, follow, max-snippet:-1, max-image-preview:large, max-video-preview:-1\" \/>\n<link rel=\"canonical\" href=\"https:\/\/clemta.com\/tr\/bize-ulasin\/\" \/>\n<meta property=\"og:locale\" content=\"tr_TR\" \/>\n<meta property=\"og:type\" content=\"article\" \/>\n<meta property=\"og:title\" content=\"Bize Ula\u015f\u0131n - Clemta\" \/>\n<meta property=\"og:description\" content=\"Arad\u0131\u011f\u0131n\u0131z\u0131 bulamad\u0131n\u0131z m\u0131? Sorun de\u011fil! Kendini i\u015fine adam\u0131\u015f uzmanlardan olu\u015fan ekibimize her zaman e-posta yoluyla ula\u015fabilirsiniz.\" \/>\n<meta property=\"og:url\" content=\"https:\/\/clemta.com\/tr\/bize-ulasin\/\" \/>\n<meta property=\"og:site_name\" content=\"Clemta\" \/>\n<meta property=\"article:publisher\" content=\"https:\/\/facebook.com\/clemtainc\" \/>\n<meta property=\"article:modified_time\" content=\"2026-01-15T13:07:19+00:00\" \/>\n<meta property=\"og:image\" content=\"https:\/\/clemta.com\/wp-content\/uploads\/2023\/12\/Contact-Us-1.png\" \/>\n\t<meta property=\"og:image:width\" content=\"665\" \/>\n\t<meta property=\"og:image:height\" content=\"822\" \/>\n\t<meta property=\"og:image:type\" content=\"image\/png\" \/>\n<meta name=\"twitter:card\" content=\"summary_large_image\" \/>\n<meta name=\"twitter:site\" content=\"@clemta_us\" \/>\n<meta name=\"twitter:label1\" content=\"Tahmini okuma s\u00fcresi\" \/>\n\t<meta name=\"twitter:data1\" content=\"1 dakika\" \/>\n<script type=\"application\/ld+json\" class=\"yoast-schema-graph\">{\"@context\":\"https:\/\/schema.org\",\"@graph\":[{\"@type\":\"WebPage\",\"@id\":\"https:\/\/clemta.com\/tr\/bize-ulasin\/\",\"url\":\"https:\/\/clemta.com\/tr\/bize-ulasin\/\",\"name\":\"Bize Ula\u015f\u0131n - Clemta\",\"isPartOf\":{\"@id\":\"https:\/\/clemta.com\/tr\/#website\"},\"primaryImageOfPage\":{\"@id\":\"https:\/\/clemta.com\/tr\/bize-ulasin\/#primaryimage\"},\"image\":{\"@id\":\"https:\/\/clemta.com\/tr\/bize-ulasin\/#primaryimage\"},\"thumbnailUrl\":\"https:\/\/clemta.com\/wp-content\/uploads\/2023\/12\/Contact-Us-1.png\",\"datePublished\":\"2023-04-02T20:27:32+00:00\",\"dateModified\":\"2026-01-15T13:07:19+00:00\",\"description\":\"Arad\u0131\u011f\u0131n\u0131z\u0131 bulamad\u0131n\u0131z m\u0131? Sorun de\u011fil! Kendini i\u015fine adam\u0131\u015f uzmanlardan olu\u015fan ekibimize her zaman e-posta yoluyla ula\u015fabilirsiniz.\",\"breadcrumb\":{\"@id\":\"https:\/\/clemta.com\/tr\/bize-ulasin\/#breadcrumb\"},\"inLanguage\":\"tr\",\"potentialAction\":[{\"@type\":\"ReadAction\",\"target\":[\"https:\/\/clemta.com\/tr\/bize-ulasin\/\"]}]},{\"@type\":\"ImageObject\",\"inLanguage\":\"tr\",\"@id\":\"https:\/\/clemta.com\/tr\/bize-ulasin\/#primaryimage\",\"url\":\"https:\/\/clemta.com\/wp-content\/uploads\/2023\/12\/Contact-Us-1.png\",\"contentUrl\":\"https:\/\/clemta.com\/wp-content\/uploads\/2023\/12\/Contact-Us-1.png\"},{\"@type\":\"BreadcrumbList\",\"@id\":\"https:\/\/clemta.com\/tr\/bize-ulasin\/#breadcrumb\",\"itemListElement\":[{\"@type\":\"ListItem\",\"position\":1,\"name\":\"Home\",\"item\":\"https:\/\/clemta.com\/tr\/\"},{\"@type\":\"ListItem\",\"position\":2,\"name\":\"Bize Ula\u015f\u0131n\"}]},{\"@type\":\"WebSite\",\"@id\":\"https:\/\/clemta.com\/tr\/#website\",\"url\":\"https:\/\/clemta.com\/tr\/\",\"name\":\"Clemta\",\"description\":\"\",\"publisher\":{\"@id\":\"https:\/\/clemta.com\/tr\/#organization\"},\"potentialAction\":[{\"@type\":\"SearchAction\",\"target\":{\"@type\":\"EntryPoint\",\"urlTemplate\":\"https:\/\/clemta.com\/tr\/?s={search_term_string}\"},\"query-input\":{\"@type\":\"PropertyValueSpecification\",\"valueRequired\":true,\"valueName\":\"search_term_string\"}}],\"inLanguage\":\"tr\"},{\"@type\":\"Organization\",\"@id\":\"https:\/\/clemta.com\/tr\/#organization\",\"name\":\"Clemta\",\"url\":\"https:\/\/clemta.com\/tr\/\",\"logo\":{\"@type\":\"ImageObject\",\"inLanguage\":\"tr\",\"@id\":\"https:\/\/clemta.com\/tr\/#\/schema\/logo\/image\/\",\"url\":\"https:\/\/clemta.com\/wp-content\/uploads\/2023\/03\/logo-clemta-com.png\",\"contentUrl\":\"https:\/\/clemta.com\/wp-content\/uploads\/2023\/03\/logo-clemta-com.png\",\"width\":1920,\"height\":456,\"caption\":\"Clemta\"},\"image\":{\"@id\":\"https:\/\/clemta.com\/tr\/#\/schema\/logo\/image\/\"},\"sameAs\":[\"https:\/\/facebook.com\/clemtainc\",\"https:\/\/x.com\/clemta_us\",\"https:\/\/www.instagram.com\/clemta_us\/\",\"https:\/\/www.linkedin.com\/company\/clemta-support\"]}]}<\/script>\n<!-- \/ Yoast SEO plugin. -->","yoast_head_json":{"title":"Bize Ula\u015f\u0131n - Clemta","description":"Arad\u0131\u011f\u0131n\u0131z\u0131 bulamad\u0131n\u0131z m\u0131? Sorun de\u011fil! Kendini i\u015fine adam\u0131\u015f uzmanlardan olu\u015fan ekibimize her zaman e-posta yoluyla ula\u015fabilirsiniz.","robots":{"index":"index","follow":"follow","max-snippet":"max-snippet:-1","max-image-preview":"max-image-preview:large","max-video-preview":"max-video-preview:-1"},"canonical":"https:\/\/clemta.com\/tr\/bize-ulasin\/","og_locale":"tr_TR","og_type":"article","og_title":"Bize Ula\u015f\u0131n - Clemta","og_description":"Arad\u0131\u011f\u0131n\u0131z\u0131 bulamad\u0131n\u0131z m\u0131? Sorun de\u011fil! Kendini i\u015fine adam\u0131\u015f uzmanlardan olu\u015fan ekibimize her zaman e-posta yoluyla ula\u015fabilirsiniz.","og_url":"https:\/\/clemta.com\/tr\/bize-ulasin\/","og_site_name":"Clemta","article_publisher":"https:\/\/facebook.com\/clemtainc","article_modified_time":"2026-01-15T13:07:19+00:00","og_image":[{"width":665,"height":822,"url":"https:\/\/clemta.com\/wp-content\/uploads\/2023\/12\/Contact-Us-1.png","type":"image\/png"}],"twitter_card":"summary_large_image","twitter_site":"@clemta_us","twitter_misc":{"Tahmini okuma s\u00fcresi":"1 dakika"},"schema":{"@context":"https:\/\/schema.org","@graph":[{"@type":"WebPage","@id":"https:\/\/clemta.com\/tr\/bize-ulasin\/","url":"https:\/\/clemta.com\/tr\/bize-ulasin\/","name":"Bize Ula\u015f\u0131n - Clemta","isPartOf":{"@id":"https:\/\/clemta.com\/tr\/#website"},"primaryImageOfPage":{"@id":"https:\/\/clemta.com\/tr\/bize-ulasin\/#primaryimage"},"image":{"@id":"https:\/\/clemta.com\/tr\/bize-ulasin\/#primaryimage"},"thumbnailUrl":"https:\/\/clemta.com\/wp-content\/uploads\/2023\/12\/Contact-Us-1.png","datePublished":"2023-04-02T20:27:32+00:00","dateModified":"2026-01-15T13:07:19+00:00","description":"Arad\u0131\u011f\u0131n\u0131z\u0131 bulamad\u0131n\u0131z m\u0131? Sorun de\u011fil! Kendini i\u015fine adam\u0131\u015f uzmanlardan olu\u015fan ekibimize her zaman e-posta yoluyla ula\u015fabilirsiniz.","breadcrumb":{"@id":"https:\/\/clemta.com\/tr\/bize-ulasin\/#breadcrumb"},"inLanguage":"tr","potentialAction":[{"@type":"ReadAction","target":["https:\/\/clemta.com\/tr\/bize-ulasin\/"]}]},{"@type":"ImageObject","inLanguage":"tr","@id":"https:\/\/clemta.com\/tr\/bize-ulasin\/#primaryimage","url":"https:\/\/clemta.com\/wp-content\/uploads\/2023\/12\/Contact-Us-1.png","contentUrl":"https:\/\/clemta.com\/wp-content\/uploads\/2023\/12\/Contact-Us-1.png"},{"@type":"BreadcrumbList","@id":"https:\/\/clemta.com\/tr\/bize-ulasin\/#breadcrumb","itemListElement":[{"@type":"ListItem","position":1,"name":"Home","item":"https:\/\/clemta.com\/tr\/"},{"@type":"ListItem","position":2,"name":"Bize Ula\u015f\u0131n"}]},{"@type":"WebSite","@id":"https:\/\/clemta.com\/tr\/#website","url":"https:\/\/clemta.com\/tr\/","name":"Clemta","description":"","publisher":{"@id":"https:\/\/clemta.com\/tr\/#organization"},"potentialAction":[{"@type":"SearchAction","target":{"@type":"EntryPoint","urlTemplate":"https:\/\/clemta.com\/tr\/?s={search_term_string}"},"query-input":{"@type":"PropertyValueSpecification","valueRequired":true,"valueName":"search_term_string"}}],"inLanguage":"tr"},{"@type":"Organization","@id":"https:\/\/clemta.com\/tr\/#organization","name":"Clemta","url":"https:\/\/clemta.com\/tr\/","logo":{"@type":"ImageObject","inLanguage":"tr","@id":"https:\/\/clemta.com\/tr\/#\/schema\/logo\/image\/","url":"https:\/\/clemta.com\/wp-content\/uploads\/2023\/03\/logo-clemta-com.png","contentUrl":"https:\/\/clemta.com\/wp-content\/uploads\/2023\/03\/logo-clemta-com.png","width":1920,"height":456,"caption":"Clemta"},"image":{"@id":"https:\/\/clemta.com\/tr\/#\/schema\/logo\/image\/"},"sameAs":["https:\/\/facebook.com\/clemtainc","https:\/\/x.com\/clemta_us","https:\/\/www.instagram.com\/clemta_us\/","https:\/\/www.linkedin.com\/company\/clemta-support"]}]}},"_links":{"self":[{"href":"https:\/\/clemta.com\/tr\/wp-json\/wp\/v2\/pages\/9509","targetHints":{"allow":["GET"]}}],"collection":[{"href":"https:\/\/clemta.com\/tr\/wp-json\/wp\/v2\/pages"}],"about":[{"href":"https:\/\/clemta.com\/tr\/wp-json\/wp\/v2\/types\/page"}],"author":[{"embeddable":true,"href":"https:\/\/clemta.com\/tr\/wp-json\/wp\/v2\/users\/2"}],"replies":[{"embeddable":true,"href":"https:\/\/clemta.com\/tr\/wp-json\/wp\/v2\/comments?post=9509"}],"version-history":[{"count":6,"href":"https:\/\/clemta.com\/tr\/wp-json\/wp\/v2\/pages\/9509\/revisions"}],"predecessor-version":[{"id":19858,"href":"https:\/\/clemta.com\/tr\/wp-json\/wp\/v2\/pages\/9509\/revisions\/19858"}],"wp:attachment":[{"href":"https:\/\/clemta.com\/tr\/wp-json\/wp\/v2\/media?parent=9509"}],"curies":[{"name":"wp","href":"https:\/\/api.w.org\/{rel}","templated":true}]}}