{"id":9530,"date":"2023-04-01T22:53:42","date_gmt":"2023-04-01T22:53:42","guid":{"rendered":"https:\/\/clemta.com\/basari-hikayeleri\/"},"modified":"2024-09-03T09:43:29","modified_gmt":"2024-09-03T09:43:29","slug":"basari-hikayeleri","status":"publish","type":"page","link":"https:\/\/clemta.com\/tr\/basari-hikayeleri\/","title":{"rendered":"Ba\u015far\u0131 Hikayeleri"},"content":{"rendered":"\t\t<div data-elementor-type=\"wp-page\" data-elementor-id=\"9530\" class=\"elementor elementor-9530 elementor-781\" data-elementor-post-type=\"page\">\n\t\t\t\t\t\t<section class=\"elementor-section elementor-top-section elementor-element elementor-element-4606c82 elementor-section-content-middle elementor-section-boxed elementor-section-height-default elementor-section-height-default\" data-id=\"4606c82\" data-element_type=\"section\" data-settings=\"{&quot;jet_parallax_layout_list&quot;:[],&quot;background_background&quot;:&quot;gradient&quot;}\">\n\t\t\t\t\t\t<div class=\"elementor-container elementor-column-gap-no\">\n\t\t\t\t\t<div class=\"elementor-column elementor-col-50 elementor-top-column elementor-element elementor-element-0db1386\" data-id=\"0db1386\" data-element_type=\"column\">\n\t\t\t<div class=\"elementor-widget-wrap elementor-element-populated\">\n\t\t\t\t\t\t<div class=\"elementor-element elementor-element-3932b4e elementor-widget elementor-widget-heading\" data-id=\"3932b4e\" data-element_type=\"widget\" data-widget_type=\"heading.default\">\n\t\t\t\t<div class=\"elementor-widget-container\">\n\t\t\t\t\t<span class=\"elementor-heading-title elementor-size-default\">Kaynaklar<\/span>\t\t\t\t<\/div>\n\t\t\t\t<\/div>\n\t\t\t\t<div class=\"elementor-element elementor-element-9a164b5 elementor-widget elementor-widget-heading\" data-id=\"9a164b5\" data-element_type=\"widget\" data-widget_type=\"heading.default\">\n\t\t\t\t<div class=\"elementor-widget-container\">\n\t\t\t\t\t<h1 class=\"elementor-heading-title elementor-size-default\">Ba\u015far\u0131 Hikayeleri<\/h1>\t\t\t\t<\/div>\n\t\t\t\t<\/div>\n\t\t\t\t<div class=\"elementor-element elementor-element-fcd158b elementor-widget elementor-widget-text-editor\" data-id=\"fcd158b\" data-element_type=\"widget\" data-widget_type=\"text-editor.default\">\n\t\t\t\t<div class=\"elementor-widget-container\">\n\t\t\t\t\t\t\t\t\t<p>M\u00fc\u015fterilerimizin ba\u015far\u0131 hikayelerini payla\u015f\u0131yoruz. En son sekt\u00f6r haberlerinden haberdar olmak, yararl\u0131 ipu\u00e7lar\u0131 ve i\u00e7g\u00f6r\u00fcler almak ve sahip olabilece\u011fimiz \u00f6zel teklifler veya promosyonlardan ilk siz haberdar olmak i\u00e7in b\u00fcltenimize kat\u0131l\u0131n.<\/p>\n\t\t\t\t\t\t\t\t<\/div>\n\t\t\t\t<\/div>\n\t\t\t\t<section class=\"elementor-section elementor-inner-section elementor-element elementor-element-eb014f1 elementor-section-boxed elementor-section-height-default elementor-section-height-default\" data-id=\"eb014f1\" data-element_type=\"section\" data-settings=\"{&quot;jet_parallax_layout_list&quot;:[]}\">\n\t\t\t\t\t\t<div class=\"elementor-container elementor-column-gap-default\">\n\t\t\t\t\t<div class=\"elementor-column elementor-col-100 elementor-inner-column elementor-element elementor-element-836f712\" data-id=\"836f712\" data-element_type=\"column\">\n\t\t\t<div class=\"elementor-widget-wrap\">\n\t\t\t\t\t\t\t<\/div>\n\t\t<\/div>\n\t\t\t\t\t<\/div>\n\t\t<\/section>\n\t\t\t\t\t<\/div>\n\t\t<\/div>\n\t\t\t\t<div class=\"elementor-column elementor-col-50 elementor-top-column elementor-element elementor-element-fff6ff9\" data-id=\"fff6ff9\" data-element_type=\"column\">\n\t\t\t<div class=\"elementor-widget-wrap elementor-element-populated\">\n\t\t\t\t\t\t<div class=\"elementor-element elementor-element-fe99136 elementor-widget elementor-widget-image\" data-id=\"fe99136\" data-element_type=\"widget\" data-widget_type=\"image.default\">\n\t\t\t\t<div class=\"elementor-widget-container\">\n\t\t\t\t\t\t\t\t\t\t\t\t\t\t\t<img fetchpriority=\"high\" decoding=\"async\" width=\"800\" height=\"800\" src=\"https:\/\/clemta.com\/wp-content\/uploads\/2023\/05\/success-stories-1024x1024.png\" class=\"attachment-large size-large wp-image-9562\" alt=\"\" srcset=\"https:\/\/clemta.com\/wp-content\/uploads\/2023\/05\/success-stories-1024x1024.png 1024w, https:\/\/clemta.com\/wp-content\/uploads\/2023\/05\/success-stories-300x300.png 300w, https:\/\/clemta.com\/wp-content\/uploads\/2023\/05\/success-stories-150x150.png 150w, https:\/\/clemta.com\/wp-content\/uploads\/2023\/05\/success-stories-768x768.png 768w, https:\/\/clemta.com\/wp-content\/uploads\/2023\/05\/success-stories.png 1080w\" sizes=\"(max-width: 800px) 100vw, 800px\" \/>\t\t\t\t\t\t\t\t\t\t\t\t\t\t\t<\/div>\n\t\t\t\t<\/div>\n\t\t\t\t\t<\/div>\n\t\t<\/div>\n\t\t\t\t\t<\/div>\n\t\t<\/section>\n\t\t\t\t<section class=\"elementor-section elementor-top-section elementor-element elementor-element-92d4407 elementor-section-boxed elementor-section-height-default elementor-section-height-default\" data-id=\"92d4407\" data-element_type=\"section\" data-settings=\"{&quot;jet_parallax_layout_list&quot;:[]}\">\n\t\t\t\t\t\t<div class=\"elementor-container elementor-column-gap-default\">\n\t\t\t\t\t<div class=\"elementor-column elementor-col-100 elementor-top-column elementor-element elementor-element-f596b91\" data-id=\"f596b91\" data-element_type=\"column\">\n\t\t\t<div class=\"elementor-widget-wrap elementor-element-populated\">\n\t\t\t\t\t\t<div class=\"elementor-element elementor-element-434e28d elementor-grid-4 elementor-grid-tablet-2 elementor-grid-mobile-1 elementor-widget elementor-widget-loop-grid\" data-id=\"434e28d\" data-element_type=\"widget\" data-settings=\"{&quot;template_id&quot;:785,&quot;pagination_type&quot;:&quot;load_more_infinite_scroll&quot;,&quot;row_gap&quot;:{&quot;unit&quot;:&quot;px&quot;,&quot;size&quot;:30,&quot;sizes&quot;:[]},&quot;columns&quot;:4,&quot;_skin&quot;:&quot;post&quot;,&quot;columns_tablet&quot;:&quot;2&quot;,&quot;columns_mobile&quot;:&quot;1&quot;,&quot;edit_handle_selector&quot;:&quot;[data-elementor-type=\\&quot;loop-item\\&quot;]&quot;,&quot;load_more_spinner&quot;:{&quot;value&quot;:&quot;fas fa-spinner&quot;,&quot;library&quot;:&quot;fa-solid&quot;},&quot;row_gap_widescreen&quot;:{&quot;unit&quot;:&quot;px&quot;,&quot;size&quot;:&quot;&quot;,&quot;sizes&quot;:[]},&quot;row_gap_laptop&quot;:{&quot;unit&quot;:&quot;px&quot;,&quot;size&quot;:&quot;&quot;,&quot;sizes&quot;:[]},&quot;row_gap_tablet&quot;:{&quot;unit&quot;:&quot;px&quot;,&quot;size&quot;:&quot;&quot;,&quot;sizes&quot;:[]},&quot;row_gap_mobile&quot;:{&quot;unit&quot;:&quot;px&quot;,&quot;size&quot;:&quot;&quot;,&quot;sizes&quot;:[]}}\" data-widget_type=\"loop-grid.post\">\n\t\t\t\t<div class=\"elementor-widget-container\">\n\t\t\t\t\t\t\t<div class=\"e-loop-nothing-found-message\">\n\t\t<\/div>\n\t\t\t\t\t\t<\/div>\n\t\t\t\t<\/div>\n\t\t\t\t\t<\/div>\n\t\t<\/div>\n\t\t\t\t\t<\/div>\n\t\t<\/section>\n\t\t\t\t<section class=\"elementor-section elementor-top-section elementor-element elementor-element-65b2754 elementor-section-boxed elementor-section-height-default elementor-section-height-default\" data-id=\"65b2754\" data-element_type=\"section\" data-settings=\"{&quot;jet_parallax_layout_list&quot;:[]}\">\n\t\t\t\t\t\t<div class=\"elementor-container elementor-column-gap-default\">\n\t\t\t\t\t<div class=\"elementor-column elementor-col-100 elementor-top-column elementor-element elementor-element-763808d\" data-id=\"763808d\" data-element_type=\"column\" data-settings=\"{&quot;background_background&quot;:&quot;classic&quot;}\">\n\t\t\t<div class=\"elementor-widget-wrap elementor-element-populated\">\n\t\t\t\t\t\t<section class=\"elementor-section elementor-inner-section elementor-element elementor-element-1e5bc41 elementor-section-boxed elementor-section-height-default elementor-section-height-default\" data-id=\"1e5bc41\" data-element_type=\"section\" data-settings=\"{&quot;jet_parallax_layout_list&quot;:[]}\">\n\t\t\t\t\t\t<div class=\"elementor-container elementor-column-gap-default\">\n\t\t\t\t\t<div class=\"elementor-column elementor-col-100 elementor-inner-column elementor-element elementor-element-5f96346\" data-id=\"5f96346\" data-element_type=\"column\">\n\t\t\t<div class=\"elementor-widget-wrap elementor-element-populated\">\n\t\t\t\t\t\t<div class=\"elementor-element elementor-element-8c52cb9 elementor-widget elementor-widget-heading\" data-id=\"8c52cb9\" data-element_type=\"widget\" data-widget_type=\"heading.default\">\n\t\t\t\t<div class=\"elementor-widget-container\">\n\t\t\t\t\t<span class=\"elementor-heading-title elementor-size-default\">Clemta'ya Kat\u0131l\u0131n<\/span>\t\t\t\t<\/div>\n\t\t\t\t<\/div>\n\t\t\t\t<div class=\"elementor-element elementor-element-006415a elementor-widget elementor-widget-heading\" data-id=\"006415a\" data-element_type=\"widget\" data-widget_type=\"heading.default\">\n\t\t\t\t<div class=\"elementor-widget-container\">\n\t\t\t\t\t<h2 class=\"elementor-heading-title elementor-size-default\">Yolculu\u011funuza Clemta ile Ba\u015flay\u0131n<\/h2>\t\t\t\t<\/div>\n\t\t\t\t<\/div>\n\t\t\t\t<div class=\"elementor-element elementor-element-66cb4bd elementor-widget elementor-widget-text-editor\" data-id=\"66cb4bd\" data-element_type=\"widget\" data-widget_type=\"text-editor.default\">\n\t\t\t\t<div class=\"elementor-widget-container\">\n\t\t\t\t\t\t\t\t\t<p>Ger\u00e7ek Hikayeler, Ger\u00e7ek Ba\u015far\u0131. ABD&#8217;deki i\u015finizi tek bir platformda kurmak ve b\u00fcy\u00fctmek i\u00e7in bug\u00fcn ekibimize kat\u0131l\u0131n.<\/p>\n\t\t\t\t\t\t\t\t<\/div>\n\t\t\t\t<\/div>\n\t\t\t\t<div class=\"elementor-element elementor-element-5c93172 elementor-align-justify elementor-widget elementor-widget-button\" data-id=\"5c93172\" data-element_type=\"widget\" data-widget_type=\"button.default\">\n\t\t\t\t<div class=\"elementor-widget-container\">\n\t\t\t\t\t\t\t\t\t<div class=\"elementor-button-wrapper\">\n\t\t\t\t\t<a class=\"elementor-button elementor-button-link elementor-size-xl\" href=\"https:\/\/app.clemta.com\/\">\n\t\t\t\t\t\t<span class=\"elementor-button-content-wrapper\">\n\t\t\t\t\t\t\t\t\t<span class=\"elementor-button-text\">Ba\u015flay\u0131n<\/span>\n\t\t\t\t\t<\/span>\n\t\t\t\t\t<\/a>\n\t\t\t\t<\/div>\n\t\t\t\t\t\t\t\t<\/div>\n\t\t\t\t<\/div>\n\t\t\t\t\t<\/div>\n\t\t<\/div>\n\t\t\t\t\t<\/div>\n\t\t<\/section>\n\t\t\t\t\t<\/div>\n\t\t<\/div>\n\t\t\t\t\t<\/div>\n\t\t<\/section>\n\t\t\t\t<\/div>\n\t\t","protected":false},"excerpt":{"rendered":"<p>Kaynaklar Ba\u015far\u0131 Hikayeleri M\u00fc\u015fterilerimizin ba\u015far\u0131 hikayelerini payla\u015f\u0131yoruz. En son sekt\u00f6r haberlerinden haberdar olmak, yararl\u0131 ipu\u00e7lar\u0131 ve i\u00e7g\u00f6r\u00fcler almak ve sahip olabilece\u011fimiz \u00f6zel teklifler veya promosyonlardan ilk siz haberdar olmak i\u00e7in b\u00fcltenimize kat\u0131l\u0131n. Clemta&#8217;ya Kat\u0131l\u0131n Yolculu\u011funuza Clemta ile Ba\u015flay\u0131n Ger\u00e7ek Hikayeler, Ger\u00e7ek Ba\u015far\u0131. ABD&#8217;deki i\u015finizi tek bir platformda kurmak ve b\u00fcy\u00fctmek i\u00e7in bug\u00fcn ekibimize kat\u0131l\u0131n. Ba\u015flay\u0131n<\/p>\n","protected":false},"author":2,"featured_media":0,"parent":0,"menu_order":0,"comment_status":"closed","ping_status":"closed","template":"","meta":{"footnotes":""},"class_list":["post-9530","page","type-page","status-publish","hentry"],"yoast_head":"<!-- This site is optimized with the Yoast SEO plugin v25.9 - https:\/\/yoast.com\/wordpress\/plugins\/seo\/ -->\n<title>Ba\u015far\u0131 Hikayeleri - Clemta<\/title>\n<meta name=\"description\" content=\"Ba\u015far\u0131 Hikayeleri: Giri\u015fimcilerin Clemta ile hedeflerine nas\u0131l ula\u015ft\u0131klar\u0131n\u0131 ke\u015ffedin, hayallerinizi ba\u015far\u0131l\u0131 ger\u00e7eklere d\u00f6n\u00fc\u015ft\u00fcrmeniz i\u00e7in sizi g\u00fc\u00e7lendirin.\" \/>\n<meta name=\"robots\" content=\"index, follow, max-snippet:-1, max-image-preview:large, max-video-preview:-1\" \/>\n<link rel=\"canonical\" href=\"https:\/\/clemta.com\/tr\/basari-hikayeleri\/\" \/>\n<meta property=\"og:locale\" content=\"tr_TR\" \/>\n<meta property=\"og:type\" content=\"article\" \/>\n<meta property=\"og:title\" content=\"Ba\u015far\u0131 Hikayeleri - Clemta\" \/>\n<meta property=\"og:description\" content=\"Ba\u015far\u0131 Hikayeleri: Giri\u015fimcilerin Clemta ile hedeflerine nas\u0131l ula\u015ft\u0131klar\u0131n\u0131 ke\u015ffedin, hayallerinizi ba\u015far\u0131l\u0131 ger\u00e7eklere d\u00f6n\u00fc\u015ft\u00fcrmeniz i\u00e7in sizi g\u00fc\u00e7lendirin.\" \/>\n<meta property=\"og:url\" content=\"https:\/\/clemta.com\/tr\/basari-hikayeleri\/\" \/>\n<meta property=\"og:site_name\" content=\"Clemta\" \/>\n<meta property=\"article:publisher\" content=\"https:\/\/facebook.com\/clemtainc\" \/>\n<meta property=\"article:modified_time\" content=\"2024-09-03T09:43:29+00:00\" \/>\n<meta property=\"og:image\" content=\"https:\/\/i0.wp.com\/clemta.com\/wp-content\/uploads\/2023\/05\/success-stories.png?fit=800%2C800&amp;ssl=1\" \/>\n<meta name=\"twitter:card\" content=\"summary_large_image\" \/>\n<meta name=\"twitter:site\" content=\"@clemta_us\" \/>\n<meta name=\"twitter:label1\" content=\"Tahmini okuma s\u00fcresi\" \/>\n\t<meta name=\"twitter:data1\" content=\"1 dakika\" \/>\n<script type=\"application\/ld+json\" class=\"yoast-schema-graph\">{\"@context\":\"https:\/\/schema.org\",\"@graph\":[{\"@type\":\"WebPage\",\"@id\":\"https:\/\/clemta.com\/tr\/basari-hikayeleri\/\",\"url\":\"https:\/\/clemta.com\/tr\/basari-hikayeleri\/\",\"name\":\"Ba\u015far\u0131 Hikayeleri - Clemta\",\"isPartOf\":{\"@id\":\"https:\/\/clemta.com\/tr\/#website\"},\"primaryImageOfPage\":{\"@id\":\"https:\/\/clemta.com\/tr\/basari-hikayeleri\/#primaryimage\"},\"image\":{\"@id\":\"https:\/\/clemta.com\/tr\/basari-hikayeleri\/#primaryimage\"},\"thumbnailUrl\":\"https:\/\/i0.wp.com\/clemta.com\/wp-content\/uploads\/2023\/05\/success-stories.png?fit=800%2C800&amp;ssl=1\",\"datePublished\":\"2023-04-01T22:53:42+00:00\",\"dateModified\":\"2024-09-03T09:43:29+00:00\",\"description\":\"Ba\u015far\u0131 Hikayeleri: Giri\u015fimcilerin Clemta ile hedeflerine nas\u0131l ula\u015ft\u0131klar\u0131n\u0131 ke\u015ffedin, hayallerinizi ba\u015far\u0131l\u0131 ger\u00e7eklere d\u00f6n\u00fc\u015ft\u00fcrmeniz i\u00e7in sizi g\u00fc\u00e7lendirin.\",\"breadcrumb\":{\"@id\":\"https:\/\/clemta.com\/tr\/basari-hikayeleri\/#breadcrumb\"},\"inLanguage\":\"tr\",\"potentialAction\":[{\"@type\":\"ReadAction\",\"target\":[\"https:\/\/clemta.com\/tr\/basari-hikayeleri\/\"]}]},{\"@type\":\"ImageObject\",\"inLanguage\":\"tr\",\"@id\":\"https:\/\/clemta.com\/tr\/basari-hikayeleri\/#primaryimage\",\"url\":\"https:\/\/i0.wp.com\/clemta.com\/wp-content\/uploads\/2023\/05\/success-stories.png?fit=800%2C800&amp;ssl=1\",\"contentUrl\":\"https:\/\/i0.wp.com\/clemta.com\/wp-content\/uploads\/2023\/05\/success-stories.png?fit=800%2C800&amp;ssl=1\"},{\"@type\":\"BreadcrumbList\",\"@id\":\"https:\/\/clemta.com\/tr\/basari-hikayeleri\/#breadcrumb\",\"itemListElement\":[{\"@type\":\"ListItem\",\"position\":1,\"name\":\"Home\",\"item\":\"https:\/\/clemta.com\/tr\/\"},{\"@type\":\"ListItem\",\"position\":2,\"name\":\"Ba\u015far\u0131 Hikayeleri\"}]},{\"@type\":\"WebSite\",\"@id\":\"https:\/\/clemta.com\/tr\/#website\",\"url\":\"https:\/\/clemta.com\/tr\/\",\"name\":\"Clemta\",\"description\":\"\",\"publisher\":{\"@id\":\"https:\/\/clemta.com\/tr\/#organization\"},\"potentialAction\":[{\"@type\":\"SearchAction\",\"target\":{\"@type\":\"EntryPoint\",\"urlTemplate\":\"https:\/\/clemta.com\/tr\/?s={search_term_string}\"},\"query-input\":{\"@type\":\"PropertyValueSpecification\",\"valueRequired\":true,\"valueName\":\"search_term_string\"}}],\"inLanguage\":\"tr\"},{\"@type\":\"Organization\",\"@id\":\"https:\/\/clemta.com\/tr\/#organization\",\"name\":\"Clemta\",\"url\":\"https:\/\/clemta.com\/tr\/\",\"logo\":{\"@type\":\"ImageObject\",\"inLanguage\":\"tr\",\"@id\":\"https:\/\/clemta.com\/tr\/#\/schema\/logo\/image\/\",\"url\":\"https:\/\/clemta.com\/wp-content\/uploads\/2023\/03\/logo-clemta-com.png\",\"contentUrl\":\"https:\/\/clemta.com\/wp-content\/uploads\/2023\/03\/logo-clemta-com.png\",\"width\":1920,\"height\":456,\"caption\":\"Clemta\"},\"image\":{\"@id\":\"https:\/\/clemta.com\/tr\/#\/schema\/logo\/image\/\"},\"sameAs\":[\"https:\/\/facebook.com\/clemtainc\",\"https:\/\/x.com\/clemta_us\",\"https:\/\/www.instagram.com\/clemta_us\/\",\"https:\/\/www.linkedin.com\/company\/clemta-support\"]}]}<\/script>\n<!-- \/ Yoast SEO plugin. -->","yoast_head_json":{"title":"Ba\u015far\u0131 Hikayeleri - Clemta","description":"Ba\u015far\u0131 Hikayeleri: Giri\u015fimcilerin Clemta ile hedeflerine nas\u0131l ula\u015ft\u0131klar\u0131n\u0131 ke\u015ffedin, hayallerinizi ba\u015far\u0131l\u0131 ger\u00e7eklere d\u00f6n\u00fc\u015ft\u00fcrmeniz i\u00e7in sizi g\u00fc\u00e7lendirin.","robots":{"index":"index","follow":"follow","max-snippet":"max-snippet:-1","max-image-preview":"max-image-preview:large","max-video-preview":"max-video-preview:-1"},"canonical":"https:\/\/clemta.com\/tr\/basari-hikayeleri\/","og_locale":"tr_TR","og_type":"article","og_title":"Ba\u015far\u0131 Hikayeleri - Clemta","og_description":"Ba\u015far\u0131 Hikayeleri: Giri\u015fimcilerin Clemta ile hedeflerine nas\u0131l ula\u015ft\u0131klar\u0131n\u0131 ke\u015ffedin, hayallerinizi ba\u015far\u0131l\u0131 ger\u00e7eklere d\u00f6n\u00fc\u015ft\u00fcrmeniz i\u00e7in sizi g\u00fc\u00e7lendirin.","og_url":"https:\/\/clemta.com\/tr\/basari-hikayeleri\/","og_site_name":"Clemta","article_publisher":"https:\/\/facebook.com\/clemtainc","article_modified_time":"2024-09-03T09:43:29+00:00","og_image":[{"url":"https:\/\/i0.wp.com\/clemta.com\/wp-content\/uploads\/2023\/05\/success-stories.png?fit=800%2C800&amp;ssl=1","type":"","width":"","height":""}],"twitter_card":"summary_large_image","twitter_site":"@clemta_us","twitter_misc":{"Tahmini okuma s\u00fcresi":"1 dakika"},"schema":{"@context":"https:\/\/schema.org","@graph":[{"@type":"WebPage","@id":"https:\/\/clemta.com\/tr\/basari-hikayeleri\/","url":"https:\/\/clemta.com\/tr\/basari-hikayeleri\/","name":"Ba\u015far\u0131 Hikayeleri - Clemta","isPartOf":{"@id":"https:\/\/clemta.com\/tr\/#website"},"primaryImageOfPage":{"@id":"https:\/\/clemta.com\/tr\/basari-hikayeleri\/#primaryimage"},"image":{"@id":"https:\/\/clemta.com\/tr\/basari-hikayeleri\/#primaryimage"},"thumbnailUrl":"https:\/\/i0.wp.com\/clemta.com\/wp-content\/uploads\/2023\/05\/success-stories.png?fit=800%2C800&amp;ssl=1","datePublished":"2023-04-01T22:53:42+00:00","dateModified":"2024-09-03T09:43:29+00:00","description":"Ba\u015far\u0131 Hikayeleri: Giri\u015fimcilerin Clemta ile hedeflerine nas\u0131l ula\u015ft\u0131klar\u0131n\u0131 ke\u015ffedin, hayallerinizi ba\u015far\u0131l\u0131 ger\u00e7eklere d\u00f6n\u00fc\u015ft\u00fcrmeniz i\u00e7in sizi g\u00fc\u00e7lendirin.","breadcrumb":{"@id":"https:\/\/clemta.com\/tr\/basari-hikayeleri\/#breadcrumb"},"inLanguage":"tr","potentialAction":[{"@type":"ReadAction","target":["https:\/\/clemta.com\/tr\/basari-hikayeleri\/"]}]},{"@type":"ImageObject","inLanguage":"tr","@id":"https:\/\/clemta.com\/tr\/basari-hikayeleri\/#primaryimage","url":"https:\/\/i0.wp.com\/clemta.com\/wp-content\/uploads\/2023\/05\/success-stories.png?fit=800%2C800&amp;ssl=1","contentUrl":"https:\/\/i0.wp.com\/clemta.com\/wp-content\/uploads\/2023\/05\/success-stories.png?fit=800%2C800&amp;ssl=1"},{"@type":"BreadcrumbList","@id":"https:\/\/clemta.com\/tr\/basari-hikayeleri\/#breadcrumb","itemListElement":[{"@type":"ListItem","position":1,"name":"Home","item":"https:\/\/clemta.com\/tr\/"},{"@type":"ListItem","position":2,"name":"Ba\u015far\u0131 Hikayeleri"}]},{"@type":"WebSite","@id":"https:\/\/clemta.com\/tr\/#website","url":"https:\/\/clemta.com\/tr\/","name":"Clemta","description":"","publisher":{"@id":"https:\/\/clemta.com\/tr\/#organization"},"potentialAction":[{"@type":"SearchAction","target":{"@type":"EntryPoint","urlTemplate":"https:\/\/clemta.com\/tr\/?s={search_term_string}"},"query-input":{"@type":"PropertyValueSpecification","valueRequired":true,"valueName":"search_term_string"}}],"inLanguage":"tr"},{"@type":"Organization","@id":"https:\/\/clemta.com\/tr\/#organization","name":"Clemta","url":"https:\/\/clemta.com\/tr\/","logo":{"@type":"ImageObject","inLanguage":"tr","@id":"https:\/\/clemta.com\/tr\/#\/schema\/logo\/image\/","url":"https:\/\/clemta.com\/wp-content\/uploads\/2023\/03\/logo-clemta-com.png","contentUrl":"https:\/\/clemta.com\/wp-content\/uploads\/2023\/03\/logo-clemta-com.png","width":1920,"height":456,"caption":"Clemta"},"image":{"@id":"https:\/\/clemta.com\/tr\/#\/schema\/logo\/image\/"},"sameAs":["https:\/\/facebook.com\/clemtainc","https:\/\/x.com\/clemta_us","https:\/\/www.instagram.com\/clemta_us\/","https:\/\/www.linkedin.com\/company\/clemta-support"]}]}},"_links":{"self":[{"href":"https:\/\/clemta.com\/tr\/wp-json\/wp\/v2\/pages\/9530","targetHints":{"allow":["GET"]}}],"collection":[{"href":"https:\/\/clemta.com\/tr\/wp-json\/wp\/v2\/pages"}],"about":[{"href":"https:\/\/clemta.com\/tr\/wp-json\/wp\/v2\/types\/page"}],"author":[{"embeddable":true,"href":"https:\/\/clemta.com\/tr\/wp-json\/wp\/v2\/users\/2"}],"replies":[{"embeddable":true,"href":"https:\/\/clemta.com\/tr\/wp-json\/wp\/v2\/comments?post=9530"}],"version-history":[{"count":0,"href":"https:\/\/clemta.com\/tr\/wp-json\/wp\/v2\/pages\/9530\/revisions"}],"wp:attachment":[{"href":"https:\/\/clemta.com\/tr\/wp-json\/wp\/v2\/media?parent=9530"}],"curies":[{"name":"wp","href":"https:\/\/api.w.org\/{rel}","templated":true}]}}